{"id":1100,"date":"2021-07-12T10:39:30","date_gmt":"2021-07-12T09:39:30","guid":{"rendered":"https:\/\/www.chateaulaujac.com\/whisky-nelcius\/"},"modified":"2021-07-12T10:39:30","modified_gmt":"2021-07-12T09:39:30","slug":"whisky-nelcius","status":"publish","type":"page","link":"https:\/\/www.chateaulaujac.com\/de\/whisky-nelcius\/","title":{"rendered":"Whisky NELCIUS"},"content":{"rendered":"<div class=\"container_txt\" >\n<p><span class=\"color-laujac\">Histoire:<\/span> Depuis plus d\u2019un si\u00e8cle, la famille de Ren\u00e9-Philippe DUBOSCQ est install\u00e9e sur les terres m\u00e9docaines pour l\u2019\u00e9levage du vin et des chevaux.<\/p>\n<p>Il perp\u00e9tue cette tradition de producteur \u00e9leveur au Ch\u00e2teau Laujac, en \u00e9tant vigneron.<\/p>\n<p>Le Whisky Nelcius est un produit exclusivement fran\u00e7ais. L\u2019orge est cultiv\u00e9e, malt\u00e9e et distill\u00e9e en France. Le whisky est ensuite affin\u00e9 dans les barriques de vins du ch\u00e2teau.<\/p>\n<p>A travers sa passion pour les vins et les whisky, Ren\u00e9-Philippe DUBOSCQ rend hommage au cheval de son p\u00e8re qui remporta en 1966 le Prix du Jockey Club.<\/p>\n<\/div>\n<div class=\"container_txt\">\n<p><span class=\"color-laujac\">Fiches Techniques:<\/span><\/p>\n<\/div>\n<div class=\"container_btn\">\n\t<a class=\"btn-savoir-plus\" target=\"_blank\" href=\"https:\/\/www.chateaulaujac.com\/wp-content\/uploads\/2021\/07\/NELCIUS-Wishky-de-France-Cabernet-Sauvignon.pdf\" title=\"NELCIUS Cabernet Sauvignon\" rel=\"noopener\">NELCIUS Cabernet Sauvignon<\/a>\n<\/div>\n<div class=\"container_btn\">\n\t<a class=\"btn-savoir-plus\" target=\"_blank\" href=\"https:\/\/www.chateaulaujac.com\/wp-content\/uploads\/2021\/07\/NELCIUS-Wishky-de-France-Merlot.pdf\" title=\"NELCIUS Merlot\" rel=\"noopener\">NELCIUS Merlot<\/a>\n<\/div>\n<div class=\"container_btn\">\n\t<a class=\"btn-savoir-plus\" target=\"_blank\" href=\"https:\/\/www.chateaulaujac.com\/wp-content\/uploads\/2021\/07\/NELCIUS-Wishky-de-France-Petit-Verdot.pdf\" title=\"NELCIUS Petit Verdot\" rel=\"noopener\">NELCIUS Petit Verdot<\/a>\n<\/div>\n<div class=\"container_btn\">\n\t<a class=\"btn-savoir-plus\" target=\"_blank\" href=\"https:\/\/www.chateaulaujac.com\/wp-content\/uploads\/2021\/07\/NELCIUS-Wishky-de-France-Premium.pdf\" title=\"NELCIUS Premium\" rel=\"noopener\">NELCIUS Premium<\/a>\n<\/div>\n<div class=\"mention\">\n<p>L&#8217;abus d&#8217;alcool est dangereux pour la sant\u00e9, \u00e0 consommer avec mod\u00e9ration.<\/p>\n<\/div>\n","protected":false},"excerpt":{"rendered":"<p>Histoire: Depuis plus d\u2019un si\u00e8cle, la famille de Ren\u00e9-Philippe DUBOSCQ est install\u00e9e sur les terres m\u00e9docaines pour l\u2019\u00e9levage du vin et des chevaux. Il perp\u00e9tue cette tradition de producteur \u00e9leveur au Ch\u00e2teau Laujac, en \u00e9tant vigneron. Le Whisky Nelcius est un produit exclusivement fran\u00e7ais. L\u2019orge est cultiv\u00e9e, malt\u00e9e et distill\u00e9e en France. Le whisky est [&hellip;]<\/p>\n","protected":false},"author":2,"featured_media":675,"parent":0,"menu_order":0,"comment_status":"closed","ping_status":"closed","template":"template-fullwidth.php","meta":{"_monsterinsights_skip_tracking":false,"_monsterinsights_sitenote_active":false,"_monsterinsights_sitenote_note":"","_monsterinsights_sitenote_category":0,"footnotes":""},"class_list":["post-1100","page","type-page","status-publish","has-post-thumbnail","hentry"],"yoast_head":"<!-- This site is optimized with the Yoast SEO plugin v27.4 - https:\/\/yoast.com\/product\/yoast-seo-wordpress\/ -->\n<title>Whisky NELCIUS<\/title>\n<meta name=\"description\" content=\"Le Whisky Nelcius est un produit exclusivement fran\u00e7ais. L\u2019orge est cultiv\u00e9e, malt\u00e9e et distill\u00e9e en France.\" \/>\n<meta name=\"robots\" content=\"index, follow, max-snippet:-1, max-image-preview:large, max-video-preview:-1\" \/>\n<link rel=\"canonical\" href=\"https:\/\/www.chateaulaujac.com\/de\/whisky-nelcius\/\" \/>\n<meta property=\"og:locale\" content=\"de_DE\" \/>\n<meta property=\"og:type\" content=\"article\" \/>\n<meta property=\"og:title\" content=\"Whisky NELCIUS\" \/>\n<meta property=\"og:description\" content=\"Le Whisky Nelcius est un produit exclusivement fran\u00e7ais. L\u2019orge est cultiv\u00e9e, malt\u00e9e et distill\u00e9e en France.\" \/>\n<meta property=\"og:url\" content=\"https:\/\/www.chateaulaujac.com\/de\/whisky-nelcius\/\" \/>\n<meta property=\"og:site_name\" content=\"Vin du M\u00e9doc\" \/>\n<meta property=\"article:publisher\" content=\"https:\/\/www.facebook.com\/domaineslaujac\" \/>\n<meta property=\"og:image\" content=\"https:\/\/www.chateaulaujac.com\/wp-content\/uploads\/2016\/03\/les-cruse-a-laujac-depuis-1852.jpg\" \/>\n\t<meta property=\"og:image:width\" content=\"1980\" \/>\n\t<meta property=\"og:image:height\" content=\"1320\" \/>\n\t<meta property=\"og:image:type\" content=\"image\/jpeg\" \/>\n<meta name=\"twitter:card\" content=\"summary_large_image\" \/>\n<meta name=\"twitter:label1\" content=\"Gesch\u00e4tzte Lesezeit\" \/>\n\t<meta name=\"twitter:data1\" content=\"1\u00a0Minute\" \/>\n<script type=\"application\/ld+json\" class=\"yoast-schema-graph\">{\"@context\":\"https:\\\/\\\/schema.org\",\"@graph\":[{\"@type\":\"WebPage\",\"@id\":\"https:\\\/\\\/www.chateaulaujac.com\\\/de\\\/whisky-nelcius\\\/\",\"url\":\"https:\\\/\\\/www.chateaulaujac.com\\\/de\\\/whisky-nelcius\\\/\",\"name\":\"Whisky NELCIUS\",\"isPartOf\":{\"@id\":\"https:\\\/\\\/www.chateaulaujac.com\\\/#website\"},\"primaryImageOfPage\":{\"@id\":\"https:\\\/\\\/www.chateaulaujac.com\\\/de\\\/whisky-nelcius\\\/#primaryimage\"},\"image\":{\"@id\":\"https:\\\/\\\/www.chateaulaujac.com\\\/de\\\/whisky-nelcius\\\/#primaryimage\"},\"thumbnailUrl\":\"https:\\\/\\\/www.chateaulaujac.com\\\/wp-content\\\/uploads\\\/2016\\\/03\\\/les-cruse-a-laujac-depuis-1852.jpg\",\"datePublished\":\"2021-07-12T09:39:30+00:00\",\"description\":\"Le Whisky Nelcius est un produit exclusivement fran\u00e7ais. L\u2019orge est cultiv\u00e9e, malt\u00e9e et distill\u00e9e en France.\",\"breadcrumb\":{\"@id\":\"https:\\\/\\\/www.chateaulaujac.com\\\/de\\\/whisky-nelcius\\\/#breadcrumb\"},\"inLanguage\":\"de\",\"potentialAction\":[{\"@type\":\"ReadAction\",\"target\":[\"https:\\\/\\\/www.chateaulaujac.com\\\/de\\\/whisky-nelcius\\\/\"]}]},{\"@type\":\"ImageObject\",\"inLanguage\":\"de\",\"@id\":\"https:\\\/\\\/www.chateaulaujac.com\\\/de\\\/whisky-nelcius\\\/#primaryimage\",\"url\":\"https:\\\/\\\/www.chateaulaujac.com\\\/wp-content\\\/uploads\\\/2016\\\/03\\\/les-cruse-a-laujac-depuis-1852.jpg\",\"contentUrl\":\"https:\\\/\\\/www.chateaulaujac.com\\\/wp-content\\\/uploads\\\/2016\\\/03\\\/les-cruse-a-laujac-depuis-1852.jpg\",\"width\":1980,\"height\":1320},{\"@type\":\"BreadcrumbList\",\"@id\":\"https:\\\/\\\/www.chateaulaujac.com\\\/de\\\/whisky-nelcius\\\/#breadcrumb\",\"itemListElement\":[{\"@type\":\"ListItem\",\"position\":1,\"name\":\"Accueil\",\"item\":\"https:\\\/\\\/www.chateaulaujac.com\\\/de\\\/\"},{\"@type\":\"ListItem\",\"position\":2,\"name\":\"Whisky NELCIUS\"}]},{\"@type\":\"WebSite\",\"@id\":\"https:\\\/\\\/www.chateaulaujac.com\\\/#website\",\"url\":\"https:\\\/\\\/www.chateaulaujac.com\\\/\",\"name\":\"Vin du M\u00e9doc\",\"description\":\"Le vaste domaine de\u00a0Laujac, au c\u0153ur du M\u00e9doc, s&#039;\u00e9tend sur une superficie totale de 400 hectares dont 75 hectares de vigne.\",\"publisher\":{\"@id\":\"https:\\\/\\\/www.chateaulaujac.com\\\/#organization\"},\"potentialAction\":[{\"@type\":\"SearchAction\",\"target\":{\"@type\":\"EntryPoint\",\"urlTemplate\":\"https:\\\/\\\/www.chateaulaujac.com\\\/?s={search_term_string}\"},\"query-input\":{\"@type\":\"PropertyValueSpecification\",\"valueRequired\":true,\"valueName\":\"search_term_string\"}}],\"inLanguage\":\"de\"},{\"@type\":\"Organization\",\"@id\":\"https:\\\/\\\/www.chateaulaujac.com\\\/#organization\",\"name\":\"SCEA CHATEAU LAUJAC\",\"url\":\"https:\\\/\\\/www.chateaulaujac.com\\\/\",\"logo\":{\"@type\":\"ImageObject\",\"inLanguage\":\"de\",\"@id\":\"https:\\\/\\\/www.chateaulaujac.com\\\/#\\\/schema\\\/logo\\\/image\\\/\",\"url\":\"https:\\\/\\\/www.chateaulaujac.com\\\/wp-content\\\/uploads\\\/2018\\\/01\\\/logo-chateau-laujac.png\",\"contentUrl\":\"https:\\\/\\\/www.chateaulaujac.com\\\/wp-content\\\/uploads\\\/2018\\\/01\\\/logo-chateau-laujac.png\",\"width\":400,\"height\":400,\"caption\":\"SCEA CHATEAU LAUJAC\"},\"image\":{\"@id\":\"https:\\\/\\\/www.chateaulaujac.com\\\/#\\\/schema\\\/logo\\\/image\\\/\"},\"sameAs\":[\"https:\\\/\\\/www.facebook.com\\\/domaineslaujac\",\"https:\\\/\\\/www.instagram.com\\\/chateaulaujac\\\/\"]}]}<\/script>\n<!-- \/ Yoast SEO plugin. -->","yoast_head_json":{"title":"Whisky NELCIUS","description":"Le Whisky Nelcius est un produit exclusivement fran\u00e7ais. L\u2019orge est cultiv\u00e9e, malt\u00e9e et distill\u00e9e en France.","robots":{"index":"index","follow":"follow","max-snippet":"max-snippet:-1","max-image-preview":"max-image-preview:large","max-video-preview":"max-video-preview:-1"},"canonical":"https:\/\/www.chateaulaujac.com\/de\/whisky-nelcius\/","og_locale":"de_DE","og_type":"article","og_title":"Whisky NELCIUS","og_description":"Le Whisky Nelcius est un produit exclusivement fran\u00e7ais. L\u2019orge est cultiv\u00e9e, malt\u00e9e et distill\u00e9e en France.","og_url":"https:\/\/www.chateaulaujac.com\/de\/whisky-nelcius\/","og_site_name":"Vin du M\u00e9doc","article_publisher":"https:\/\/www.facebook.com\/domaineslaujac","og_image":[{"width":1980,"height":1320,"url":"https:\/\/www.chateaulaujac.com\/wp-content\/uploads\/2016\/03\/les-cruse-a-laujac-depuis-1852.jpg","type":"image\/jpeg"}],"twitter_card":"summary_large_image","twitter_misc":{"Gesch\u00e4tzte Lesezeit":"1\u00a0Minute"},"schema":{"@context":"https:\/\/schema.org","@graph":[{"@type":"WebPage","@id":"https:\/\/www.chateaulaujac.com\/de\/whisky-nelcius\/","url":"https:\/\/www.chateaulaujac.com\/de\/whisky-nelcius\/","name":"Whisky NELCIUS","isPartOf":{"@id":"https:\/\/www.chateaulaujac.com\/#website"},"primaryImageOfPage":{"@id":"https:\/\/www.chateaulaujac.com\/de\/whisky-nelcius\/#primaryimage"},"image":{"@id":"https:\/\/www.chateaulaujac.com\/de\/whisky-nelcius\/#primaryimage"},"thumbnailUrl":"https:\/\/www.chateaulaujac.com\/wp-content\/uploads\/2016\/03\/les-cruse-a-laujac-depuis-1852.jpg","datePublished":"2021-07-12T09:39:30+00:00","description":"Le Whisky Nelcius est un produit exclusivement fran\u00e7ais. L\u2019orge est cultiv\u00e9e, malt\u00e9e et distill\u00e9e en France.","breadcrumb":{"@id":"https:\/\/www.chateaulaujac.com\/de\/whisky-nelcius\/#breadcrumb"},"inLanguage":"de","potentialAction":[{"@type":"ReadAction","target":["https:\/\/www.chateaulaujac.com\/de\/whisky-nelcius\/"]}]},{"@type":"ImageObject","inLanguage":"de","@id":"https:\/\/www.chateaulaujac.com\/de\/whisky-nelcius\/#primaryimage","url":"https:\/\/www.chateaulaujac.com\/wp-content\/uploads\/2016\/03\/les-cruse-a-laujac-depuis-1852.jpg","contentUrl":"https:\/\/www.chateaulaujac.com\/wp-content\/uploads\/2016\/03\/les-cruse-a-laujac-depuis-1852.jpg","width":1980,"height":1320},{"@type":"BreadcrumbList","@id":"https:\/\/www.chateaulaujac.com\/de\/whisky-nelcius\/#breadcrumb","itemListElement":[{"@type":"ListItem","position":1,"name":"Accueil","item":"https:\/\/www.chateaulaujac.com\/de\/"},{"@type":"ListItem","position":2,"name":"Whisky NELCIUS"}]},{"@type":"WebSite","@id":"https:\/\/www.chateaulaujac.com\/#website","url":"https:\/\/www.chateaulaujac.com\/","name":"Vin du M\u00e9doc","description":"Le vaste domaine de\u00a0Laujac, au c\u0153ur du M\u00e9doc, s&#039;\u00e9tend sur une superficie totale de 400 hectares dont 75 hectares de vigne.","publisher":{"@id":"https:\/\/www.chateaulaujac.com\/#organization"},"potentialAction":[{"@type":"SearchAction","target":{"@type":"EntryPoint","urlTemplate":"https:\/\/www.chateaulaujac.com\/?s={search_term_string}"},"query-input":{"@type":"PropertyValueSpecification","valueRequired":true,"valueName":"search_term_string"}}],"inLanguage":"de"},{"@type":"Organization","@id":"https:\/\/www.chateaulaujac.com\/#organization","name":"SCEA CHATEAU LAUJAC","url":"https:\/\/www.chateaulaujac.com\/","logo":{"@type":"ImageObject","inLanguage":"de","@id":"https:\/\/www.chateaulaujac.com\/#\/schema\/logo\/image\/","url":"https:\/\/www.chateaulaujac.com\/wp-content\/uploads\/2018\/01\/logo-chateau-laujac.png","contentUrl":"https:\/\/www.chateaulaujac.com\/wp-content\/uploads\/2018\/01\/logo-chateau-laujac.png","width":400,"height":400,"caption":"SCEA CHATEAU LAUJAC"},"image":{"@id":"https:\/\/www.chateaulaujac.com\/#\/schema\/logo\/image\/"},"sameAs":["https:\/\/www.facebook.com\/domaineslaujac","https:\/\/www.instagram.com\/chateaulaujac\/"]}]}},"_links":{"self":[{"href":"https:\/\/www.chateaulaujac.com\/de\/wp-json\/wp\/v2\/pages\/1100","targetHints":{"allow":["GET"]}}],"collection":[{"href":"https:\/\/www.chateaulaujac.com\/de\/wp-json\/wp\/v2\/pages"}],"about":[{"href":"https:\/\/www.chateaulaujac.com\/de\/wp-json\/wp\/v2\/types\/page"}],"author":[{"embeddable":true,"href":"https:\/\/www.chateaulaujac.com\/de\/wp-json\/wp\/v2\/users\/2"}],"replies":[{"embeddable":true,"href":"https:\/\/www.chateaulaujac.com\/de\/wp-json\/wp\/v2\/comments?post=1100"}],"version-history":[{"count":0,"href":"https:\/\/www.chateaulaujac.com\/de\/wp-json\/wp\/v2\/pages\/1100\/revisions"}],"wp:featuredmedia":[{"embeddable":true,"href":"https:\/\/www.chateaulaujac.com\/de\/wp-json\/wp\/v2\/media\/675"}],"wp:attachment":[{"href":"https:\/\/www.chateaulaujac.com\/de\/wp-json\/wp\/v2\/media?parent=1100"}],"curies":[{"name":"wp","href":"https:\/\/api.w.org\/{rel}","templated":true}]}}