{"id":754,"date":"2016-05-19T10:16:08","date_gmt":"2016-05-19T09:16:08","guid":{"rendered":"http:\/\/www.chateaulaujac.com\/de\/?page_id=754"},"modified":"2026-04-23T08:02:08","modified_gmt":"2026-04-23T07:02:08","slug":"im-herzen-medoc","status":"publish","type":"page","link":"https:\/\/www.chateaulaujac.com\/de\/","title":{"rendered":"Im Herzen des M\u00e9doc"},"content":{"rendered":"<div class=\"video-chateau-laujac\"><iframe loading=\"lazy\" src=\"https:\/\/www.youtube-nocookie.com\/embed\/QkNwCXYDDJg?rel=0&amp;amp\" width=\"560\" height=\"200\" frameborder=\"0\" allowfullscreen=\"allowfullscreen\"><\/iframe><br \/>\n<iframe loading=\"lazy\" src=\"https:\/\/www.youtube-nocookie.com\/embed\/aK98HKl8Ees?rel=0&amp;amp\" width=\"560\" height=\"200\" frameborder=\"0\" allowfullscreen=\"allowfullscreen\"><\/iframe><\/div>\n<p>Das Weingut \u201eDomaines Laujac\u201c mit seinen ausgedehnten L\u00e4ndereien im Herzen des M\u00e9doc erstreckt sich \u00fcber insgesamt 500 Hektar, wovon 85 Hektar Rebfl\u00e4che ausmachen.<\/p>\n<p>Sie unterteilt sich in zwei Lagen, die 1932 als Grand Cru Bourgeois klassifiziert wurden: der Laujac-Weinberg auf einer sch\u00f6nen Flanke mit durchl\u00e4ssigem Kiesboden, der einen hervorragenden Wasserabzug gew\u00e4hrleistet, und Lafitte, wo die Reben nicht weit von dem Dorf B\u00e9gadan auf Lehm\/Kalk-B\u00f6den stehen.<\/p>\n<p>Dank der N\u00e4he zum M\u00fcndungstrichter der Gironde und zum Atlantischen Ozean hat sich hier ein Mikroklima entwickelt, das sich sehr g\u00fcnstig auf die Entwicklung der Rebst\u00f6cke und die Reifung der Weintrauben auswirkt.<\/p>\n<p>Am Fu\u00dfe der Weinberge erstrecken sich saftige, von Kan\u00e4len durchzogene Weiden, auf denen Limousin-Rinder und Selle-Fran\u00e7ais-Pferde aus der Zucht in Laujac friedlich grasen.<\/p>\n","protected":false},"excerpt":{"rendered":"<p>Das Weingut \u201eDomaines Laujac\u201c mit seinen ausgedehnten L\u00e4ndereien im Herzen des M\u00e9doc erstreckt sich \u00fcber insgesamt 500 Hektar, wovon 85 Hektar Rebfl\u00e4che ausmachen. Sie unterteilt sich in zwei Lagen, die 1932 als Grand Cru Bourgeois klassifiziert wurden: der Laujac-Weinberg auf einer sch\u00f6nen Flanke mit durchl\u00e4ssigem Kiesboden, der einen hervorragenden Wasserabzug gew\u00e4hrleistet, und Lafitte, wo die [&hellip;]<\/p>\n","protected":false},"author":4,"featured_media":0,"parent":0,"menu_order":0,"comment_status":"closed","ping_status":"closed","template":"template-fullwidth.php","meta":{"_monsterinsights_skip_tracking":false,"_monsterinsights_sitenote_active":false,"_monsterinsights_sitenote_note":"","_monsterinsights_sitenote_category":0,"footnotes":""},"class_list":["post-754","page","type-page","status-publish","hentry"],"yoast_head":"<!-- This site is optimized with the Yoast SEO plugin v27.4 - https:\/\/yoast.com\/product\/yoast-seo-wordpress\/ -->\n<title>Im Herzen des M\u00e9doc<\/title>\n<meta name=\"description\" content=\"Die Domain Laujac, Eigentum von einem gro\u00dfen Namen in der Bordeaux-Wein seit 1852, Cruse Familie, der liegt im Herzen des M\u00e9doc, die eine Gesamtfl\u00e4che von 400 Hektar, davon 75 Hektar Rebfl\u00e4che umfasst. Das Weingut Bordeaux ist historisches Monument eingestuft. Das historische Weingut wurde im Jahre 1874 und die Burg von neoklassische Architektur ist Palladio-Stil gebaut. Sie unterteilt sich in zwei Lagen, die 1932 als Grand Cru Bourgeois klassifiziert wurden, das von Laujac und der Laffitte in der N\u00e4he des Dorfes B\u00e9gadan.\" \/>\n<meta name=\"robots\" content=\"index, follow, max-snippet:-1, max-image-preview:large, max-video-preview:-1\" \/>\n<link rel=\"canonical\" href=\"https:\/\/www.chateaulaujac.com\/de\/\" \/>\n<meta property=\"og:locale\" content=\"de_DE\" \/>\n<meta property=\"og:type\" content=\"article\" \/>\n<meta property=\"og:title\" content=\"Im Herzen des M\u00e9doc\" \/>\n<meta property=\"og:description\" content=\"Die Domain Laujac, Eigentum von einem gro\u00dfen Namen in der Bordeaux-Wein seit 1852, Cruse Familie, der liegt im Herzen des M\u00e9doc, die eine Gesamtfl\u00e4che von 400 Hektar, davon 75 Hektar Rebfl\u00e4che umfasst. Das Weingut Bordeaux ist historisches Monument eingestuft. Das historische Weingut wurde im Jahre 1874 und die Burg von neoklassische Architektur ist Palladio-Stil gebaut. Sie unterteilt sich in zwei Lagen, die 1932 als Grand Cru Bourgeois klassifiziert wurden, das von Laujac und der Laffitte in der N\u00e4he des Dorfes B\u00e9gadan.\" \/>\n<meta property=\"og:url\" content=\"https:\/\/www.chateaulaujac.com\/de\/\" \/>\n<meta property=\"og:site_name\" content=\"Vin du M\u00e9doc\" \/>\n<meta property=\"article:publisher\" content=\"https:\/\/www.facebook.com\/domaineslaujac\" \/>\n<meta property=\"article:modified_time\" content=\"2026-04-23T07:02:08+00:00\" \/>\n<meta name=\"twitter:card\" content=\"summary_large_image\" \/>\n<meta name=\"twitter:label1\" content=\"Gesch\u00e4tzte Lesezeit\" \/>\n\t<meta name=\"twitter:data1\" content=\"1\u00a0Minute\" \/>\n<script type=\"application\/ld+json\" class=\"yoast-schema-graph\">{\"@context\":\"https:\\\/\\\/schema.org\",\"@graph\":[{\"@type\":\"WebPage\",\"@id\":\"https:\\\/\\\/www.chateaulaujac.com\\\/de\\\/\",\"url\":\"https:\\\/\\\/www.chateaulaujac.com\\\/de\\\/\",\"name\":\"Im Herzen des M\u00e9doc\",\"isPartOf\":{\"@id\":\"https:\\\/\\\/www.chateaulaujac.com\\\/#website\"},\"datePublished\":\"2016-05-19T09:16:08+00:00\",\"dateModified\":\"2026-04-23T07:02:08+00:00\",\"description\":\"Die Domain Laujac, Eigentum von einem gro\u00dfen Namen in der Bordeaux-Wein seit 1852, Cruse Familie, der liegt im Herzen des M\u00e9doc, die eine Gesamtfl\u00e4che von 400 Hektar, davon 75 Hektar Rebfl\u00e4che umfasst. Das Weingut Bordeaux ist historisches Monument eingestuft. Das historische Weingut wurde im Jahre 1874 und die Burg von neoklassische Architektur ist Palladio-Stil gebaut. Sie unterteilt sich in zwei Lagen, die 1932 als Grand Cru Bourgeois klassifiziert wurden, das von Laujac und der Laffitte in der N\u00e4he des Dorfes B\u00e9gadan.\",\"breadcrumb\":{\"@id\":\"https:\\\/\\\/www.chateaulaujac.com\\\/de\\\/#breadcrumb\"},\"inLanguage\":\"de\",\"potentialAction\":[{\"@type\":\"ReadAction\",\"target\":[\"https:\\\/\\\/www.chateaulaujac.com\\\/de\\\/\"]}]},{\"@type\":\"BreadcrumbList\",\"@id\":\"https:\\\/\\\/www.chateaulaujac.com\\\/de\\\/#breadcrumb\",\"itemListElement\":[{\"@type\":\"ListItem\",\"position\":1,\"name\":\"Accueil\",\"item\":\"https:\\\/\\\/www.chateaulaujac.com\\\/de\\\/\"},{\"@type\":\"ListItem\",\"position\":2,\"name\":\"Im Herzen des M\u00e9doc\"}]},{\"@type\":\"WebSite\",\"@id\":\"https:\\\/\\\/www.chateaulaujac.com\\\/#website\",\"url\":\"https:\\\/\\\/www.chateaulaujac.com\\\/\",\"name\":\"Vin du M\u00e9doc\",\"description\":\"Le vaste domaine de\u00a0Laujac, au c\u0153ur du M\u00e9doc, s&#039;\u00e9tend sur une superficie totale de 400 hectares dont 75 hectares de vigne.\",\"publisher\":{\"@id\":\"https:\\\/\\\/www.chateaulaujac.com\\\/#organization\"},\"potentialAction\":[{\"@type\":\"SearchAction\",\"target\":{\"@type\":\"EntryPoint\",\"urlTemplate\":\"https:\\\/\\\/www.chateaulaujac.com\\\/?s={search_term_string}\"},\"query-input\":{\"@type\":\"PropertyValueSpecification\",\"valueRequired\":true,\"valueName\":\"search_term_string\"}}],\"inLanguage\":\"de\"},{\"@type\":\"Organization\",\"@id\":\"https:\\\/\\\/www.chateaulaujac.com\\\/#organization\",\"name\":\"SCEA CHATEAU LAUJAC\",\"url\":\"https:\\\/\\\/www.chateaulaujac.com\\\/\",\"logo\":{\"@type\":\"ImageObject\",\"inLanguage\":\"de\",\"@id\":\"https:\\\/\\\/www.chateaulaujac.com\\\/#\\\/schema\\\/logo\\\/image\\\/\",\"url\":\"https:\\\/\\\/www.chateaulaujac.com\\\/wp-content\\\/uploads\\\/2018\\\/01\\\/logo-chateau-laujac.png\",\"contentUrl\":\"https:\\\/\\\/www.chateaulaujac.com\\\/wp-content\\\/uploads\\\/2018\\\/01\\\/logo-chateau-laujac.png\",\"width\":400,\"height\":400,\"caption\":\"SCEA CHATEAU LAUJAC\"},\"image\":{\"@id\":\"https:\\\/\\\/www.chateaulaujac.com\\\/#\\\/schema\\\/logo\\\/image\\\/\"},\"sameAs\":[\"https:\\\/\\\/www.facebook.com\\\/domaineslaujac\",\"https:\\\/\\\/www.instagram.com\\\/chateaulaujac\\\/\"]}]}<\/script>\n<!-- \/ Yoast SEO plugin. -->","yoast_head_json":{"title":"Im Herzen des M\u00e9doc","description":"Die Domain Laujac, Eigentum von einem gro\u00dfen Namen in der Bordeaux-Wein seit 1852, Cruse Familie, der liegt im Herzen des M\u00e9doc, die eine Gesamtfl\u00e4che von 400 Hektar, davon 75 Hektar Rebfl\u00e4che umfasst. Das Weingut Bordeaux ist historisches Monument eingestuft. Das historische Weingut wurde im Jahre 1874 und die Burg von neoklassische Architektur ist Palladio-Stil gebaut. Sie unterteilt sich in zwei Lagen, die 1932 als Grand Cru Bourgeois klassifiziert wurden, das von Laujac und der Laffitte in der N\u00e4he des Dorfes B\u00e9gadan.","robots":{"index":"index","follow":"follow","max-snippet":"max-snippet:-1","max-image-preview":"max-image-preview:large","max-video-preview":"max-video-preview:-1"},"canonical":"https:\/\/www.chateaulaujac.com\/de\/","og_locale":"de_DE","og_type":"article","og_title":"Im Herzen des M\u00e9doc","og_description":"Die Domain Laujac, Eigentum von einem gro\u00dfen Namen in der Bordeaux-Wein seit 1852, Cruse Familie, der liegt im Herzen des M\u00e9doc, die eine Gesamtfl\u00e4che von 400 Hektar, davon 75 Hektar Rebfl\u00e4che umfasst. Das Weingut Bordeaux ist historisches Monument eingestuft. Das historische Weingut wurde im Jahre 1874 und die Burg von neoklassische Architektur ist Palladio-Stil gebaut. Sie unterteilt sich in zwei Lagen, die 1932 als Grand Cru Bourgeois klassifiziert wurden, das von Laujac und der Laffitte in der N\u00e4he des Dorfes B\u00e9gadan.","og_url":"https:\/\/www.chateaulaujac.com\/de\/","og_site_name":"Vin du M\u00e9doc","article_publisher":"https:\/\/www.facebook.com\/domaineslaujac","article_modified_time":"2026-04-23T07:02:08+00:00","twitter_card":"summary_large_image","twitter_misc":{"Gesch\u00e4tzte Lesezeit":"1\u00a0Minute"},"schema":{"@context":"https:\/\/schema.org","@graph":[{"@type":"WebPage","@id":"https:\/\/www.chateaulaujac.com\/de\/","url":"https:\/\/www.chateaulaujac.com\/de\/","name":"Im Herzen des M\u00e9doc","isPartOf":{"@id":"https:\/\/www.chateaulaujac.com\/#website"},"datePublished":"2016-05-19T09:16:08+00:00","dateModified":"2026-04-23T07:02:08+00:00","description":"Die Domain Laujac, Eigentum von einem gro\u00dfen Namen in der Bordeaux-Wein seit 1852, Cruse Familie, der liegt im Herzen des M\u00e9doc, die eine Gesamtfl\u00e4che von 400 Hektar, davon 75 Hektar Rebfl\u00e4che umfasst. Das Weingut Bordeaux ist historisches Monument eingestuft. Das historische Weingut wurde im Jahre 1874 und die Burg von neoklassische Architektur ist Palladio-Stil gebaut. Sie unterteilt sich in zwei Lagen, die 1932 als Grand Cru Bourgeois klassifiziert wurden, das von Laujac und der Laffitte in der N\u00e4he des Dorfes B\u00e9gadan.","breadcrumb":{"@id":"https:\/\/www.chateaulaujac.com\/de\/#breadcrumb"},"inLanguage":"de","potentialAction":[{"@type":"ReadAction","target":["https:\/\/www.chateaulaujac.com\/de\/"]}]},{"@type":"BreadcrumbList","@id":"https:\/\/www.chateaulaujac.com\/de\/#breadcrumb","itemListElement":[{"@type":"ListItem","position":1,"name":"Accueil","item":"https:\/\/www.chateaulaujac.com\/de\/"},{"@type":"ListItem","position":2,"name":"Im Herzen des M\u00e9doc"}]},{"@type":"WebSite","@id":"https:\/\/www.chateaulaujac.com\/#website","url":"https:\/\/www.chateaulaujac.com\/","name":"Vin du M\u00e9doc","description":"Le vaste domaine de\u00a0Laujac, au c\u0153ur du M\u00e9doc, s&#039;\u00e9tend sur une superficie totale de 400 hectares dont 75 hectares de vigne.","publisher":{"@id":"https:\/\/www.chateaulaujac.com\/#organization"},"potentialAction":[{"@type":"SearchAction","target":{"@type":"EntryPoint","urlTemplate":"https:\/\/www.chateaulaujac.com\/?s={search_term_string}"},"query-input":{"@type":"PropertyValueSpecification","valueRequired":true,"valueName":"search_term_string"}}],"inLanguage":"de"},{"@type":"Organization","@id":"https:\/\/www.chateaulaujac.com\/#organization","name":"SCEA CHATEAU LAUJAC","url":"https:\/\/www.chateaulaujac.com\/","logo":{"@type":"ImageObject","inLanguage":"de","@id":"https:\/\/www.chateaulaujac.com\/#\/schema\/logo\/image\/","url":"https:\/\/www.chateaulaujac.com\/wp-content\/uploads\/2018\/01\/logo-chateau-laujac.png","contentUrl":"https:\/\/www.chateaulaujac.com\/wp-content\/uploads\/2018\/01\/logo-chateau-laujac.png","width":400,"height":400,"caption":"SCEA CHATEAU LAUJAC"},"image":{"@id":"https:\/\/www.chateaulaujac.com\/#\/schema\/logo\/image\/"},"sameAs":["https:\/\/www.facebook.com\/domaineslaujac","https:\/\/www.instagram.com\/chateaulaujac\/"]}]}},"_links":{"self":[{"href":"https:\/\/www.chateaulaujac.com\/de\/wp-json\/wp\/v2\/pages\/754","targetHints":{"allow":["GET"]}}],"collection":[{"href":"https:\/\/www.chateaulaujac.com\/de\/wp-json\/wp\/v2\/pages"}],"about":[{"href":"https:\/\/www.chateaulaujac.com\/de\/wp-json\/wp\/v2\/types\/page"}],"author":[{"embeddable":true,"href":"https:\/\/www.chateaulaujac.com\/de\/wp-json\/wp\/v2\/users\/4"}],"replies":[{"embeddable":true,"href":"https:\/\/www.chateaulaujac.com\/de\/wp-json\/wp\/v2\/comments?post=754"}],"version-history":[{"count":10,"href":"https:\/\/www.chateaulaujac.com\/de\/wp-json\/wp\/v2\/pages\/754\/revisions"}],"predecessor-version":[{"id":1360,"href":"https:\/\/www.chateaulaujac.com\/de\/wp-json\/wp\/v2\/pages\/754\/revisions\/1360"}],"wp:attachment":[{"href":"https:\/\/www.chateaulaujac.com\/de\/wp-json\/wp\/v2\/media?parent=754"}],"curies":[{"name":"wp","href":"https:\/\/api.w.org\/{rel}","templated":true}]}}