{"id":762,"date":"2016-05-19T11:03:14","date_gmt":"2016-05-19T10:03:14","guid":{"rendered":"http:\/\/www.chateaulaujac.com\/de\/?page_id=762"},"modified":"2016-05-19T11:04:09","modified_gmt":"2016-05-19T10:04:09","slug":"geschichtliches-von-den-galliern-bis-zum-kaiserreich","status":"publish","type":"page","link":"https:\/\/www.chateaulaujac.com\/de\/geschichtliches-von-den-galliern-bis-zum-kaiserreich\/","title":{"rendered":"Geschichtliches von den Galliern bis zum kaiserreich"},"content":{"rendered":"<p>Laujac ist der Name eines Ortes, dessen Entstehung zweifelsfrei auf die Zeit der Eroberung Galliens zur\u00fcckgeht. So verweisen Ortsnamen mit der Endung \u00ab\u00a0ac\u00a0\u00bb in der Gironde auf die Existenz eines gallo-r\u00f6mischen Landsitzes.<\/p>\n<p>Und tats\u00e4chlich wurden im 19.\u00a0Jahrhundert w\u00e4hrend der Grabungsarbeiten f\u00fcr einen G\u00e4rkeller Mosaikfragmente, geschliffene \u00c4xte, Faustkeile und Tongef\u00e4\u00dfe gefunden.<\/p>\n<p>Nachdem die L\u00e4ndereien seit Menschengedenken im Besitz der Familie Aujeard waren, wurden sie nach der Franz\u00f6sischen Revolution von Monsieur de Villeminot, einem Waffenlieferanten Napoleons, erworben.<\/p>\n<p>Dieser lie\u00df hier 1810 ein neoklassizistisches Schloss errichten.<\/p>\n<p>Etwas sp\u00e4ter, im Jahr 1824, ver\u00e4u\u00dferte er das Anwesen an den Waffenh\u00e4ndler und Cousin der Notre Dame de Thermidor, Cabarrus aus Bordeaux, der es 1852 seinerseits an die Familie Cruse verkauft hat.<\/p>\n","protected":false},"excerpt":{"rendered":"<p>Laujac ist der Name eines Ortes, dessen Entstehung zweifelsfrei auf die Zeit der Eroberung Galliens zur\u00fcckgeht. So verweisen Ortsnamen mit der Endung \u00ab\u00a0ac\u00a0\u00bb in der Gironde auf die Existenz eines gallo-r\u00f6mischen Landsitzes. Und tats\u00e4chlich wurden im 19.\u00a0Jahrhundert w\u00e4hrend der Grabungsarbeiten f\u00fcr einen G\u00e4rkeller Mosaikfragmente, geschliffene \u00c4xte, Faustkeile und Tongef\u00e4\u00dfe gefunden. Nachdem die L\u00e4ndereien seit Menschengedenken [&hellip;]<\/p>\n","protected":false},"author":4,"featured_media":0,"parent":0,"menu_order":0,"comment_status":"closed","ping_status":"closed","template":"template-fullwidth.php","meta":{"_monsterinsights_skip_tracking":false,"_monsterinsights_sitenote_active":false,"_monsterinsights_sitenote_note":"","_monsterinsights_sitenote_category":0,"footnotes":""},"class_list":["post-762","page","type-page","status-publish","hentry"],"yoast_head":"<!-- This site is optimized with the Yoast SEO plugin v27.4 - https:\/\/yoast.com\/product\/yoast-seo-wordpress\/ -->\n<title>Geschichtliches von den Galliern bis zum kaiserreich<\/title>\n<meta name=\"robots\" content=\"index, follow, max-snippet:-1, max-image-preview:large, max-video-preview:-1\" \/>\n<link rel=\"canonical\" href=\"https:\/\/www.chateaulaujac.com\/de\/geschichtliches-von-den-galliern-bis-zum-kaiserreich\/\" \/>\n<meta property=\"og:locale\" content=\"de_DE\" \/>\n<meta property=\"og:type\" content=\"article\" \/>\n<meta property=\"og:title\" content=\"Geschichtliches von den Galliern bis zum kaiserreich\" \/>\n<meta property=\"og:description\" content=\"Laujac ist der Name eines Ortes, dessen Entstehung zweifelsfrei auf die Zeit der Eroberung Galliens zur\u00fcckgeht. So verweisen Ortsnamen mit der Endung \u00ab\u00a0ac\u00a0\u00bb in der Gironde auf die Existenz eines gallo-r\u00f6mischen Landsitzes. Und tats\u00e4chlich wurden im 19.\u00a0Jahrhundert w\u00e4hrend der Grabungsarbeiten f\u00fcr einen G\u00e4rkeller Mosaikfragmente, geschliffene \u00c4xte, Faustkeile und Tongef\u00e4\u00dfe gefunden. Nachdem die L\u00e4ndereien seit Menschengedenken [&hellip;]\" \/>\n<meta property=\"og:url\" content=\"https:\/\/www.chateaulaujac.com\/de\/geschichtliches-von-den-galliern-bis-zum-kaiserreich\/\" \/>\n<meta property=\"og:site_name\" content=\"Vin du M\u00e9doc\" \/>\n<meta property=\"article:publisher\" content=\"https:\/\/www.facebook.com\/domaineslaujac\" \/>\n<meta property=\"article:modified_time\" content=\"2016-05-19T10:04:09+00:00\" \/>\n<meta name=\"twitter:card\" content=\"summary_large_image\" \/>\n<meta name=\"twitter:label1\" content=\"Gesch\u00e4tzte Lesezeit\" \/>\n\t<meta name=\"twitter:data1\" content=\"1\u00a0Minute\" \/>\n<script type=\"application\/ld+json\" class=\"yoast-schema-graph\">{\"@context\":\"https:\\\/\\\/schema.org\",\"@graph\":[{\"@type\":\"WebPage\",\"@id\":\"https:\\\/\\\/www.chateaulaujac.com\\\/de\\\/geschichtliches-von-den-galliern-bis-zum-kaiserreich\\\/\",\"url\":\"https:\\\/\\\/www.chateaulaujac.com\\\/de\\\/geschichtliches-von-den-galliern-bis-zum-kaiserreich\\\/\",\"name\":\"Geschichtliches von den Galliern bis zum kaiserreich\",\"isPartOf\":{\"@id\":\"https:\\\/\\\/www.chateaulaujac.com\\\/#website\"},\"datePublished\":\"2016-05-19T10:03:14+00:00\",\"dateModified\":\"2016-05-19T10:04:09+00:00\",\"breadcrumb\":{\"@id\":\"https:\\\/\\\/www.chateaulaujac.com\\\/de\\\/geschichtliches-von-den-galliern-bis-zum-kaiserreich\\\/#breadcrumb\"},\"inLanguage\":\"de\",\"potentialAction\":[{\"@type\":\"ReadAction\",\"target\":[\"https:\\\/\\\/www.chateaulaujac.com\\\/de\\\/geschichtliches-von-den-galliern-bis-zum-kaiserreich\\\/\"]}]},{\"@type\":\"BreadcrumbList\",\"@id\":\"https:\\\/\\\/www.chateaulaujac.com\\\/de\\\/geschichtliches-von-den-galliern-bis-zum-kaiserreich\\\/#breadcrumb\",\"itemListElement\":[{\"@type\":\"ListItem\",\"position\":1,\"name\":\"Accueil\",\"item\":\"https:\\\/\\\/www.chateaulaujac.com\\\/de\\\/\"},{\"@type\":\"ListItem\",\"position\":2,\"name\":\"Geschichtliches von den Galliern bis zum kaiserreich\"}]},{\"@type\":\"WebSite\",\"@id\":\"https:\\\/\\\/www.chateaulaujac.com\\\/#website\",\"url\":\"https:\\\/\\\/www.chateaulaujac.com\\\/\",\"name\":\"Vin du M\u00e9doc\",\"description\":\"Le vaste domaine de\u00a0Laujac, au c\u0153ur du M\u00e9doc, s&#039;\u00e9tend sur une superficie totale de 400 hectares dont 75 hectares de vigne.\",\"publisher\":{\"@id\":\"https:\\\/\\\/www.chateaulaujac.com\\\/#organization\"},\"potentialAction\":[{\"@type\":\"SearchAction\",\"target\":{\"@type\":\"EntryPoint\",\"urlTemplate\":\"https:\\\/\\\/www.chateaulaujac.com\\\/?s={search_term_string}\"},\"query-input\":{\"@type\":\"PropertyValueSpecification\",\"valueRequired\":true,\"valueName\":\"search_term_string\"}}],\"inLanguage\":\"de\"},{\"@type\":\"Organization\",\"@id\":\"https:\\\/\\\/www.chateaulaujac.com\\\/#organization\",\"name\":\"SCEA CHATEAU LAUJAC\",\"url\":\"https:\\\/\\\/www.chateaulaujac.com\\\/\",\"logo\":{\"@type\":\"ImageObject\",\"inLanguage\":\"de\",\"@id\":\"https:\\\/\\\/www.chateaulaujac.com\\\/#\\\/schema\\\/logo\\\/image\\\/\",\"url\":\"https:\\\/\\\/www.chateaulaujac.com\\\/wp-content\\\/uploads\\\/2018\\\/01\\\/logo-chateau-laujac.png\",\"contentUrl\":\"https:\\\/\\\/www.chateaulaujac.com\\\/wp-content\\\/uploads\\\/2018\\\/01\\\/logo-chateau-laujac.png\",\"width\":400,\"height\":400,\"caption\":\"SCEA CHATEAU LAUJAC\"},\"image\":{\"@id\":\"https:\\\/\\\/www.chateaulaujac.com\\\/#\\\/schema\\\/logo\\\/image\\\/\"},\"sameAs\":[\"https:\\\/\\\/www.facebook.com\\\/domaineslaujac\",\"https:\\\/\\\/www.instagram.com\\\/chateaulaujac\\\/\"]}]}<\/script>\n<!-- \/ Yoast SEO plugin. -->","yoast_head_json":{"title":"Geschichtliches von den Galliern bis zum kaiserreich","robots":{"index":"index","follow":"follow","max-snippet":"max-snippet:-1","max-image-preview":"max-image-preview:large","max-video-preview":"max-video-preview:-1"},"canonical":"https:\/\/www.chateaulaujac.com\/de\/geschichtliches-von-den-galliern-bis-zum-kaiserreich\/","og_locale":"de_DE","og_type":"article","og_title":"Geschichtliches von den Galliern bis zum kaiserreich","og_description":"Laujac ist der Name eines Ortes, dessen Entstehung zweifelsfrei auf die Zeit der Eroberung Galliens zur\u00fcckgeht. So verweisen Ortsnamen mit der Endung \u00ab\u00a0ac\u00a0\u00bb in der Gironde auf die Existenz eines gallo-r\u00f6mischen Landsitzes. Und tats\u00e4chlich wurden im 19.\u00a0Jahrhundert w\u00e4hrend der Grabungsarbeiten f\u00fcr einen G\u00e4rkeller Mosaikfragmente, geschliffene \u00c4xte, Faustkeile und Tongef\u00e4\u00dfe gefunden. Nachdem die L\u00e4ndereien seit Menschengedenken [&hellip;]","og_url":"https:\/\/www.chateaulaujac.com\/de\/geschichtliches-von-den-galliern-bis-zum-kaiserreich\/","og_site_name":"Vin du M\u00e9doc","article_publisher":"https:\/\/www.facebook.com\/domaineslaujac","article_modified_time":"2016-05-19T10:04:09+00:00","twitter_card":"summary_large_image","twitter_misc":{"Gesch\u00e4tzte Lesezeit":"1\u00a0Minute"},"schema":{"@context":"https:\/\/schema.org","@graph":[{"@type":"WebPage","@id":"https:\/\/www.chateaulaujac.com\/de\/geschichtliches-von-den-galliern-bis-zum-kaiserreich\/","url":"https:\/\/www.chateaulaujac.com\/de\/geschichtliches-von-den-galliern-bis-zum-kaiserreich\/","name":"Geschichtliches von den Galliern bis zum kaiserreich","isPartOf":{"@id":"https:\/\/www.chateaulaujac.com\/#website"},"datePublished":"2016-05-19T10:03:14+00:00","dateModified":"2016-05-19T10:04:09+00:00","breadcrumb":{"@id":"https:\/\/www.chateaulaujac.com\/de\/geschichtliches-von-den-galliern-bis-zum-kaiserreich\/#breadcrumb"},"inLanguage":"de","potentialAction":[{"@type":"ReadAction","target":["https:\/\/www.chateaulaujac.com\/de\/geschichtliches-von-den-galliern-bis-zum-kaiserreich\/"]}]},{"@type":"BreadcrumbList","@id":"https:\/\/www.chateaulaujac.com\/de\/geschichtliches-von-den-galliern-bis-zum-kaiserreich\/#breadcrumb","itemListElement":[{"@type":"ListItem","position":1,"name":"Accueil","item":"https:\/\/www.chateaulaujac.com\/de\/"},{"@type":"ListItem","position":2,"name":"Geschichtliches von den Galliern bis zum kaiserreich"}]},{"@type":"WebSite","@id":"https:\/\/www.chateaulaujac.com\/#website","url":"https:\/\/www.chateaulaujac.com\/","name":"Vin du M\u00e9doc","description":"Le vaste domaine de\u00a0Laujac, au c\u0153ur du M\u00e9doc, s&#039;\u00e9tend sur une superficie totale de 400 hectares dont 75 hectares de vigne.","publisher":{"@id":"https:\/\/www.chateaulaujac.com\/#organization"},"potentialAction":[{"@type":"SearchAction","target":{"@type":"EntryPoint","urlTemplate":"https:\/\/www.chateaulaujac.com\/?s={search_term_string}"},"query-input":{"@type":"PropertyValueSpecification","valueRequired":true,"valueName":"search_term_string"}}],"inLanguage":"de"},{"@type":"Organization","@id":"https:\/\/www.chateaulaujac.com\/#organization","name":"SCEA CHATEAU LAUJAC","url":"https:\/\/www.chateaulaujac.com\/","logo":{"@type":"ImageObject","inLanguage":"de","@id":"https:\/\/www.chateaulaujac.com\/#\/schema\/logo\/image\/","url":"https:\/\/www.chateaulaujac.com\/wp-content\/uploads\/2018\/01\/logo-chateau-laujac.png","contentUrl":"https:\/\/www.chateaulaujac.com\/wp-content\/uploads\/2018\/01\/logo-chateau-laujac.png","width":400,"height":400,"caption":"SCEA CHATEAU LAUJAC"},"image":{"@id":"https:\/\/www.chateaulaujac.com\/#\/schema\/logo\/image\/"},"sameAs":["https:\/\/www.facebook.com\/domaineslaujac","https:\/\/www.instagram.com\/chateaulaujac\/"]}]}},"_links":{"self":[{"href":"https:\/\/www.chateaulaujac.com\/de\/wp-json\/wp\/v2\/pages\/762","targetHints":{"allow":["GET"]}}],"collection":[{"href":"https:\/\/www.chateaulaujac.com\/de\/wp-json\/wp\/v2\/pages"}],"about":[{"href":"https:\/\/www.chateaulaujac.com\/de\/wp-json\/wp\/v2\/types\/page"}],"author":[{"embeddable":true,"href":"https:\/\/www.chateaulaujac.com\/de\/wp-json\/wp\/v2\/users\/4"}],"replies":[{"embeddable":true,"href":"https:\/\/www.chateaulaujac.com\/de\/wp-json\/wp\/v2\/comments?post=762"}],"version-history":[{"count":2,"href":"https:\/\/www.chateaulaujac.com\/de\/wp-json\/wp\/v2\/pages\/762\/revisions"}],"predecessor-version":[{"id":764,"href":"https:\/\/www.chateaulaujac.com\/de\/wp-json\/wp\/v2\/pages\/762\/revisions\/764"}],"wp:attachment":[{"href":"https:\/\/www.chateaulaujac.com\/de\/wp-json\/wp\/v2\/media?parent=762"}],"curies":[{"name":"wp","href":"https:\/\/api.w.org\/{rel}","templated":true}]}}