{"id":768,"date":"2016-05-19T11:17:51","date_gmt":"2016-05-19T10:17:51","guid":{"rendered":"http:\/\/www.chateaulaujac.com\/de\/?page_id=768"},"modified":"2016-05-19T11:23:52","modified_gmt":"2016-05-19T10:23:52","slug":"die-cruses-weinhaendler-in-bordeaux","status":"publish","type":"page","link":"https:\/\/www.chateaulaujac.com\/de\/die-cruses-weinhaendler-in-bordeaux\/","title":{"rendered":"Die Cruses : Weinh\u00e4ndler in Bordeaux"},"content":{"rendered":"<p>Das erste bekannte Mitglied der Familie Cruse war Hans Cruse (1650-1734), Bierbrauer und Hausvogt in Krempe\/D\u00e4nemark.<\/p>\n<p>Sein Enkel Jean-Christian Cruse (1742-1828) bekleidete einen h\u00f6heren Rang im lutherischen Klerus von Segeberg, einer Stadt im Herzogtum Holstein. Einmal im Jahr wurde er an den d\u00e4nischen K\u00f6nigshof geladen, um mit dem K\u00f6nig zu speisen.<\/p>\n<p>Einer seiner S\u00f6hne, Herman Cruse I. (1790-1855) gr\u00fcndete 1819 das Unternehmen CRUSE &#038; Fils Fr\u00e8res\u00a0\u00e0 Bordeaux und heiratete 1820 die Tochter einer m\u00e4chtigen Bremer Familie, Emma Raake. Ihre stattliche Mitgift veranlasste ihn zu einem gewagten Spekulationsgesch\u00e4ft: Inmitten der Wirren des Jahres 1848, als ein Gro\u00dfteil der Handelsaktivit\u00e4ten brach lagen, sorgte er mit dem nahezu vollst\u00e4ndigen Aufkauf der Ernte des Jahres 1847 der Grands Crus de Bordeaux klassifizierten Lagen f\u00fcr Aufsehen.<\/p>\n<p>Gemeinsam mit seinen drei S\u00f6hnen und dank unerm\u00fcdlichen Schaffens gelang es Hermann I., CRUSE &#038; Fils Fr\u00e8res zu einem der ersten Weinhandelsunternehmen in Bordeaux zu machen, das Napoleon III. pers\u00f6nlich 1851 besichtigen kam.<\/p>\n","protected":false},"excerpt":{"rendered":"<p>Das erste bekannte Mitglied der Familie Cruse war Hans Cruse (1650-1734), Bierbrauer und Hausvogt in Krempe\/D\u00e4nemark. Sein Enkel Jean-Christian Cruse (1742-1828) bekleidete einen h\u00f6heren Rang im lutherischen Klerus von Segeberg, einer Stadt im Herzogtum Holstein. Einmal im Jahr wurde er an den d\u00e4nischen K\u00f6nigshof geladen, um mit dem K\u00f6nig zu speisen. Einer seiner S\u00f6hne, Herman [&hellip;]<\/p>\n","protected":false},"author":4,"featured_media":0,"parent":0,"menu_order":0,"comment_status":"closed","ping_status":"closed","template":"template-fullwidth.php","meta":{"_monsterinsights_skip_tracking":false,"_monsterinsights_sitenote_active":false,"_monsterinsights_sitenote_note":"","_monsterinsights_sitenote_category":0,"footnotes":""},"class_list":["post-768","page","type-page","status-publish","hentry"],"yoast_head":"<!-- This site is optimized with the Yoast SEO plugin v27.4 - https:\/\/yoast.com\/product\/yoast-seo-wordpress\/ -->\n<title>Die Cruses : Weinh\u00e4ndler in Bordeaux<\/title>\n<meta name=\"robots\" content=\"index, follow, max-snippet:-1, max-image-preview:large, max-video-preview:-1\" \/>\n<link rel=\"canonical\" href=\"https:\/\/www.chateaulaujac.com\/de\/die-cruses-weinhaendler-in-bordeaux\/\" \/>\n<meta property=\"og:locale\" content=\"de_DE\" \/>\n<meta property=\"og:type\" content=\"article\" \/>\n<meta property=\"og:title\" content=\"Die Cruses : Weinh\u00e4ndler in Bordeaux\" \/>\n<meta property=\"og:description\" content=\"Das erste bekannte Mitglied der Familie Cruse war Hans Cruse (1650-1734), Bierbrauer und Hausvogt in Krempe\/D\u00e4nemark. Sein Enkel Jean-Christian Cruse (1742-1828) bekleidete einen h\u00f6heren Rang im lutherischen Klerus von Segeberg, einer Stadt im Herzogtum Holstein. Einmal im Jahr wurde er an den d\u00e4nischen K\u00f6nigshof geladen, um mit dem K\u00f6nig zu speisen. Einer seiner S\u00f6hne, Herman [&hellip;]\" \/>\n<meta property=\"og:url\" content=\"https:\/\/www.chateaulaujac.com\/de\/die-cruses-weinhaendler-in-bordeaux\/\" \/>\n<meta property=\"og:site_name\" content=\"Vin du M\u00e9doc\" \/>\n<meta property=\"article:publisher\" content=\"https:\/\/www.facebook.com\/domaineslaujac\" \/>\n<meta property=\"article:modified_time\" content=\"2016-05-19T10:23:52+00:00\" \/>\n<meta name=\"twitter:card\" content=\"summary_large_image\" \/>\n<meta name=\"twitter:label1\" content=\"Gesch\u00e4tzte Lesezeit\" \/>\n\t<meta name=\"twitter:data1\" content=\"1\u00a0Minute\" \/>\n<script type=\"application\/ld+json\" class=\"yoast-schema-graph\">{\"@context\":\"https:\\\/\\\/schema.org\",\"@graph\":[{\"@type\":\"WebPage\",\"@id\":\"https:\\\/\\\/www.chateaulaujac.com\\\/de\\\/die-cruses-weinhaendler-in-bordeaux\\\/\",\"url\":\"https:\\\/\\\/www.chateaulaujac.com\\\/de\\\/die-cruses-weinhaendler-in-bordeaux\\\/\",\"name\":\"Die Cruses : Weinh\u00e4ndler in Bordeaux\",\"isPartOf\":{\"@id\":\"https:\\\/\\\/www.chateaulaujac.com\\\/#website\"},\"datePublished\":\"2016-05-19T10:17:51+00:00\",\"dateModified\":\"2016-05-19T10:23:52+00:00\",\"breadcrumb\":{\"@id\":\"https:\\\/\\\/www.chateaulaujac.com\\\/de\\\/die-cruses-weinhaendler-in-bordeaux\\\/#breadcrumb\"},\"inLanguage\":\"de\",\"potentialAction\":[{\"@type\":\"ReadAction\",\"target\":[\"https:\\\/\\\/www.chateaulaujac.com\\\/de\\\/die-cruses-weinhaendler-in-bordeaux\\\/\"]}]},{\"@type\":\"BreadcrumbList\",\"@id\":\"https:\\\/\\\/www.chateaulaujac.com\\\/de\\\/die-cruses-weinhaendler-in-bordeaux\\\/#breadcrumb\",\"itemListElement\":[{\"@type\":\"ListItem\",\"position\":1,\"name\":\"Accueil\",\"item\":\"https:\\\/\\\/www.chateaulaujac.com\\\/de\\\/\"},{\"@type\":\"ListItem\",\"position\":2,\"name\":\"Die Cruses : Weinh\u00e4ndler in Bordeaux\"}]},{\"@type\":\"WebSite\",\"@id\":\"https:\\\/\\\/www.chateaulaujac.com\\\/#website\",\"url\":\"https:\\\/\\\/www.chateaulaujac.com\\\/\",\"name\":\"Vin du M\u00e9doc\",\"description\":\"Le vaste domaine de\u00a0Laujac, au c\u0153ur du M\u00e9doc, s&#039;\u00e9tend sur une superficie totale de 400 hectares dont 75 hectares de vigne.\",\"publisher\":{\"@id\":\"https:\\\/\\\/www.chateaulaujac.com\\\/#organization\"},\"potentialAction\":[{\"@type\":\"SearchAction\",\"target\":{\"@type\":\"EntryPoint\",\"urlTemplate\":\"https:\\\/\\\/www.chateaulaujac.com\\\/?s={search_term_string}\"},\"query-input\":{\"@type\":\"PropertyValueSpecification\",\"valueRequired\":true,\"valueName\":\"search_term_string\"}}],\"inLanguage\":\"de\"},{\"@type\":\"Organization\",\"@id\":\"https:\\\/\\\/www.chateaulaujac.com\\\/#organization\",\"name\":\"SCEA CHATEAU LAUJAC\",\"url\":\"https:\\\/\\\/www.chateaulaujac.com\\\/\",\"logo\":{\"@type\":\"ImageObject\",\"inLanguage\":\"de\",\"@id\":\"https:\\\/\\\/www.chateaulaujac.com\\\/#\\\/schema\\\/logo\\\/image\\\/\",\"url\":\"https:\\\/\\\/www.chateaulaujac.com\\\/wp-content\\\/uploads\\\/2018\\\/01\\\/logo-chateau-laujac.png\",\"contentUrl\":\"https:\\\/\\\/www.chateaulaujac.com\\\/wp-content\\\/uploads\\\/2018\\\/01\\\/logo-chateau-laujac.png\",\"width\":400,\"height\":400,\"caption\":\"SCEA CHATEAU LAUJAC\"},\"image\":{\"@id\":\"https:\\\/\\\/www.chateaulaujac.com\\\/#\\\/schema\\\/logo\\\/image\\\/\"},\"sameAs\":[\"https:\\\/\\\/www.facebook.com\\\/domaineslaujac\",\"https:\\\/\\\/www.instagram.com\\\/chateaulaujac\\\/\"]}]}<\/script>\n<!-- \/ Yoast SEO plugin. -->","yoast_head_json":{"title":"Die Cruses : Weinh\u00e4ndler in Bordeaux","robots":{"index":"index","follow":"follow","max-snippet":"max-snippet:-1","max-image-preview":"max-image-preview:large","max-video-preview":"max-video-preview:-1"},"canonical":"https:\/\/www.chateaulaujac.com\/de\/die-cruses-weinhaendler-in-bordeaux\/","og_locale":"de_DE","og_type":"article","og_title":"Die Cruses : Weinh\u00e4ndler in Bordeaux","og_description":"Das erste bekannte Mitglied der Familie Cruse war Hans Cruse (1650-1734), Bierbrauer und Hausvogt in Krempe\/D\u00e4nemark. Sein Enkel Jean-Christian Cruse (1742-1828) bekleidete einen h\u00f6heren Rang im lutherischen Klerus von Segeberg, einer Stadt im Herzogtum Holstein. Einmal im Jahr wurde er an den d\u00e4nischen K\u00f6nigshof geladen, um mit dem K\u00f6nig zu speisen. Einer seiner S\u00f6hne, Herman [&hellip;]","og_url":"https:\/\/www.chateaulaujac.com\/de\/die-cruses-weinhaendler-in-bordeaux\/","og_site_name":"Vin du M\u00e9doc","article_publisher":"https:\/\/www.facebook.com\/domaineslaujac","article_modified_time":"2016-05-19T10:23:52+00:00","twitter_card":"summary_large_image","twitter_misc":{"Gesch\u00e4tzte Lesezeit":"1\u00a0Minute"},"schema":{"@context":"https:\/\/schema.org","@graph":[{"@type":"WebPage","@id":"https:\/\/www.chateaulaujac.com\/de\/die-cruses-weinhaendler-in-bordeaux\/","url":"https:\/\/www.chateaulaujac.com\/de\/die-cruses-weinhaendler-in-bordeaux\/","name":"Die Cruses : Weinh\u00e4ndler in Bordeaux","isPartOf":{"@id":"https:\/\/www.chateaulaujac.com\/#website"},"datePublished":"2016-05-19T10:17:51+00:00","dateModified":"2016-05-19T10:23:52+00:00","breadcrumb":{"@id":"https:\/\/www.chateaulaujac.com\/de\/die-cruses-weinhaendler-in-bordeaux\/#breadcrumb"},"inLanguage":"de","potentialAction":[{"@type":"ReadAction","target":["https:\/\/www.chateaulaujac.com\/de\/die-cruses-weinhaendler-in-bordeaux\/"]}]},{"@type":"BreadcrumbList","@id":"https:\/\/www.chateaulaujac.com\/de\/die-cruses-weinhaendler-in-bordeaux\/#breadcrumb","itemListElement":[{"@type":"ListItem","position":1,"name":"Accueil","item":"https:\/\/www.chateaulaujac.com\/de\/"},{"@type":"ListItem","position":2,"name":"Die Cruses : Weinh\u00e4ndler in Bordeaux"}]},{"@type":"WebSite","@id":"https:\/\/www.chateaulaujac.com\/#website","url":"https:\/\/www.chateaulaujac.com\/","name":"Vin du M\u00e9doc","description":"Le vaste domaine de\u00a0Laujac, au c\u0153ur du M\u00e9doc, s&#039;\u00e9tend sur une superficie totale de 400 hectares dont 75 hectares de vigne.","publisher":{"@id":"https:\/\/www.chateaulaujac.com\/#organization"},"potentialAction":[{"@type":"SearchAction","target":{"@type":"EntryPoint","urlTemplate":"https:\/\/www.chateaulaujac.com\/?s={search_term_string}"},"query-input":{"@type":"PropertyValueSpecification","valueRequired":true,"valueName":"search_term_string"}}],"inLanguage":"de"},{"@type":"Organization","@id":"https:\/\/www.chateaulaujac.com\/#organization","name":"SCEA CHATEAU LAUJAC","url":"https:\/\/www.chateaulaujac.com\/","logo":{"@type":"ImageObject","inLanguage":"de","@id":"https:\/\/www.chateaulaujac.com\/#\/schema\/logo\/image\/","url":"https:\/\/www.chateaulaujac.com\/wp-content\/uploads\/2018\/01\/logo-chateau-laujac.png","contentUrl":"https:\/\/www.chateaulaujac.com\/wp-content\/uploads\/2018\/01\/logo-chateau-laujac.png","width":400,"height":400,"caption":"SCEA CHATEAU LAUJAC"},"image":{"@id":"https:\/\/www.chateaulaujac.com\/#\/schema\/logo\/image\/"},"sameAs":["https:\/\/www.facebook.com\/domaineslaujac","https:\/\/www.instagram.com\/chateaulaujac\/"]}]}},"_links":{"self":[{"href":"https:\/\/www.chateaulaujac.com\/de\/wp-json\/wp\/v2\/pages\/768","targetHints":{"allow":["GET"]}}],"collection":[{"href":"https:\/\/www.chateaulaujac.com\/de\/wp-json\/wp\/v2\/pages"}],"about":[{"href":"https:\/\/www.chateaulaujac.com\/de\/wp-json\/wp\/v2\/types\/page"}],"author":[{"embeddable":true,"href":"https:\/\/www.chateaulaujac.com\/de\/wp-json\/wp\/v2\/users\/4"}],"replies":[{"embeddable":true,"href":"https:\/\/www.chateaulaujac.com\/de\/wp-json\/wp\/v2\/comments?post=768"}],"version-history":[{"count":4,"href":"https:\/\/www.chateaulaujac.com\/de\/wp-json\/wp\/v2\/pages\/768\/revisions"}],"predecessor-version":[{"id":773,"href":"https:\/\/www.chateaulaujac.com\/de\/wp-json\/wp\/v2\/pages\/768\/revisions\/773"}],"wp:attachment":[{"href":"https:\/\/www.chateaulaujac.com\/de\/wp-json\/wp\/v2\/media?parent=768"}],"curies":[{"name":"wp","href":"https:\/\/api.w.org\/{rel}","templated":true}]}}