{"id":777,"date":"2016-05-19T11:46:07","date_gmt":"2016-05-19T10:46:07","guid":{"rendered":"http:\/\/www.chateaulaujac.com\/de\/?page_id=777"},"modified":"2016-05-19T11:47:01","modified_gmt":"2016-05-19T10:47:01","slug":"die-familie-cruse-seit-1852-in-laujac","status":"publish","type":"page","link":"https:\/\/www.chateaulaujac.com\/de\/die-familie-cruse-seit-1852-in-laujac\/","title":{"rendered":"Die familie Cruse seit\u00a01852 in Laujac"},"content":{"rendered":"<p>Im Jahr 1852 wagte der Weinh\u00e4ndler Herman Cruse den Erwerb mehrerer Weing\u00fcter: das Ch\u00e2teau Laujac und sp\u00e4ter das Ch\u00e2teaux Pontet-Canet sowie Giscours.  <\/p>\n<p>Zu diesem Zeitpunkt erfreuten sich die Weine aus Laujac bereits gro\u00dfer Beliebtheit. 1816 tauchte Laujac in einer \u00dcbersicht \u00fcber alle bekannten Weinbaugebiete des Weinkritikers Julien neben den ber\u00fchmten Weinen aus Pauillac in der herausragenden vierten Klassifikation auf.<\/p>\n<p>Damals erstreckte sich das Gut zwischen Laujac und Laffitte bereits \u00fcber eine Fl\u00e4che von 100\u00a0Hektar.<\/p>\n<p>Unter der Leitung der Familie Cruse w\u00e4chst die Rebfl\u00e4che im Jahr 1890 auf 140\u00a0Hektar an.<\/p>\n<p>Sie f\u00fchrte umfangreiche Modernisierungs- und Gestaltungsma\u00dfnahmen durch, wobei sie von bekannten Gutsverwaltern Unterst\u00fctzung bekam: den Skawinskis. Von dieser Zeit zeugen ein G\u00e4rkeller \u201e\u00e0 la M\u00e9docaine\u201c (nach Art der Region M\u00e9doc), eine Rinderweide, Unterk\u00fcnfte f\u00fcr die Arbeiter und ein malerischer Park. Zudem wurden die Anlagen in Laujac fortan als historisches Denkmal gef\u00fchrt.<\/p>\n","protected":false},"excerpt":{"rendered":"<p>Im Jahr 1852 wagte der Weinh\u00e4ndler Herman Cruse den Erwerb mehrerer Weing\u00fcter: das Ch\u00e2teau Laujac und sp\u00e4ter das Ch\u00e2teaux Pontet-Canet sowie Giscours. Zu diesem Zeitpunkt erfreuten sich die Weine aus Laujac bereits gro\u00dfer Beliebtheit. 1816 tauchte Laujac in einer \u00dcbersicht \u00fcber alle bekannten Weinbaugebiete des Weinkritikers Julien neben den ber\u00fchmten Weinen aus Pauillac in der [&hellip;]<\/p>\n","protected":false},"author":4,"featured_media":0,"parent":0,"menu_order":0,"comment_status":"closed","ping_status":"closed","template":"template-fullwidth.php","meta":{"_monsterinsights_skip_tracking":false,"_monsterinsights_sitenote_active":false,"_monsterinsights_sitenote_note":"","_monsterinsights_sitenote_category":0,"footnotes":""},"class_list":["post-777","page","type-page","status-publish","hentry"],"yoast_head":"<!-- This site is optimized with the Yoast SEO plugin v27.4 - https:\/\/yoast.com\/product\/yoast-seo-wordpress\/ -->\n<title>Die familie Cruse seit\u00a01852 in Laujac<\/title>\n<meta name=\"robots\" content=\"index, follow, max-snippet:-1, max-image-preview:large, max-video-preview:-1\" \/>\n<link rel=\"canonical\" href=\"https:\/\/www.chateaulaujac.com\/de\/die-familie-cruse-seit-1852-in-laujac\/\" \/>\n<meta property=\"og:locale\" content=\"de_DE\" \/>\n<meta property=\"og:type\" content=\"article\" \/>\n<meta property=\"og:title\" content=\"Die familie Cruse seit\u00a01852 in Laujac\" \/>\n<meta property=\"og:description\" content=\"Im Jahr 1852 wagte der Weinh\u00e4ndler Herman Cruse den Erwerb mehrerer Weing\u00fcter: das Ch\u00e2teau Laujac und sp\u00e4ter das Ch\u00e2teaux Pontet-Canet sowie Giscours. Zu diesem Zeitpunkt erfreuten sich die Weine aus Laujac bereits gro\u00dfer Beliebtheit. 1816 tauchte Laujac in einer \u00dcbersicht \u00fcber alle bekannten Weinbaugebiete des Weinkritikers Julien neben den ber\u00fchmten Weinen aus Pauillac in der [&hellip;]\" \/>\n<meta property=\"og:url\" content=\"https:\/\/www.chateaulaujac.com\/de\/die-familie-cruse-seit-1852-in-laujac\/\" \/>\n<meta property=\"og:site_name\" content=\"Vin du M\u00e9doc\" \/>\n<meta property=\"article:publisher\" content=\"https:\/\/www.facebook.com\/domaineslaujac\" \/>\n<meta property=\"article:modified_time\" content=\"2016-05-19T10:47:01+00:00\" \/>\n<meta name=\"twitter:card\" content=\"summary_large_image\" \/>\n<meta name=\"twitter:label1\" content=\"Gesch\u00e4tzte Lesezeit\" \/>\n\t<meta name=\"twitter:data1\" content=\"1\u00a0Minute\" \/>\n<script type=\"application\/ld+json\" class=\"yoast-schema-graph\">{\"@context\":\"https:\\\/\\\/schema.org\",\"@graph\":[{\"@type\":\"WebPage\",\"@id\":\"https:\\\/\\\/www.chateaulaujac.com\\\/de\\\/die-familie-cruse-seit-1852-in-laujac\\\/\",\"url\":\"https:\\\/\\\/www.chateaulaujac.com\\\/de\\\/die-familie-cruse-seit-1852-in-laujac\\\/\",\"name\":\"Die familie Cruse seit\u00a01852 in Laujac\",\"isPartOf\":{\"@id\":\"https:\\\/\\\/www.chateaulaujac.com\\\/#website\"},\"datePublished\":\"2016-05-19T10:46:07+00:00\",\"dateModified\":\"2016-05-19T10:47:01+00:00\",\"breadcrumb\":{\"@id\":\"https:\\\/\\\/www.chateaulaujac.com\\\/de\\\/die-familie-cruse-seit-1852-in-laujac\\\/#breadcrumb\"},\"inLanguage\":\"de\",\"potentialAction\":[{\"@type\":\"ReadAction\",\"target\":[\"https:\\\/\\\/www.chateaulaujac.com\\\/de\\\/die-familie-cruse-seit-1852-in-laujac\\\/\"]}]},{\"@type\":\"BreadcrumbList\",\"@id\":\"https:\\\/\\\/www.chateaulaujac.com\\\/de\\\/die-familie-cruse-seit-1852-in-laujac\\\/#breadcrumb\",\"itemListElement\":[{\"@type\":\"ListItem\",\"position\":1,\"name\":\"Accueil\",\"item\":\"https:\\\/\\\/www.chateaulaujac.com\\\/de\\\/\"},{\"@type\":\"ListItem\",\"position\":2,\"name\":\"Die familie Cruse seit\u00a01852 in Laujac\"}]},{\"@type\":\"WebSite\",\"@id\":\"https:\\\/\\\/www.chateaulaujac.com\\\/#website\",\"url\":\"https:\\\/\\\/www.chateaulaujac.com\\\/\",\"name\":\"Vin du M\u00e9doc\",\"description\":\"Le vaste domaine de\u00a0Laujac, au c\u0153ur du M\u00e9doc, s&#039;\u00e9tend sur une superficie totale de 400 hectares dont 75 hectares de vigne.\",\"publisher\":{\"@id\":\"https:\\\/\\\/www.chateaulaujac.com\\\/#organization\"},\"potentialAction\":[{\"@type\":\"SearchAction\",\"target\":{\"@type\":\"EntryPoint\",\"urlTemplate\":\"https:\\\/\\\/www.chateaulaujac.com\\\/?s={search_term_string}\"},\"query-input\":{\"@type\":\"PropertyValueSpecification\",\"valueRequired\":true,\"valueName\":\"search_term_string\"}}],\"inLanguage\":\"de\"},{\"@type\":\"Organization\",\"@id\":\"https:\\\/\\\/www.chateaulaujac.com\\\/#organization\",\"name\":\"SCEA CHATEAU LAUJAC\",\"url\":\"https:\\\/\\\/www.chateaulaujac.com\\\/\",\"logo\":{\"@type\":\"ImageObject\",\"inLanguage\":\"de\",\"@id\":\"https:\\\/\\\/www.chateaulaujac.com\\\/#\\\/schema\\\/logo\\\/image\\\/\",\"url\":\"https:\\\/\\\/www.chateaulaujac.com\\\/wp-content\\\/uploads\\\/2018\\\/01\\\/logo-chateau-laujac.png\",\"contentUrl\":\"https:\\\/\\\/www.chateaulaujac.com\\\/wp-content\\\/uploads\\\/2018\\\/01\\\/logo-chateau-laujac.png\",\"width\":400,\"height\":400,\"caption\":\"SCEA CHATEAU LAUJAC\"},\"image\":{\"@id\":\"https:\\\/\\\/www.chateaulaujac.com\\\/#\\\/schema\\\/logo\\\/image\\\/\"},\"sameAs\":[\"https:\\\/\\\/www.facebook.com\\\/domaineslaujac\",\"https:\\\/\\\/www.instagram.com\\\/chateaulaujac\\\/\"]}]}<\/script>\n<!-- \/ Yoast SEO plugin. -->","yoast_head_json":{"title":"Die familie Cruse seit\u00a01852 in Laujac","robots":{"index":"index","follow":"follow","max-snippet":"max-snippet:-1","max-image-preview":"max-image-preview:large","max-video-preview":"max-video-preview:-1"},"canonical":"https:\/\/www.chateaulaujac.com\/de\/die-familie-cruse-seit-1852-in-laujac\/","og_locale":"de_DE","og_type":"article","og_title":"Die familie Cruse seit\u00a01852 in Laujac","og_description":"Im Jahr 1852 wagte der Weinh\u00e4ndler Herman Cruse den Erwerb mehrerer Weing\u00fcter: das Ch\u00e2teau Laujac und sp\u00e4ter das Ch\u00e2teaux Pontet-Canet sowie Giscours. Zu diesem Zeitpunkt erfreuten sich die Weine aus Laujac bereits gro\u00dfer Beliebtheit. 1816 tauchte Laujac in einer \u00dcbersicht \u00fcber alle bekannten Weinbaugebiete des Weinkritikers Julien neben den ber\u00fchmten Weinen aus Pauillac in der [&hellip;]","og_url":"https:\/\/www.chateaulaujac.com\/de\/die-familie-cruse-seit-1852-in-laujac\/","og_site_name":"Vin du M\u00e9doc","article_publisher":"https:\/\/www.facebook.com\/domaineslaujac","article_modified_time":"2016-05-19T10:47:01+00:00","twitter_card":"summary_large_image","twitter_misc":{"Gesch\u00e4tzte Lesezeit":"1\u00a0Minute"},"schema":{"@context":"https:\/\/schema.org","@graph":[{"@type":"WebPage","@id":"https:\/\/www.chateaulaujac.com\/de\/die-familie-cruse-seit-1852-in-laujac\/","url":"https:\/\/www.chateaulaujac.com\/de\/die-familie-cruse-seit-1852-in-laujac\/","name":"Die familie Cruse seit\u00a01852 in Laujac","isPartOf":{"@id":"https:\/\/www.chateaulaujac.com\/#website"},"datePublished":"2016-05-19T10:46:07+00:00","dateModified":"2016-05-19T10:47:01+00:00","breadcrumb":{"@id":"https:\/\/www.chateaulaujac.com\/de\/die-familie-cruse-seit-1852-in-laujac\/#breadcrumb"},"inLanguage":"de","potentialAction":[{"@type":"ReadAction","target":["https:\/\/www.chateaulaujac.com\/de\/die-familie-cruse-seit-1852-in-laujac\/"]}]},{"@type":"BreadcrumbList","@id":"https:\/\/www.chateaulaujac.com\/de\/die-familie-cruse-seit-1852-in-laujac\/#breadcrumb","itemListElement":[{"@type":"ListItem","position":1,"name":"Accueil","item":"https:\/\/www.chateaulaujac.com\/de\/"},{"@type":"ListItem","position":2,"name":"Die familie Cruse seit\u00a01852 in Laujac"}]},{"@type":"WebSite","@id":"https:\/\/www.chateaulaujac.com\/#website","url":"https:\/\/www.chateaulaujac.com\/","name":"Vin du M\u00e9doc","description":"Le vaste domaine de\u00a0Laujac, au c\u0153ur du M\u00e9doc, s&#039;\u00e9tend sur une superficie totale de 400 hectares dont 75 hectares de vigne.","publisher":{"@id":"https:\/\/www.chateaulaujac.com\/#organization"},"potentialAction":[{"@type":"SearchAction","target":{"@type":"EntryPoint","urlTemplate":"https:\/\/www.chateaulaujac.com\/?s={search_term_string}"},"query-input":{"@type":"PropertyValueSpecification","valueRequired":true,"valueName":"search_term_string"}}],"inLanguage":"de"},{"@type":"Organization","@id":"https:\/\/www.chateaulaujac.com\/#organization","name":"SCEA CHATEAU LAUJAC","url":"https:\/\/www.chateaulaujac.com\/","logo":{"@type":"ImageObject","inLanguage":"de","@id":"https:\/\/www.chateaulaujac.com\/#\/schema\/logo\/image\/","url":"https:\/\/www.chateaulaujac.com\/wp-content\/uploads\/2018\/01\/logo-chateau-laujac.png","contentUrl":"https:\/\/www.chateaulaujac.com\/wp-content\/uploads\/2018\/01\/logo-chateau-laujac.png","width":400,"height":400,"caption":"SCEA CHATEAU LAUJAC"},"image":{"@id":"https:\/\/www.chateaulaujac.com\/#\/schema\/logo\/image\/"},"sameAs":["https:\/\/www.facebook.com\/domaineslaujac","https:\/\/www.instagram.com\/chateaulaujac\/"]}]}},"_links":{"self":[{"href":"https:\/\/www.chateaulaujac.com\/de\/wp-json\/wp\/v2\/pages\/777","targetHints":{"allow":["GET"]}}],"collection":[{"href":"https:\/\/www.chateaulaujac.com\/de\/wp-json\/wp\/v2\/pages"}],"about":[{"href":"https:\/\/www.chateaulaujac.com\/de\/wp-json\/wp\/v2\/types\/page"}],"author":[{"embeddable":true,"href":"https:\/\/www.chateaulaujac.com\/de\/wp-json\/wp\/v2\/users\/4"}],"replies":[{"embeddable":true,"href":"https:\/\/www.chateaulaujac.com\/de\/wp-json\/wp\/v2\/comments?post=777"}],"version-history":[{"count":1,"href":"https:\/\/www.chateaulaujac.com\/de\/wp-json\/wp\/v2\/pages\/777\/revisions"}],"predecessor-version":[{"id":778,"href":"https:\/\/www.chateaulaujac.com\/de\/wp-json\/wp\/v2\/pages\/777\/revisions\/778"}],"wp:attachment":[{"href":"https:\/\/www.chateaulaujac.com\/de\/wp-json\/wp\/v2\/media?parent=777"}],"curies":[{"name":"wp","href":"https:\/\/api.w.org\/{rel}","templated":true}]}}