{"id":798,"date":"2016-05-19T14:30:22","date_gmt":"2016-05-19T13:30:22","guid":{"rendered":"http:\/\/www.chateaulaujac.com\/de\/?page_id=798"},"modified":"2016-05-19T14:31:15","modified_gmt":"2016-05-19T13:31:15","slug":"die-menschen","status":"publish","type":"page","link":"https:\/\/www.chateaulaujac.com\/de\/die-menschen\/","title":{"rendered":"Die Menschen"},"content":{"rendered":"<p>Zwei Jahrhunderte lang wurde das Gut Laujac von insgesamt 6 Generationen der Familie Cruse gef\u00fchrt. Kenntnisse \u00fcber die genaue Beobachtung des Bodens, die Formung der Parzellen sowie die Wahl der Rebsorten und ihrer Unterlagsreben wurden von Generation zu Generation weitergegeben.<\/p>\n<p>Alle Entscheidungen sind stets mit gr\u00f6\u00dftem Respekt f\u00fcr Natur und Umwelt getroffen worden, denn der Mensch vergeht, das Terroir von Laujac aber \u00fcberdauert.<\/p>\n<p>Generationen von Winzern haben an der Herstellung und Entwicklung unserer Weine mitgewirkt.<\/p>\n<p>Heute steht uns ein Team aus 15\u00a0Personen zur Seite, und was uns eint, ist das Streben nach Exzellenz.<\/p>\n","protected":false},"excerpt":{"rendered":"<p>Zwei Jahrhunderte lang wurde das Gut Laujac von insgesamt 6 Generationen der Familie Cruse gef\u00fchrt. Kenntnisse \u00fcber die genaue Beobachtung des Bodens, die Formung der Parzellen sowie die Wahl der Rebsorten und ihrer Unterlagsreben wurden von Generation zu Generation weitergegeben. Alle Entscheidungen sind stets mit gr\u00f6\u00dftem Respekt f\u00fcr Natur und Umwelt getroffen worden, denn der [&hellip;]<\/p>\n","protected":false},"author":4,"featured_media":0,"parent":0,"menu_order":0,"comment_status":"closed","ping_status":"closed","template":"template-fullwidth.php","meta":{"_monsterinsights_skip_tracking":false,"_monsterinsights_sitenote_active":false,"_monsterinsights_sitenote_note":"","_monsterinsights_sitenote_category":0,"footnotes":""},"class_list":["post-798","page","type-page","status-publish","hentry"],"yoast_head":"<!-- This site is optimized with the Yoast SEO plugin v27.4 - https:\/\/yoast.com\/product\/yoast-seo-wordpress\/ -->\n<title>Die Menschen<\/title>\n<meta name=\"robots\" content=\"index, follow, max-snippet:-1, max-image-preview:large, max-video-preview:-1\" \/>\n<link rel=\"canonical\" href=\"https:\/\/www.chateaulaujac.com\/de\/die-menschen\/\" \/>\n<meta property=\"og:locale\" content=\"de_DE\" \/>\n<meta property=\"og:type\" content=\"article\" \/>\n<meta property=\"og:title\" content=\"Die Menschen\" \/>\n<meta property=\"og:description\" content=\"Zwei Jahrhunderte lang wurde das Gut Laujac von insgesamt 6 Generationen der Familie Cruse gef\u00fchrt. Kenntnisse \u00fcber die genaue Beobachtung des Bodens, die Formung der Parzellen sowie die Wahl der Rebsorten und ihrer Unterlagsreben wurden von Generation zu Generation weitergegeben. Alle Entscheidungen sind stets mit gr\u00f6\u00dftem Respekt f\u00fcr Natur und Umwelt getroffen worden, denn der [&hellip;]\" \/>\n<meta property=\"og:url\" content=\"https:\/\/www.chateaulaujac.com\/de\/die-menschen\/\" \/>\n<meta property=\"og:site_name\" content=\"Vin du M\u00e9doc\" \/>\n<meta property=\"article:publisher\" content=\"https:\/\/www.facebook.com\/domaineslaujac\" \/>\n<meta property=\"article:modified_time\" content=\"2016-05-19T13:31:15+00:00\" \/>\n<meta name=\"twitter:card\" content=\"summary_large_image\" \/>\n<script type=\"application\/ld+json\" class=\"yoast-schema-graph\">{\"@context\":\"https:\\\/\\\/schema.org\",\"@graph\":[{\"@type\":\"WebPage\",\"@id\":\"https:\\\/\\\/www.chateaulaujac.com\\\/de\\\/die-menschen\\\/\",\"url\":\"https:\\\/\\\/www.chateaulaujac.com\\\/de\\\/die-menschen\\\/\",\"name\":\"Die Menschen\",\"isPartOf\":{\"@id\":\"https:\\\/\\\/www.chateaulaujac.com\\\/#website\"},\"datePublished\":\"2016-05-19T13:30:22+00:00\",\"dateModified\":\"2016-05-19T13:31:15+00:00\",\"breadcrumb\":{\"@id\":\"https:\\\/\\\/www.chateaulaujac.com\\\/de\\\/die-menschen\\\/#breadcrumb\"},\"inLanguage\":\"de\",\"potentialAction\":[{\"@type\":\"ReadAction\",\"target\":[\"https:\\\/\\\/www.chateaulaujac.com\\\/de\\\/die-menschen\\\/\"]}]},{\"@type\":\"BreadcrumbList\",\"@id\":\"https:\\\/\\\/www.chateaulaujac.com\\\/de\\\/die-menschen\\\/#breadcrumb\",\"itemListElement\":[{\"@type\":\"ListItem\",\"position\":1,\"name\":\"Accueil\",\"item\":\"https:\\\/\\\/www.chateaulaujac.com\\\/de\\\/\"},{\"@type\":\"ListItem\",\"position\":2,\"name\":\"Die Menschen\"}]},{\"@type\":\"WebSite\",\"@id\":\"https:\\\/\\\/www.chateaulaujac.com\\\/#website\",\"url\":\"https:\\\/\\\/www.chateaulaujac.com\\\/\",\"name\":\"Vin du M\u00e9doc\",\"description\":\"Le vaste domaine de\u00a0Laujac, au c\u0153ur du M\u00e9doc, s&#039;\u00e9tend sur une superficie totale de 400 hectares dont 75 hectares de vigne.\",\"publisher\":{\"@id\":\"https:\\\/\\\/www.chateaulaujac.com\\\/#organization\"},\"potentialAction\":[{\"@type\":\"SearchAction\",\"target\":{\"@type\":\"EntryPoint\",\"urlTemplate\":\"https:\\\/\\\/www.chateaulaujac.com\\\/?s={search_term_string}\"},\"query-input\":{\"@type\":\"PropertyValueSpecification\",\"valueRequired\":true,\"valueName\":\"search_term_string\"}}],\"inLanguage\":\"de\"},{\"@type\":\"Organization\",\"@id\":\"https:\\\/\\\/www.chateaulaujac.com\\\/#organization\",\"name\":\"SCEA CHATEAU LAUJAC\",\"url\":\"https:\\\/\\\/www.chateaulaujac.com\\\/\",\"logo\":{\"@type\":\"ImageObject\",\"inLanguage\":\"de\",\"@id\":\"https:\\\/\\\/www.chateaulaujac.com\\\/#\\\/schema\\\/logo\\\/image\\\/\",\"url\":\"https:\\\/\\\/www.chateaulaujac.com\\\/wp-content\\\/uploads\\\/2018\\\/01\\\/logo-chateau-laujac.png\",\"contentUrl\":\"https:\\\/\\\/www.chateaulaujac.com\\\/wp-content\\\/uploads\\\/2018\\\/01\\\/logo-chateau-laujac.png\",\"width\":400,\"height\":400,\"caption\":\"SCEA CHATEAU LAUJAC\"},\"image\":{\"@id\":\"https:\\\/\\\/www.chateaulaujac.com\\\/#\\\/schema\\\/logo\\\/image\\\/\"},\"sameAs\":[\"https:\\\/\\\/www.facebook.com\\\/domaineslaujac\",\"https:\\\/\\\/www.instagram.com\\\/chateaulaujac\\\/\"]}]}<\/script>\n<!-- \/ Yoast SEO plugin. -->","yoast_head_json":{"title":"Die Menschen","robots":{"index":"index","follow":"follow","max-snippet":"max-snippet:-1","max-image-preview":"max-image-preview:large","max-video-preview":"max-video-preview:-1"},"canonical":"https:\/\/www.chateaulaujac.com\/de\/die-menschen\/","og_locale":"de_DE","og_type":"article","og_title":"Die Menschen","og_description":"Zwei Jahrhunderte lang wurde das Gut Laujac von insgesamt 6 Generationen der Familie Cruse gef\u00fchrt. Kenntnisse \u00fcber die genaue Beobachtung des Bodens, die Formung der Parzellen sowie die Wahl der Rebsorten und ihrer Unterlagsreben wurden von Generation zu Generation weitergegeben. Alle Entscheidungen sind stets mit gr\u00f6\u00dftem Respekt f\u00fcr Natur und Umwelt getroffen worden, denn der [&hellip;]","og_url":"https:\/\/www.chateaulaujac.com\/de\/die-menschen\/","og_site_name":"Vin du M\u00e9doc","article_publisher":"https:\/\/www.facebook.com\/domaineslaujac","article_modified_time":"2016-05-19T13:31:15+00:00","twitter_card":"summary_large_image","schema":{"@context":"https:\/\/schema.org","@graph":[{"@type":"WebPage","@id":"https:\/\/www.chateaulaujac.com\/de\/die-menschen\/","url":"https:\/\/www.chateaulaujac.com\/de\/die-menschen\/","name":"Die Menschen","isPartOf":{"@id":"https:\/\/www.chateaulaujac.com\/#website"},"datePublished":"2016-05-19T13:30:22+00:00","dateModified":"2016-05-19T13:31:15+00:00","breadcrumb":{"@id":"https:\/\/www.chateaulaujac.com\/de\/die-menschen\/#breadcrumb"},"inLanguage":"de","potentialAction":[{"@type":"ReadAction","target":["https:\/\/www.chateaulaujac.com\/de\/die-menschen\/"]}]},{"@type":"BreadcrumbList","@id":"https:\/\/www.chateaulaujac.com\/de\/die-menschen\/#breadcrumb","itemListElement":[{"@type":"ListItem","position":1,"name":"Accueil","item":"https:\/\/www.chateaulaujac.com\/de\/"},{"@type":"ListItem","position":2,"name":"Die Menschen"}]},{"@type":"WebSite","@id":"https:\/\/www.chateaulaujac.com\/#website","url":"https:\/\/www.chateaulaujac.com\/","name":"Vin du M\u00e9doc","description":"Le vaste domaine de\u00a0Laujac, au c\u0153ur du M\u00e9doc, s&#039;\u00e9tend sur une superficie totale de 400 hectares dont 75 hectares de vigne.","publisher":{"@id":"https:\/\/www.chateaulaujac.com\/#organization"},"potentialAction":[{"@type":"SearchAction","target":{"@type":"EntryPoint","urlTemplate":"https:\/\/www.chateaulaujac.com\/?s={search_term_string}"},"query-input":{"@type":"PropertyValueSpecification","valueRequired":true,"valueName":"search_term_string"}}],"inLanguage":"de"},{"@type":"Organization","@id":"https:\/\/www.chateaulaujac.com\/#organization","name":"SCEA CHATEAU LAUJAC","url":"https:\/\/www.chateaulaujac.com\/","logo":{"@type":"ImageObject","inLanguage":"de","@id":"https:\/\/www.chateaulaujac.com\/#\/schema\/logo\/image\/","url":"https:\/\/www.chateaulaujac.com\/wp-content\/uploads\/2018\/01\/logo-chateau-laujac.png","contentUrl":"https:\/\/www.chateaulaujac.com\/wp-content\/uploads\/2018\/01\/logo-chateau-laujac.png","width":400,"height":400,"caption":"SCEA CHATEAU LAUJAC"},"image":{"@id":"https:\/\/www.chateaulaujac.com\/#\/schema\/logo\/image\/"},"sameAs":["https:\/\/www.facebook.com\/domaineslaujac","https:\/\/www.instagram.com\/chateaulaujac\/"]}]}},"_links":{"self":[{"href":"https:\/\/www.chateaulaujac.com\/de\/wp-json\/wp\/v2\/pages\/798","targetHints":{"allow":["GET"]}}],"collection":[{"href":"https:\/\/www.chateaulaujac.com\/de\/wp-json\/wp\/v2\/pages"}],"about":[{"href":"https:\/\/www.chateaulaujac.com\/de\/wp-json\/wp\/v2\/types\/page"}],"author":[{"embeddable":true,"href":"https:\/\/www.chateaulaujac.com\/de\/wp-json\/wp\/v2\/users\/4"}],"replies":[{"embeddable":true,"href":"https:\/\/www.chateaulaujac.com\/de\/wp-json\/wp\/v2\/comments?post=798"}],"version-history":[{"count":2,"href":"https:\/\/www.chateaulaujac.com\/de\/wp-json\/wp\/v2\/pages\/798\/revisions"}],"predecessor-version":[{"id":800,"href":"https:\/\/www.chateaulaujac.com\/de\/wp-json\/wp\/v2\/pages\/798\/revisions\/800"}],"wp:attachment":[{"href":"https:\/\/www.chateaulaujac.com\/de\/wp-json\/wp\/v2\/media?parent=798"}],"curies":[{"name":"wp","href":"https:\/\/api.w.org\/{rel}","templated":true}]}}