{"id":816,"date":"2016-05-19T15:22:27","date_gmt":"2016-05-19T14:22:27","guid":{"rendered":"http:\/\/www.chateaulaujac.com\/de\/?page_id=816"},"modified":"2026-04-23T09:42:39","modified_gmt":"2026-04-23T08:42:39","slug":"in-aller-welt","status":"publish","type":"page","link":"https:\/\/www.chateaulaujac.com\/de\/in-aller-welt\/","title":{"rendered":"In aller welt"},"content":{"rendered":"<p>Seit geraumer Zeit werden die Weine vom Gut Laujac in der ganzen Welt genossen.<\/p>\n<p>Wir exportieren in die USA und in die Schweiz sowie nach Belgien, Deutschland, China und Japan.<\/p>\n<p>Die Treue unserer Kundinnen und Kunden ist unser gr\u00f6\u00dfter Lohn.<\/p>\n<p><strong>Eine sehr alte Beziehung zu Japan, die bis ins Jahr 1903 und die Meiji-\u00c4ra zur\u00fcckreicht<\/strong><\/p>\n<p><a class=\"hs-rsp-popup\" href=\"https:\/\/www.chateaulaujac.com\/wp-content\/uploads\/2026\/04\/relation-Japonais.jpeg\"><img loading=\"lazy\" decoding=\"async\" class=\"img-1 aligncenter wp-image-1397 size-full\" src=\"https:\/\/www.chateaulaujac.com\/wp-content\/uploads\/2026\/04\/relation-Japonais.jpeg\" alt=\"relation Japonais\" width=\"2048\" height=\"1666\" srcset=\"https:\/\/www.chateaulaujac.com\/wp-content\/uploads\/2026\/04\/relation-Japonais.jpeg 2048w, https:\/\/www.chateaulaujac.com\/wp-content\/uploads\/2026\/04\/relation-Japonais-300x244.jpeg 300w, https:\/\/www.chateaulaujac.com\/wp-content\/uploads\/2026\/04\/relation-Japonais-1024x833.jpeg 1024w, https:\/\/www.chateaulaujac.com\/wp-content\/uploads\/2026\/04\/relation-Japonais-768x625.jpeg 768w, https:\/\/www.chateaulaujac.com\/wp-content\/uploads\/2026\/04\/relation-Japonais-1536x1250.jpeg 1536w, https:\/\/www.chateaulaujac.com\/wp-content\/uploads\/2026\/04\/relation-Japonais-650x529.jpeg 650w, https:\/\/www.chateaulaujac.com\/wp-content\/uploads\/2026\/04\/relation-Japonais-960x781.jpeg 960w, https:\/\/www.chateaulaujac.com\/wp-content\/uploads\/2026\/04\/relation-Japonais-1000x813.jpeg 1000w\" sizes=\"auto, (max-width: 2048px) 100vw, 2048px\" \/><\/a><a class=\"hs-rsp-popup\" href=\"https:\/\/www.chateaulaujac.com\/wp-content\/uploads\/2026\/04\/relation-Japonais-traduction.jpeg\"><img loading=\"lazy\" decoding=\"async\" class=\"img-2 aligncenter wp-image-1394 size-full\" src=\"https:\/\/www.chateaulaujac.com\/wp-content\/uploads\/2026\/04\/relation-Japonais-traduction.jpeg\" alt=\"relation Japonais traduction\" width=\"1024\" height=\"1459\" srcset=\"https:\/\/www.chateaulaujac.com\/wp-content\/uploads\/2026\/04\/relation-Japonais-traduction.jpeg 1024w, https:\/\/www.chateaulaujac.com\/wp-content\/uploads\/2026\/04\/relation-Japonais-traduction-211x300.jpeg 211w, https:\/\/www.chateaulaujac.com\/wp-content\/uploads\/2026\/04\/relation-Japonais-traduction-719x1024.jpeg 719w, https:\/\/www.chateaulaujac.com\/wp-content\/uploads\/2026\/04\/relation-Japonais-traduction-768x1094.jpeg 768w, https:\/\/www.chateaulaujac.com\/wp-content\/uploads\/2026\/04\/relation-Japonais-traduction-650x926.jpeg 650w, https:\/\/www.chateaulaujac.com\/wp-content\/uploads\/2026\/04\/relation-Japonais-traduction-960x1368.jpeg 960w, https:\/\/www.chateaulaujac.com\/wp-content\/uploads\/2026\/04\/relation-Japonais-traduction-1000x1425.jpeg 1000w\" sizes=\"auto, (max-width: 1024px) 100vw, 1024px\" \/><\/a><\/p>\n","protected":false},"excerpt":{"rendered":"<p>Seit geraumer Zeit werden die Weine vom Gut Laujac in der ganzen Welt genossen. Wir exportieren in die USA und in die Schweiz sowie nach Belgien, Deutschland, China und Japan. Die Treue unserer Kundinnen und Kunden ist unser gr\u00f6\u00dfter Lohn. Eine sehr alte Beziehung zu Japan, die bis ins Jahr 1903 und die Meiji-\u00c4ra zur\u00fcckreicht<\/p>\n","protected":false},"author":4,"featured_media":0,"parent":0,"menu_order":0,"comment_status":"closed","ping_status":"closed","template":"template-fullwidth.php","meta":{"_monsterinsights_skip_tracking":false,"_monsterinsights_sitenote_active":false,"_monsterinsights_sitenote_note":"","_monsterinsights_sitenote_category":0,"footnotes":""},"class_list":["post-816","page","type-page","status-publish","hentry"],"yoast_head":"<!-- This site is optimized with the Yoast SEO plugin v27.4 - https:\/\/yoast.com\/product\/yoast-seo-wordpress\/ -->\n<title>In aller welt<\/title>\n<meta name=\"robots\" content=\"index, follow, max-snippet:-1, max-image-preview:large, max-video-preview:-1\" \/>\n<link rel=\"canonical\" href=\"https:\/\/www.chateaulaujac.com\/de\/in-aller-welt\/\" \/>\n<meta property=\"og:locale\" content=\"de_DE\" \/>\n<meta property=\"og:type\" content=\"article\" \/>\n<meta property=\"og:title\" content=\"In aller welt\" \/>\n<meta property=\"og:description\" content=\"Seit geraumer Zeit werden die Weine vom Gut Laujac in der ganzen Welt genossen. Wir exportieren in die USA und in die Schweiz sowie nach Belgien, Deutschland, China und Japan. Die Treue unserer Kundinnen und Kunden ist unser gr\u00f6\u00dfter Lohn. Eine sehr alte Beziehung zu Japan, die bis ins Jahr 1903 und die Meiji-\u00c4ra zur\u00fcckreicht\" \/>\n<meta property=\"og:url\" content=\"https:\/\/www.chateaulaujac.com\/de\/in-aller-welt\/\" \/>\n<meta property=\"og:site_name\" content=\"Vin du M\u00e9doc\" \/>\n<meta property=\"article:publisher\" content=\"https:\/\/www.facebook.com\/domaineslaujac\" \/>\n<meta property=\"article:modified_time\" content=\"2026-04-23T08:42:39+00:00\" \/>\n<meta property=\"og:image\" content=\"https:\/\/www.chateaulaujac.com\/wp-content\/uploads\/2026\/04\/relation-Japonais.jpeg\" \/>\n\t<meta property=\"og:image:width\" content=\"2048\" \/>\n\t<meta property=\"og:image:height\" content=\"1666\" \/>\n\t<meta property=\"og:image:type\" content=\"image\/jpeg\" \/>\n<meta name=\"twitter:card\" content=\"summary_large_image\" \/>\n<meta name=\"twitter:label1\" content=\"Gesch\u00e4tzte Lesezeit\" \/>\n\t<meta name=\"twitter:data1\" content=\"1\u00a0Minute\" \/>\n<script type=\"application\/ld+json\" class=\"yoast-schema-graph\">{\"@context\":\"https:\\\/\\\/schema.org\",\"@graph\":[{\"@type\":\"WebPage\",\"@id\":\"https:\\\/\\\/www.chateaulaujac.com\\\/de\\\/in-aller-welt\\\/\",\"url\":\"https:\\\/\\\/www.chateaulaujac.com\\\/de\\\/in-aller-welt\\\/\",\"name\":\"In aller welt\",\"isPartOf\":{\"@id\":\"https:\\\/\\\/www.chateaulaujac.com\\\/#website\"},\"primaryImageOfPage\":{\"@id\":\"https:\\\/\\\/www.chateaulaujac.com\\\/de\\\/in-aller-welt\\\/#primaryimage\"},\"image\":{\"@id\":\"https:\\\/\\\/www.chateaulaujac.com\\\/de\\\/in-aller-welt\\\/#primaryimage\"},\"thumbnailUrl\":\"https:\\\/\\\/www.chateaulaujac.com\\\/wp-content\\\/uploads\\\/2026\\\/04\\\/relation-Japonais.jpeg\",\"datePublished\":\"2016-05-19T14:22:27+00:00\",\"dateModified\":\"2026-04-23T08:42:39+00:00\",\"breadcrumb\":{\"@id\":\"https:\\\/\\\/www.chateaulaujac.com\\\/de\\\/in-aller-welt\\\/#breadcrumb\"},\"inLanguage\":\"de\",\"potentialAction\":[{\"@type\":\"ReadAction\",\"target\":[\"https:\\\/\\\/www.chateaulaujac.com\\\/de\\\/in-aller-welt\\\/\"]}]},{\"@type\":\"ImageObject\",\"inLanguage\":\"de\",\"@id\":\"https:\\\/\\\/www.chateaulaujac.com\\\/de\\\/in-aller-welt\\\/#primaryimage\",\"url\":\"https:\\\/\\\/www.chateaulaujac.com\\\/wp-content\\\/uploads\\\/2026\\\/04\\\/relation-Japonais.jpeg\",\"contentUrl\":\"https:\\\/\\\/www.chateaulaujac.com\\\/wp-content\\\/uploads\\\/2026\\\/04\\\/relation-Japonais.jpeg\"},{\"@type\":\"BreadcrumbList\",\"@id\":\"https:\\\/\\\/www.chateaulaujac.com\\\/de\\\/in-aller-welt\\\/#breadcrumb\",\"itemListElement\":[{\"@type\":\"ListItem\",\"position\":1,\"name\":\"Accueil\",\"item\":\"https:\\\/\\\/www.chateaulaujac.com\\\/de\\\/\"},{\"@type\":\"ListItem\",\"position\":2,\"name\":\"In aller welt\"}]},{\"@type\":\"WebSite\",\"@id\":\"https:\\\/\\\/www.chateaulaujac.com\\\/#website\",\"url\":\"https:\\\/\\\/www.chateaulaujac.com\\\/\",\"name\":\"Vin du M\u00e9doc\",\"description\":\"Le vaste domaine de\u00a0Laujac, au c\u0153ur du M\u00e9doc, s&#039;\u00e9tend sur une superficie totale de 400 hectares dont 75 hectares de vigne.\",\"publisher\":{\"@id\":\"https:\\\/\\\/www.chateaulaujac.com\\\/#organization\"},\"potentialAction\":[{\"@type\":\"SearchAction\",\"target\":{\"@type\":\"EntryPoint\",\"urlTemplate\":\"https:\\\/\\\/www.chateaulaujac.com\\\/?s={search_term_string}\"},\"query-input\":{\"@type\":\"PropertyValueSpecification\",\"valueRequired\":true,\"valueName\":\"search_term_string\"}}],\"inLanguage\":\"de\"},{\"@type\":\"Organization\",\"@id\":\"https:\\\/\\\/www.chateaulaujac.com\\\/#organization\",\"name\":\"SCEA CHATEAU LAUJAC\",\"url\":\"https:\\\/\\\/www.chateaulaujac.com\\\/\",\"logo\":{\"@type\":\"ImageObject\",\"inLanguage\":\"de\",\"@id\":\"https:\\\/\\\/www.chateaulaujac.com\\\/#\\\/schema\\\/logo\\\/image\\\/\",\"url\":\"https:\\\/\\\/www.chateaulaujac.com\\\/wp-content\\\/uploads\\\/2018\\\/01\\\/logo-chateau-laujac.png\",\"contentUrl\":\"https:\\\/\\\/www.chateaulaujac.com\\\/wp-content\\\/uploads\\\/2018\\\/01\\\/logo-chateau-laujac.png\",\"width\":400,\"height\":400,\"caption\":\"SCEA CHATEAU LAUJAC\"},\"image\":{\"@id\":\"https:\\\/\\\/www.chateaulaujac.com\\\/#\\\/schema\\\/logo\\\/image\\\/\"},\"sameAs\":[\"https:\\\/\\\/www.facebook.com\\\/domaineslaujac\",\"https:\\\/\\\/www.instagram.com\\\/chateaulaujac\\\/\"]}]}<\/script>\n<!-- \/ Yoast SEO plugin. -->","yoast_head_json":{"title":"In aller welt","robots":{"index":"index","follow":"follow","max-snippet":"max-snippet:-1","max-image-preview":"max-image-preview:large","max-video-preview":"max-video-preview:-1"},"canonical":"https:\/\/www.chateaulaujac.com\/de\/in-aller-welt\/","og_locale":"de_DE","og_type":"article","og_title":"In aller welt","og_description":"Seit geraumer Zeit werden die Weine vom Gut Laujac in der ganzen Welt genossen. Wir exportieren in die USA und in die Schweiz sowie nach Belgien, Deutschland, China und Japan. Die Treue unserer Kundinnen und Kunden ist unser gr\u00f6\u00dfter Lohn. Eine sehr alte Beziehung zu Japan, die bis ins Jahr 1903 und die Meiji-\u00c4ra zur\u00fcckreicht","og_url":"https:\/\/www.chateaulaujac.com\/de\/in-aller-welt\/","og_site_name":"Vin du M\u00e9doc","article_publisher":"https:\/\/www.facebook.com\/domaineslaujac","article_modified_time":"2026-04-23T08:42:39+00:00","og_image":[{"width":2048,"height":1666,"url":"https:\/\/www.chateaulaujac.com\/wp-content\/uploads\/2026\/04\/relation-Japonais.jpeg","type":"image\/jpeg"}],"twitter_card":"summary_large_image","twitter_misc":{"Gesch\u00e4tzte Lesezeit":"1\u00a0Minute"},"schema":{"@context":"https:\/\/schema.org","@graph":[{"@type":"WebPage","@id":"https:\/\/www.chateaulaujac.com\/de\/in-aller-welt\/","url":"https:\/\/www.chateaulaujac.com\/de\/in-aller-welt\/","name":"In aller welt","isPartOf":{"@id":"https:\/\/www.chateaulaujac.com\/#website"},"primaryImageOfPage":{"@id":"https:\/\/www.chateaulaujac.com\/de\/in-aller-welt\/#primaryimage"},"image":{"@id":"https:\/\/www.chateaulaujac.com\/de\/in-aller-welt\/#primaryimage"},"thumbnailUrl":"https:\/\/www.chateaulaujac.com\/wp-content\/uploads\/2026\/04\/relation-Japonais.jpeg","datePublished":"2016-05-19T14:22:27+00:00","dateModified":"2026-04-23T08:42:39+00:00","breadcrumb":{"@id":"https:\/\/www.chateaulaujac.com\/de\/in-aller-welt\/#breadcrumb"},"inLanguage":"de","potentialAction":[{"@type":"ReadAction","target":["https:\/\/www.chateaulaujac.com\/de\/in-aller-welt\/"]}]},{"@type":"ImageObject","inLanguage":"de","@id":"https:\/\/www.chateaulaujac.com\/de\/in-aller-welt\/#primaryimage","url":"https:\/\/www.chateaulaujac.com\/wp-content\/uploads\/2026\/04\/relation-Japonais.jpeg","contentUrl":"https:\/\/www.chateaulaujac.com\/wp-content\/uploads\/2026\/04\/relation-Japonais.jpeg"},{"@type":"BreadcrumbList","@id":"https:\/\/www.chateaulaujac.com\/de\/in-aller-welt\/#breadcrumb","itemListElement":[{"@type":"ListItem","position":1,"name":"Accueil","item":"https:\/\/www.chateaulaujac.com\/de\/"},{"@type":"ListItem","position":2,"name":"In aller welt"}]},{"@type":"WebSite","@id":"https:\/\/www.chateaulaujac.com\/#website","url":"https:\/\/www.chateaulaujac.com\/","name":"Vin du M\u00e9doc","description":"Le vaste domaine de\u00a0Laujac, au c\u0153ur du M\u00e9doc, s&#039;\u00e9tend sur une superficie totale de 400 hectares dont 75 hectares de vigne.","publisher":{"@id":"https:\/\/www.chateaulaujac.com\/#organization"},"potentialAction":[{"@type":"SearchAction","target":{"@type":"EntryPoint","urlTemplate":"https:\/\/www.chateaulaujac.com\/?s={search_term_string}"},"query-input":{"@type":"PropertyValueSpecification","valueRequired":true,"valueName":"search_term_string"}}],"inLanguage":"de"},{"@type":"Organization","@id":"https:\/\/www.chateaulaujac.com\/#organization","name":"SCEA CHATEAU LAUJAC","url":"https:\/\/www.chateaulaujac.com\/","logo":{"@type":"ImageObject","inLanguage":"de","@id":"https:\/\/www.chateaulaujac.com\/#\/schema\/logo\/image\/","url":"https:\/\/www.chateaulaujac.com\/wp-content\/uploads\/2018\/01\/logo-chateau-laujac.png","contentUrl":"https:\/\/www.chateaulaujac.com\/wp-content\/uploads\/2018\/01\/logo-chateau-laujac.png","width":400,"height":400,"caption":"SCEA CHATEAU LAUJAC"},"image":{"@id":"https:\/\/www.chateaulaujac.com\/#\/schema\/logo\/image\/"},"sameAs":["https:\/\/www.facebook.com\/domaineslaujac","https:\/\/www.instagram.com\/chateaulaujac\/"]}]}},"_links":{"self":[{"href":"https:\/\/www.chateaulaujac.com\/de\/wp-json\/wp\/v2\/pages\/816","targetHints":{"allow":["GET"]}}],"collection":[{"href":"https:\/\/www.chateaulaujac.com\/de\/wp-json\/wp\/v2\/pages"}],"about":[{"href":"https:\/\/www.chateaulaujac.com\/de\/wp-json\/wp\/v2\/types\/page"}],"author":[{"embeddable":true,"href":"https:\/\/www.chateaulaujac.com\/de\/wp-json\/wp\/v2\/users\/4"}],"replies":[{"embeddable":true,"href":"https:\/\/www.chateaulaujac.com\/de\/wp-json\/wp\/v2\/comments?post=816"}],"version-history":[{"count":10,"href":"https:\/\/www.chateaulaujac.com\/de\/wp-json\/wp\/v2\/pages\/816\/revisions"}],"predecessor-version":[{"id":1413,"href":"https:\/\/www.chateaulaujac.com\/de\/wp-json\/wp\/v2\/pages\/816\/revisions\/1413"}],"wp:attachment":[{"href":"https:\/\/www.chateaulaujac.com\/de\/wp-json\/wp\/v2\/media?parent=816"}],"curies":[{"name":"wp","href":"https:\/\/api.w.org\/{rel}","templated":true}]}}