{"id":824,"date":"2016-05-19T15:40:02","date_gmt":"2016-05-19T14:40:02","guid":{"rendered":"http:\/\/www.chateaulaujac.com\/de\/?page_id=824"},"modified":"2024-04-22T13:56:56","modified_gmt":"2024-04-22T12:56:56","slug":"chateau-laujac","status":"publish","type":"page","link":"https:\/\/www.chateaulaujac.com\/de\/chateau-laujac\/","title":{"rendered":"Ch\u00e2teau Laujac"},"content":{"rendered":"<div class=\"container_txt\">\n<p><span class=\"color-laujac\">Appellation :<\/span> M\u00e9doc<\/p>\n<p><span class=\"color-laujac\">Assemblage :<\/span> 60% Cabernet Sauvignon, 35% Merlot, 5% Petit Verdot<\/p>\n<p><span class=\"color-laujac\">Verkostungsnotizen :<\/span> Sein intensives Rubinrot verwandelt sich mit den Jahren in Granatrot, das von ziegelfarbenen Reflexen durchwirkt wird, ohne an Glanz und Intensit\u00e4t zu verlieren. Ein dichter Wein mit Noten von schwarzer Johannisbeere und Heidelbeere. Am Gaumen pr\u00e4sentiert er sich zart und rein. Die feinen Tannine sind gut eingebunden. Dank seiner sch\u00f6nen Struktur ein lagerf\u00e4higer Wein, der lange ein Genuss bleibt.<\/p>\n<p><span class=\"color-laujac\">Servierempfehlung :<\/span> Reichen Sie diesen Wein zu Zander in Rotweinso\u00dfe, Entenbrust mit Preiselbeeren oder Rindfleisch \u201e\u00e0 la foresti\u00e8re\u201c mit Kartoffeln, Pilzen und Speck.<\/p>\n<p><span class=\"color-laujac\">Trinktemperatur :<\/span> Zwischen 16\u00b0 und 18\u00b0<\/p>\n<\/div>\n<div class=\"container_btn\"><a class=\"btn-savoir-plus\" title=\"wein Ch\u00e2teau Laujac\" href=\"https:\/\/www.chateaulaujac.com\/wp-content\/uploads\/2024\/03\/Chateau-Laujac-CB-ALL.pdf\" target=\"_blank\" rel=\"noopener\">Datenblatt herunterladen<\/a><\/div>\n<div class=\"mention\">\n<p>Der Missbrauch von Alkohol kann gesundheitssch\u00e4digend sein. Trinken Sie mit Ma\u00df.<\/p>\n<p><img loading=\"lazy\" decoding=\"async\" class=\"aligncenter wp-image-1292 size-thumbnail\" src=\"https:\/\/www.chateaulaujac.com\/wp-content\/uploads\/2024\/03\/LOGO_PASTILLE_CB_SUPERIEUR-150x150.png\" alt=\"Logo Cru Bourgeois Sup\u00e9rieur\" width=\"150\" height=\"150\" srcset=\"https:\/\/www.chateaulaujac.com\/wp-content\/uploads\/2024\/03\/LOGO_PASTILLE_CB_SUPERIEUR-150x150.png 150w, https:\/\/www.chateaulaujac.com\/wp-content\/uploads\/2024\/03\/LOGO_PASTILLE_CB_SUPERIEUR-60x60.png 60w, https:\/\/www.chateaulaujac.com\/wp-content\/uploads\/2024\/03\/LOGO_PASTILLE_CB_SUPERIEUR-75x75.png 75w, https:\/\/www.chateaulaujac.com\/wp-content\/uploads\/2024\/03\/LOGO_PASTILLE_CB_SUPERIEUR.png 200w\" sizes=\"auto, (max-width: 150px) 100vw, 150px\" \/><\/p>\n<\/div>\n","protected":false},"excerpt":{"rendered":"<p>Appellation : M\u00e9doc Assemblage : 60% Cabernet Sauvignon, 35% Merlot, 5% Petit Verdot Verkostungsnotizen : Sein intensives Rubinrot verwandelt sich mit den Jahren in Granatrot, das von ziegelfarbenen Reflexen durchwirkt wird, ohne an Glanz und Intensit\u00e4t zu verlieren. Ein dichter Wein mit Noten von schwarzer Johannisbeere und Heidelbeere. Am Gaumen pr\u00e4sentiert er sich zart und [&hellip;]<\/p>\n","protected":false},"author":4,"featured_media":739,"parent":0,"menu_order":0,"comment_status":"closed","ping_status":"closed","template":"template-fullwidth.php","meta":{"_monsterinsights_skip_tracking":false,"_monsterinsights_sitenote_active":false,"_monsterinsights_sitenote_note":"","_monsterinsights_sitenote_category":0,"footnotes":""},"class_list":["post-824","page","type-page","status-publish","has-post-thumbnail","hentry"],"yoast_head":"<!-- This site is optimized with the Yoast SEO plugin v27.4 - https:\/\/yoast.com\/product\/yoast-seo-wordpress\/ -->\n<title>Ch\u00e2teau Laujac<\/title>\n<meta name=\"robots\" content=\"index, follow, max-snippet:-1, max-image-preview:large, max-video-preview:-1\" \/>\n<link rel=\"canonical\" href=\"https:\/\/www.chateaulaujac.com\/de\/chateau-laujac\/\" \/>\n<meta property=\"og:locale\" content=\"de_DE\" \/>\n<meta property=\"og:type\" content=\"article\" \/>\n<meta property=\"og:title\" content=\"Ch\u00e2teau Laujac\" \/>\n<meta property=\"og:description\" content=\"Appellation : M\u00e9doc Assemblage : 60% Cabernet Sauvignon, 35% Merlot, 5% Petit Verdot Verkostungsnotizen : Sein intensives Rubinrot verwandelt sich mit den Jahren in Granatrot, das von ziegelfarbenen Reflexen durchwirkt wird, ohne an Glanz und Intensit\u00e4t zu verlieren. Ein dichter Wein mit Noten von schwarzer Johannisbeere und Heidelbeere. Am Gaumen pr\u00e4sentiert er sich zart und [&hellip;]\" \/>\n<meta property=\"og:url\" content=\"https:\/\/www.chateaulaujac.com\/de\/chateau-laujac\/\" \/>\n<meta property=\"og:site_name\" content=\"Vin du M\u00e9doc\" \/>\n<meta property=\"article:publisher\" content=\"https:\/\/www.facebook.com\/domaineslaujac\" \/>\n<meta property=\"article:modified_time\" content=\"2024-04-22T12:56:56+00:00\" \/>\n<meta property=\"og:image\" content=\"https:\/\/www.chateaulaujac.com\/wp-content\/uploads\/2016\/04\/chateau-laujac-medoc.jpg\" \/>\n\t<meta property=\"og:image:width\" content=\"1980\" \/>\n\t<meta property=\"og:image:height\" content=\"1320\" \/>\n\t<meta property=\"og:image:type\" content=\"image\/jpeg\" \/>\n<meta name=\"twitter:card\" content=\"summary_large_image\" \/>\n<meta name=\"twitter:label1\" content=\"Gesch\u00e4tzte Lesezeit\" \/>\n\t<meta name=\"twitter:data1\" content=\"1\u00a0Minute\" \/>\n<script type=\"application\/ld+json\" class=\"yoast-schema-graph\">{\"@context\":\"https:\\\/\\\/schema.org\",\"@graph\":[{\"@type\":\"WebPage\",\"@id\":\"https:\\\/\\\/www.chateaulaujac.com\\\/de\\\/chateau-laujac\\\/\",\"url\":\"https:\\\/\\\/www.chateaulaujac.com\\\/de\\\/chateau-laujac\\\/\",\"name\":\"Ch\u00e2teau Laujac\",\"isPartOf\":{\"@id\":\"https:\\\/\\\/www.chateaulaujac.com\\\/#website\"},\"primaryImageOfPage\":{\"@id\":\"https:\\\/\\\/www.chateaulaujac.com\\\/de\\\/chateau-laujac\\\/#primaryimage\"},\"image\":{\"@id\":\"https:\\\/\\\/www.chateaulaujac.com\\\/de\\\/chateau-laujac\\\/#primaryimage\"},\"thumbnailUrl\":\"https:\\\/\\\/www.chateaulaujac.com\\\/wp-content\\\/uploads\\\/2016\\\/04\\\/chateau-laujac-medoc.jpg\",\"datePublished\":\"2016-05-19T14:40:02+00:00\",\"dateModified\":\"2024-04-22T12:56:56+00:00\",\"breadcrumb\":{\"@id\":\"https:\\\/\\\/www.chateaulaujac.com\\\/de\\\/chateau-laujac\\\/#breadcrumb\"},\"inLanguage\":\"de\",\"potentialAction\":[{\"@type\":\"ReadAction\",\"target\":[\"https:\\\/\\\/www.chateaulaujac.com\\\/de\\\/chateau-laujac\\\/\"]}]},{\"@type\":\"ImageObject\",\"inLanguage\":\"de\",\"@id\":\"https:\\\/\\\/www.chateaulaujac.com\\\/de\\\/chateau-laujac\\\/#primaryimage\",\"url\":\"https:\\\/\\\/www.chateaulaujac.com\\\/wp-content\\\/uploads\\\/2016\\\/04\\\/chateau-laujac-medoc.jpg\",\"contentUrl\":\"https:\\\/\\\/www.chateaulaujac.com\\\/wp-content\\\/uploads\\\/2016\\\/04\\\/chateau-laujac-medoc.jpg\",\"width\":1980,\"height\":1320},{\"@type\":\"BreadcrumbList\",\"@id\":\"https:\\\/\\\/www.chateaulaujac.com\\\/de\\\/chateau-laujac\\\/#breadcrumb\",\"itemListElement\":[{\"@type\":\"ListItem\",\"position\":1,\"name\":\"Accueil\",\"item\":\"https:\\\/\\\/www.chateaulaujac.com\\\/de\\\/\"},{\"@type\":\"ListItem\",\"position\":2,\"name\":\"Ch\u00e2teau Laujac\"}]},{\"@type\":\"WebSite\",\"@id\":\"https:\\\/\\\/www.chateaulaujac.com\\\/#website\",\"url\":\"https:\\\/\\\/www.chateaulaujac.com\\\/\",\"name\":\"Vin du M\u00e9doc\",\"description\":\"Le vaste domaine de\u00a0Laujac, au c\u0153ur du M\u00e9doc, s&#039;\u00e9tend sur une superficie totale de 400 hectares dont 75 hectares de vigne.\",\"publisher\":{\"@id\":\"https:\\\/\\\/www.chateaulaujac.com\\\/#organization\"},\"potentialAction\":[{\"@type\":\"SearchAction\",\"target\":{\"@type\":\"EntryPoint\",\"urlTemplate\":\"https:\\\/\\\/www.chateaulaujac.com\\\/?s={search_term_string}\"},\"query-input\":{\"@type\":\"PropertyValueSpecification\",\"valueRequired\":true,\"valueName\":\"search_term_string\"}}],\"inLanguage\":\"de\"},{\"@type\":\"Organization\",\"@id\":\"https:\\\/\\\/www.chateaulaujac.com\\\/#organization\",\"name\":\"SCEA CHATEAU LAUJAC\",\"url\":\"https:\\\/\\\/www.chateaulaujac.com\\\/\",\"logo\":{\"@type\":\"ImageObject\",\"inLanguage\":\"de\",\"@id\":\"https:\\\/\\\/www.chateaulaujac.com\\\/#\\\/schema\\\/logo\\\/image\\\/\",\"url\":\"https:\\\/\\\/www.chateaulaujac.com\\\/wp-content\\\/uploads\\\/2018\\\/01\\\/logo-chateau-laujac.png\",\"contentUrl\":\"https:\\\/\\\/www.chateaulaujac.com\\\/wp-content\\\/uploads\\\/2018\\\/01\\\/logo-chateau-laujac.png\",\"width\":400,\"height\":400,\"caption\":\"SCEA CHATEAU LAUJAC\"},\"image\":{\"@id\":\"https:\\\/\\\/www.chateaulaujac.com\\\/#\\\/schema\\\/logo\\\/image\\\/\"},\"sameAs\":[\"https:\\\/\\\/www.facebook.com\\\/domaineslaujac\",\"https:\\\/\\\/www.instagram.com\\\/chateaulaujac\\\/\"]}]}<\/script>\n<!-- \/ Yoast SEO plugin. -->","yoast_head_json":{"title":"Ch\u00e2teau Laujac","robots":{"index":"index","follow":"follow","max-snippet":"max-snippet:-1","max-image-preview":"max-image-preview:large","max-video-preview":"max-video-preview:-1"},"canonical":"https:\/\/www.chateaulaujac.com\/de\/chateau-laujac\/","og_locale":"de_DE","og_type":"article","og_title":"Ch\u00e2teau Laujac","og_description":"Appellation : M\u00e9doc Assemblage : 60% Cabernet Sauvignon, 35% Merlot, 5% Petit Verdot Verkostungsnotizen : Sein intensives Rubinrot verwandelt sich mit den Jahren in Granatrot, das von ziegelfarbenen Reflexen durchwirkt wird, ohne an Glanz und Intensit\u00e4t zu verlieren. Ein dichter Wein mit Noten von schwarzer Johannisbeere und Heidelbeere. Am Gaumen pr\u00e4sentiert er sich zart und [&hellip;]","og_url":"https:\/\/www.chateaulaujac.com\/de\/chateau-laujac\/","og_site_name":"Vin du M\u00e9doc","article_publisher":"https:\/\/www.facebook.com\/domaineslaujac","article_modified_time":"2024-04-22T12:56:56+00:00","og_image":[{"width":1980,"height":1320,"url":"https:\/\/www.chateaulaujac.com\/wp-content\/uploads\/2016\/04\/chateau-laujac-medoc.jpg","type":"image\/jpeg"}],"twitter_card":"summary_large_image","twitter_misc":{"Gesch\u00e4tzte Lesezeit":"1\u00a0Minute"},"schema":{"@context":"https:\/\/schema.org","@graph":[{"@type":"WebPage","@id":"https:\/\/www.chateaulaujac.com\/de\/chateau-laujac\/","url":"https:\/\/www.chateaulaujac.com\/de\/chateau-laujac\/","name":"Ch\u00e2teau Laujac","isPartOf":{"@id":"https:\/\/www.chateaulaujac.com\/#website"},"primaryImageOfPage":{"@id":"https:\/\/www.chateaulaujac.com\/de\/chateau-laujac\/#primaryimage"},"image":{"@id":"https:\/\/www.chateaulaujac.com\/de\/chateau-laujac\/#primaryimage"},"thumbnailUrl":"https:\/\/www.chateaulaujac.com\/wp-content\/uploads\/2016\/04\/chateau-laujac-medoc.jpg","datePublished":"2016-05-19T14:40:02+00:00","dateModified":"2024-04-22T12:56:56+00:00","breadcrumb":{"@id":"https:\/\/www.chateaulaujac.com\/de\/chateau-laujac\/#breadcrumb"},"inLanguage":"de","potentialAction":[{"@type":"ReadAction","target":["https:\/\/www.chateaulaujac.com\/de\/chateau-laujac\/"]}]},{"@type":"ImageObject","inLanguage":"de","@id":"https:\/\/www.chateaulaujac.com\/de\/chateau-laujac\/#primaryimage","url":"https:\/\/www.chateaulaujac.com\/wp-content\/uploads\/2016\/04\/chateau-laujac-medoc.jpg","contentUrl":"https:\/\/www.chateaulaujac.com\/wp-content\/uploads\/2016\/04\/chateau-laujac-medoc.jpg","width":1980,"height":1320},{"@type":"BreadcrumbList","@id":"https:\/\/www.chateaulaujac.com\/de\/chateau-laujac\/#breadcrumb","itemListElement":[{"@type":"ListItem","position":1,"name":"Accueil","item":"https:\/\/www.chateaulaujac.com\/de\/"},{"@type":"ListItem","position":2,"name":"Ch\u00e2teau Laujac"}]},{"@type":"WebSite","@id":"https:\/\/www.chateaulaujac.com\/#website","url":"https:\/\/www.chateaulaujac.com\/","name":"Vin du M\u00e9doc","description":"Le vaste domaine de\u00a0Laujac, au c\u0153ur du M\u00e9doc, s&#039;\u00e9tend sur une superficie totale de 400 hectares dont 75 hectares de vigne.","publisher":{"@id":"https:\/\/www.chateaulaujac.com\/#organization"},"potentialAction":[{"@type":"SearchAction","target":{"@type":"EntryPoint","urlTemplate":"https:\/\/www.chateaulaujac.com\/?s={search_term_string}"},"query-input":{"@type":"PropertyValueSpecification","valueRequired":true,"valueName":"search_term_string"}}],"inLanguage":"de"},{"@type":"Organization","@id":"https:\/\/www.chateaulaujac.com\/#organization","name":"SCEA CHATEAU LAUJAC","url":"https:\/\/www.chateaulaujac.com\/","logo":{"@type":"ImageObject","inLanguage":"de","@id":"https:\/\/www.chateaulaujac.com\/#\/schema\/logo\/image\/","url":"https:\/\/www.chateaulaujac.com\/wp-content\/uploads\/2018\/01\/logo-chateau-laujac.png","contentUrl":"https:\/\/www.chateaulaujac.com\/wp-content\/uploads\/2018\/01\/logo-chateau-laujac.png","width":400,"height":400,"caption":"SCEA CHATEAU LAUJAC"},"image":{"@id":"https:\/\/www.chateaulaujac.com\/#\/schema\/logo\/image\/"},"sameAs":["https:\/\/www.facebook.com\/domaineslaujac","https:\/\/www.instagram.com\/chateaulaujac\/"]}]}},"_links":{"self":[{"href":"https:\/\/www.chateaulaujac.com\/de\/wp-json\/wp\/v2\/pages\/824","targetHints":{"allow":["GET"]}}],"collection":[{"href":"https:\/\/www.chateaulaujac.com\/de\/wp-json\/wp\/v2\/pages"}],"about":[{"href":"https:\/\/www.chateaulaujac.com\/de\/wp-json\/wp\/v2\/types\/page"}],"author":[{"embeddable":true,"href":"https:\/\/www.chateaulaujac.com\/de\/wp-json\/wp\/v2\/users\/4"}],"replies":[{"embeddable":true,"href":"https:\/\/www.chateaulaujac.com\/de\/wp-json\/wp\/v2\/comments?post=824"}],"version-history":[{"count":5,"href":"https:\/\/www.chateaulaujac.com\/de\/wp-json\/wp\/v2\/pages\/824\/revisions"}],"predecessor-version":[{"id":1296,"href":"https:\/\/www.chateaulaujac.com\/de\/wp-json\/wp\/v2\/pages\/824\/revisions\/1296"}],"wp:featuredmedia":[{"embeddable":true,"href":"https:\/\/www.chateaulaujac.com\/de\/wp-json\/wp\/v2\/media\/739"}],"wp:attachment":[{"href":"https:\/\/www.chateaulaujac.com\/de\/wp-json\/wp\/v2\/media?parent=824"}],"curies":[{"name":"wp","href":"https:\/\/api.w.org\/{rel}","templated":true}]}}