{"id":844,"date":"2016-05-19T16:10:27","date_gmt":"2016-05-19T15:10:27","guid":{"rendered":"http:\/\/www.chateaulaujac.com\/de\/?page_id=844"},"modified":"2016-05-20T13:36:24","modified_gmt":"2016-05-20T12:36:24","slug":"chateau-tour-cordouan","status":"publish","type":"page","link":"https:\/\/www.chateaulaujac.com\/de\/chateau-tour-cordouan\/","title":{"rendered":"Ch\u00e2teau La Tour Cordouan"},"content":{"rendered":"<div class=\"container_txt\" >\n<p><span class=\"color-laujac\">Appellation :<\/span> M\u00e9doc<\/p>\n<p><span class=\"color-laujac\">Assemblage :<\/span> 50% Cabernet Sauvignon, 50% Merlot<\/p>\n<p><span class=\"color-laujac\">Verkostungsnotiz :<\/span> Eine intensive und leuchtende Robe. Das Bukett verstr\u00f6mt angenehme Noten von roten Fr\u00fcchten. Am Gaumen vielschichtig und \u00fcppig, im Nachhall leicht rauchig. Dank seiner sch\u00f6nen Ausgewogenheit kann dieser Wein sehr jung genossen werden. <\/p>\n<p><span class=\"color-laujac\">Servierempfehlung :<\/span> Kann zu wei\u00dfem Fleisch, wie gebratenem Gefl\u00fcgel, aber auch zu Kalbsr\u00fccken mit Champignons oder einem Lamm-Carr\u00e9e gereicht werden. <\/p>\n<p><span class=\"color-laujac\">Trinktemperatur :<\/span> Zwischen 16\u00b0 und 18\u00b0<\/p>\n<\/div>\n<div class=\"container_btn\">\n\t<a class=\"btn-savoir-plus\" href=\"http:\/\/www.chateaulaujac.com\/wp-content\/uploads\/2016\/05\/wein-chateau-la-tour-cordouan-de.pdf\" title=\"wein Ch\u00e2teau La Tour Cordouan\" target=\"_blank\" >Datenblatt herunterladen<\/a>\n<\/div>\n<div class=\"mention\">\n<p>Der Missbrauch von Alkohol kann gesundheitssch\u00e4digend sein. Trinken Sie mit Ma\u00df.<\/p>\n<\/div>\n","protected":false},"excerpt":{"rendered":"<p>Appellation : M\u00e9doc Assemblage : 50% Cabernet Sauvignon, 50% Merlot Verkostungsnotiz : Eine intensive und leuchtende Robe. Das Bukett verstr\u00f6mt angenehme Noten von roten Fr\u00fcchten. Am Gaumen vielschichtig und \u00fcppig, im Nachhall leicht rauchig. Dank seiner sch\u00f6nen Ausgewogenheit kann dieser Wein sehr jung genossen werden. Servierempfehlung : Kann zu wei\u00dfem Fleisch, wie gebratenem Gefl\u00fcgel, aber [&hellip;]<\/p>\n","protected":false},"author":4,"featured_media":659,"parent":0,"menu_order":0,"comment_status":"closed","ping_status":"closed","template":"template-fullwidth.php","meta":{"_monsterinsights_skip_tracking":false,"_monsterinsights_sitenote_active":false,"_monsterinsights_sitenote_note":"","_monsterinsights_sitenote_category":0,"footnotes":""},"class_list":["post-844","page","type-page","status-publish","has-post-thumbnail","hentry"],"yoast_head":"<!-- This site is optimized with the Yoast SEO plugin v27.4 - https:\/\/yoast.com\/product\/yoast-seo-wordpress\/ -->\n<title>Ch\u00e2teau La Tour Cordouan<\/title>\n<meta name=\"robots\" content=\"index, follow, max-snippet:-1, max-image-preview:large, max-video-preview:-1\" \/>\n<link rel=\"canonical\" href=\"https:\/\/www.chateaulaujac.com\/de\/chateau-tour-cordouan\/\" \/>\n<meta property=\"og:locale\" content=\"de_DE\" \/>\n<meta property=\"og:type\" content=\"article\" \/>\n<meta property=\"og:title\" content=\"Ch\u00e2teau La Tour Cordouan\" \/>\n<meta property=\"og:description\" content=\"Appellation : M\u00e9doc Assemblage : 50% Cabernet Sauvignon, 50% Merlot Verkostungsnotiz : Eine intensive und leuchtende Robe. Das Bukett verstr\u00f6mt angenehme Noten von roten Fr\u00fcchten. Am Gaumen vielschichtig und \u00fcppig, im Nachhall leicht rauchig. Dank seiner sch\u00f6nen Ausgewogenheit kann dieser Wein sehr jung genossen werden. Servierempfehlung : Kann zu wei\u00dfem Fleisch, wie gebratenem Gefl\u00fcgel, aber [&hellip;]\" \/>\n<meta property=\"og:url\" content=\"https:\/\/www.chateaulaujac.com\/de\/chateau-tour-cordouan\/\" \/>\n<meta property=\"og:site_name\" content=\"Vin du M\u00e9doc\" \/>\n<meta property=\"article:publisher\" content=\"https:\/\/www.facebook.com\/domaineslaujac\" \/>\n<meta property=\"article:modified_time\" content=\"2016-05-20T12:36:24+00:00\" \/>\n<meta name=\"twitter:card\" content=\"summary_large_image\" \/>\n<script type=\"application\/ld+json\" class=\"yoast-schema-graph\">{\"@context\":\"https:\\\/\\\/schema.org\",\"@graph\":[{\"@type\":\"WebPage\",\"@id\":\"https:\\\/\\\/www.chateaulaujac.com\\\/de\\\/chateau-tour-cordouan\\\/\",\"url\":\"https:\\\/\\\/www.chateaulaujac.com\\\/de\\\/chateau-tour-cordouan\\\/\",\"name\":\"Ch\u00e2teau La Tour Cordouan\",\"isPartOf\":{\"@id\":\"https:\\\/\\\/www.chateaulaujac.com\\\/#website\"},\"primaryImageOfPage\":{\"@id\":\"https:\\\/\\\/www.chateaulaujac.com\\\/de\\\/chateau-tour-cordouan\\\/#primaryimage\"},\"image\":{\"@id\":\"https:\\\/\\\/www.chateaulaujac.com\\\/de\\\/chateau-tour-cordouan\\\/#primaryimage\"},\"thumbnailUrl\":\"https:\\\/\\\/www.chateaulaujac.com\\\/wp-content\\\/uploads\\\/2015\\\/12\\\/chateau-la-tour-cordouan.jpg\",\"datePublished\":\"2016-05-19T15:10:27+00:00\",\"dateModified\":\"2016-05-20T12:36:24+00:00\",\"breadcrumb\":{\"@id\":\"https:\\\/\\\/www.chateaulaujac.com\\\/de\\\/chateau-tour-cordouan\\\/#breadcrumb\"},\"inLanguage\":\"de\",\"potentialAction\":[{\"@type\":\"ReadAction\",\"target\":[\"https:\\\/\\\/www.chateaulaujac.com\\\/de\\\/chateau-tour-cordouan\\\/\"]}]},{\"@type\":\"ImageObject\",\"inLanguage\":\"de\",\"@id\":\"https:\\\/\\\/www.chateaulaujac.com\\\/de\\\/chateau-tour-cordouan\\\/#primaryimage\",\"url\":\"https:\\\/\\\/www.chateaulaujac.com\\\/wp-content\\\/uploads\\\/2015\\\/12\\\/chateau-la-tour-cordouan.jpg\",\"contentUrl\":\"https:\\\/\\\/www.chateaulaujac.com\\\/wp-content\\\/uploads\\\/2015\\\/12\\\/chateau-la-tour-cordouan.jpg\",\"width\":1987,\"height\":1320},{\"@type\":\"BreadcrumbList\",\"@id\":\"https:\\\/\\\/www.chateaulaujac.com\\\/de\\\/chateau-tour-cordouan\\\/#breadcrumb\",\"itemListElement\":[{\"@type\":\"ListItem\",\"position\":1,\"name\":\"Accueil\",\"item\":\"https:\\\/\\\/www.chateaulaujac.com\\\/de\\\/\"},{\"@type\":\"ListItem\",\"position\":2,\"name\":\"Ch\u00e2teau La Tour Cordouan\"}]},{\"@type\":\"WebSite\",\"@id\":\"https:\\\/\\\/www.chateaulaujac.com\\\/#website\",\"url\":\"https:\\\/\\\/www.chateaulaujac.com\\\/\",\"name\":\"Vin du M\u00e9doc\",\"description\":\"Le vaste domaine de\u00a0Laujac, au c\u0153ur du M\u00e9doc, s&#039;\u00e9tend sur une superficie totale de 400 hectares dont 75 hectares de vigne.\",\"publisher\":{\"@id\":\"https:\\\/\\\/www.chateaulaujac.com\\\/#organization\"},\"potentialAction\":[{\"@type\":\"SearchAction\",\"target\":{\"@type\":\"EntryPoint\",\"urlTemplate\":\"https:\\\/\\\/www.chateaulaujac.com\\\/?s={search_term_string}\"},\"query-input\":{\"@type\":\"PropertyValueSpecification\",\"valueRequired\":true,\"valueName\":\"search_term_string\"}}],\"inLanguage\":\"de\"},{\"@type\":\"Organization\",\"@id\":\"https:\\\/\\\/www.chateaulaujac.com\\\/#organization\",\"name\":\"SCEA CHATEAU LAUJAC\",\"url\":\"https:\\\/\\\/www.chateaulaujac.com\\\/\",\"logo\":{\"@type\":\"ImageObject\",\"inLanguage\":\"de\",\"@id\":\"https:\\\/\\\/www.chateaulaujac.com\\\/#\\\/schema\\\/logo\\\/image\\\/\",\"url\":\"https:\\\/\\\/www.chateaulaujac.com\\\/wp-content\\\/uploads\\\/2018\\\/01\\\/logo-chateau-laujac.png\",\"contentUrl\":\"https:\\\/\\\/www.chateaulaujac.com\\\/wp-content\\\/uploads\\\/2018\\\/01\\\/logo-chateau-laujac.png\",\"width\":400,\"height\":400,\"caption\":\"SCEA CHATEAU LAUJAC\"},\"image\":{\"@id\":\"https:\\\/\\\/www.chateaulaujac.com\\\/#\\\/schema\\\/logo\\\/image\\\/\"},\"sameAs\":[\"https:\\\/\\\/www.facebook.com\\\/domaineslaujac\",\"https:\\\/\\\/www.instagram.com\\\/chateaulaujac\\\/\"]}]}<\/script>\n<!-- \/ Yoast SEO plugin. -->","yoast_head_json":{"title":"Ch\u00e2teau La Tour Cordouan","robots":{"index":"index","follow":"follow","max-snippet":"max-snippet:-1","max-image-preview":"max-image-preview:large","max-video-preview":"max-video-preview:-1"},"canonical":"https:\/\/www.chateaulaujac.com\/de\/chateau-tour-cordouan\/","og_locale":"de_DE","og_type":"article","og_title":"Ch\u00e2teau La Tour Cordouan","og_description":"Appellation : M\u00e9doc Assemblage : 50% Cabernet Sauvignon, 50% Merlot Verkostungsnotiz : Eine intensive und leuchtende Robe. Das Bukett verstr\u00f6mt angenehme Noten von roten Fr\u00fcchten. Am Gaumen vielschichtig und \u00fcppig, im Nachhall leicht rauchig. Dank seiner sch\u00f6nen Ausgewogenheit kann dieser Wein sehr jung genossen werden. Servierempfehlung : Kann zu wei\u00dfem Fleisch, wie gebratenem Gefl\u00fcgel, aber [&hellip;]","og_url":"https:\/\/www.chateaulaujac.com\/de\/chateau-tour-cordouan\/","og_site_name":"Vin du M\u00e9doc","article_publisher":"https:\/\/www.facebook.com\/domaineslaujac","article_modified_time":"2016-05-20T12:36:24+00:00","twitter_card":"summary_large_image","schema":{"@context":"https:\/\/schema.org","@graph":[{"@type":"WebPage","@id":"https:\/\/www.chateaulaujac.com\/de\/chateau-tour-cordouan\/","url":"https:\/\/www.chateaulaujac.com\/de\/chateau-tour-cordouan\/","name":"Ch\u00e2teau La Tour Cordouan","isPartOf":{"@id":"https:\/\/www.chateaulaujac.com\/#website"},"primaryImageOfPage":{"@id":"https:\/\/www.chateaulaujac.com\/de\/chateau-tour-cordouan\/#primaryimage"},"image":{"@id":"https:\/\/www.chateaulaujac.com\/de\/chateau-tour-cordouan\/#primaryimage"},"thumbnailUrl":"https:\/\/www.chateaulaujac.com\/wp-content\/uploads\/2015\/12\/chateau-la-tour-cordouan.jpg","datePublished":"2016-05-19T15:10:27+00:00","dateModified":"2016-05-20T12:36:24+00:00","breadcrumb":{"@id":"https:\/\/www.chateaulaujac.com\/de\/chateau-tour-cordouan\/#breadcrumb"},"inLanguage":"de","potentialAction":[{"@type":"ReadAction","target":["https:\/\/www.chateaulaujac.com\/de\/chateau-tour-cordouan\/"]}]},{"@type":"ImageObject","inLanguage":"de","@id":"https:\/\/www.chateaulaujac.com\/de\/chateau-tour-cordouan\/#primaryimage","url":"https:\/\/www.chateaulaujac.com\/wp-content\/uploads\/2015\/12\/chateau-la-tour-cordouan.jpg","contentUrl":"https:\/\/www.chateaulaujac.com\/wp-content\/uploads\/2015\/12\/chateau-la-tour-cordouan.jpg","width":1987,"height":1320},{"@type":"BreadcrumbList","@id":"https:\/\/www.chateaulaujac.com\/de\/chateau-tour-cordouan\/#breadcrumb","itemListElement":[{"@type":"ListItem","position":1,"name":"Accueil","item":"https:\/\/www.chateaulaujac.com\/de\/"},{"@type":"ListItem","position":2,"name":"Ch\u00e2teau La Tour Cordouan"}]},{"@type":"WebSite","@id":"https:\/\/www.chateaulaujac.com\/#website","url":"https:\/\/www.chateaulaujac.com\/","name":"Vin du M\u00e9doc","description":"Le vaste domaine de\u00a0Laujac, au c\u0153ur du M\u00e9doc, s&#039;\u00e9tend sur une superficie totale de 400 hectares dont 75 hectares de vigne.","publisher":{"@id":"https:\/\/www.chateaulaujac.com\/#organization"},"potentialAction":[{"@type":"SearchAction","target":{"@type":"EntryPoint","urlTemplate":"https:\/\/www.chateaulaujac.com\/?s={search_term_string}"},"query-input":{"@type":"PropertyValueSpecification","valueRequired":true,"valueName":"search_term_string"}}],"inLanguage":"de"},{"@type":"Organization","@id":"https:\/\/www.chateaulaujac.com\/#organization","name":"SCEA CHATEAU LAUJAC","url":"https:\/\/www.chateaulaujac.com\/","logo":{"@type":"ImageObject","inLanguage":"de","@id":"https:\/\/www.chateaulaujac.com\/#\/schema\/logo\/image\/","url":"https:\/\/www.chateaulaujac.com\/wp-content\/uploads\/2018\/01\/logo-chateau-laujac.png","contentUrl":"https:\/\/www.chateaulaujac.com\/wp-content\/uploads\/2018\/01\/logo-chateau-laujac.png","width":400,"height":400,"caption":"SCEA CHATEAU LAUJAC"},"image":{"@id":"https:\/\/www.chateaulaujac.com\/#\/schema\/logo\/image\/"},"sameAs":["https:\/\/www.facebook.com\/domaineslaujac","https:\/\/www.instagram.com\/chateaulaujac\/"]}]}},"_links":{"self":[{"href":"https:\/\/www.chateaulaujac.com\/de\/wp-json\/wp\/v2\/pages\/844","targetHints":{"allow":["GET"]}}],"collection":[{"href":"https:\/\/www.chateaulaujac.com\/de\/wp-json\/wp\/v2\/pages"}],"about":[{"href":"https:\/\/www.chateaulaujac.com\/de\/wp-json\/wp\/v2\/types\/page"}],"author":[{"embeddable":true,"href":"https:\/\/www.chateaulaujac.com\/de\/wp-json\/wp\/v2\/users\/4"}],"replies":[{"embeddable":true,"href":"https:\/\/www.chateaulaujac.com\/de\/wp-json\/wp\/v2\/comments?post=844"}],"version-history":[{"count":2,"href":"https:\/\/www.chateaulaujac.com\/de\/wp-json\/wp\/v2\/pages\/844\/revisions"}],"predecessor-version":[{"id":891,"href":"https:\/\/www.chateaulaujac.com\/de\/wp-json\/wp\/v2\/pages\/844\/revisions\/891"}],"wp:featuredmedia":[{"embeddable":true,"href":"https:\/\/www.chateaulaujac.com\/de\/wp-json\/wp\/v2\/media\/659"}],"wp:attachment":[{"href":"https:\/\/www.chateaulaujac.com\/de\/wp-json\/wp\/v2\/media?parent=844"}],"curies":[{"name":"wp","href":"https:\/\/api.w.org\/{rel}","templated":true}]}}