{"id":860,"date":"2016-05-19T16:36:12","date_gmt":"2016-05-19T15:36:12","guid":{"rendered":"http:\/\/www.chateaulaujac.com\/de\/?page_id=860"},"modified":"2023-10-25T10:44:20","modified_gmt":"2023-10-25T09:44:20","slug":"kontakt","status":"publish","type":"page","link":"https:\/\/www.chateaulaujac.com\/de\/kontakt\/","title":{"rendered":"Kontakt und besuche"},"content":{"rendered":"<div>\u00d6ffnungszeiten: Montag bis Freitag 10 \u2013 12 Uhr \/ 14 \u2013 17 Uhr<br \/>\nGeschlossen: Feiertage \u2013 Weihnachtswoche \u2013 Woche vom 15. August<br \/>\nVerf\u00fcgbare Sprachen: Franz\u00f6sisch \u2013 Englisch \u2013 Deutsch<br \/>\nVerkostung: 2 Weine + 1 Whisky 5 \u20ac<br \/>\nBesichtigung + Verkostung: 10\u20ac<br \/>\nReservierung unter <a href=\"javascript:Z1lLMUQhQKj2v7b('E6=iZbbddec`d_`a');\"><span class=\"xdnv2fL_khdlBu__\">21 05 14 65 5(0) 33+<\/span><\/a><\/div>\n<h2 class=\"entry-title\" style=\"padding: 30px 0 0; color: #968456;\">Kontakt<\/h2>\n<div class=\"contact\">Vanessa und Ren\u00e9-Philippe DUBOSCQ<br \/>\nCH\u00c2TEAU LAUJAC<br \/>\n56, route de Laujac<br \/>\n33 340 BEGADAN &#8211; France<\/div>\n<div><\/div>\n<div class=\"contact\">Tel.: <a href=\"javascript:Z1lLMUQhQKj2v7b('E6=iZbbddec`d_`a');\"><span class=\"xdnv2fL_khdlBu__\">21 05 14 65 5(0) 33+<\/span><\/a><\/div>\n<div class=\"contact\">\n<p>E-mail : <a title=\"zu Vanessa und Ren\u00e9 DUBOSCQ Kontakt Ch\u00e2teau Laujac\" href=\"mailto:contact@chateaulaujac.com\">contact@chateaulaujac.com<\/a><\/p>\n<div class=\"maps\"><\/div>\n<\/div>\n","protected":false},"excerpt":{"rendered":"<p>\u00d6ffnungszeiten: Montag bis Freitag 10 \u2013 12 Uhr \/ 14 \u2013 17 Uhr Geschlossen: Feiertage \u2013 Weihnachtswoche \u2013 Woche vom 15. August Verf\u00fcgbare Sprachen: Franz\u00f6sisch \u2013 Englisch \u2013 Deutsch Verkostung: 2 Weine + 1 Whisky 5 \u20ac Besichtigung + Verkostung: 10\u20ac Reservierung unter Kontakt Vanessa und Ren\u00e9-Philippe DUBOSCQ CH\u00c2TEAU LAUJAC 56, route de Laujac 33 [&hellip;]<\/p>\n","protected":false},"author":4,"featured_media":466,"parent":0,"menu_order":0,"comment_status":"closed","ping_status":"closed","template":"template-fullwidth.php","meta":{"_monsterinsights_skip_tracking":false,"_monsterinsights_sitenote_active":false,"_monsterinsights_sitenote_note":"","_monsterinsights_sitenote_category":0,"footnotes":""},"class_list":["post-860","page","type-page","status-publish","has-post-thumbnail","hentry"],"yoast_head":"<!-- This site is optimized with the Yoast SEO plugin v27.4 - https:\/\/yoast.com\/product\/yoast-seo-wordpress\/ -->\n<title>Kontakt und besuche<\/title>\n<meta name=\"robots\" content=\"index, follow, max-snippet:-1, max-image-preview:large, max-video-preview:-1\" \/>\n<link rel=\"canonical\" href=\"https:\/\/www.chateaulaujac.com\/de\/kontakt\/\" \/>\n<meta property=\"og:locale\" content=\"de_DE\" \/>\n<meta property=\"og:type\" content=\"article\" \/>\n<meta property=\"og:title\" content=\"Kontakt und besuche\" \/>\n<meta property=\"og:description\" content=\"\u00d6ffnungszeiten: Montag bis Freitag 10 \u2013 12 Uhr \/ 14 \u2013 17 Uhr Geschlossen: Feiertage \u2013 Weihnachtswoche \u2013 Woche vom 15. August Verf\u00fcgbare Sprachen: Franz\u00f6sisch \u2013 Englisch \u2013 Deutsch Verkostung: 2 Weine + 1 Whisky 5 \u20ac Besichtigung + Verkostung: 10\u20ac Reservierung unter Kontakt Vanessa und Ren\u00e9-Philippe DUBOSCQ CH\u00c2TEAU LAUJAC 56, route de Laujac 33 [&hellip;]\" \/>\n<meta property=\"og:url\" content=\"https:\/\/www.chateaulaujac.com\/de\/kontakt\/\" \/>\n<meta property=\"og:site_name\" content=\"Vin du M\u00e9doc\" \/>\n<meta property=\"article:publisher\" content=\"https:\/\/www.facebook.com\/domaineslaujac\" \/>\n<meta property=\"article:modified_time\" content=\"2023-10-25T09:44:20+00:00\" \/>\n<meta property=\"og:image\" content=\"https:\/\/www.chateaulaujac.com\/wp-content\/uploads\/2016\/03\/histoire-domaine-laujac.jpg\" \/>\n\t<meta property=\"og:image:width\" content=\"1980\" \/>\n\t<meta property=\"og:image:height\" content=\"1320\" \/>\n\t<meta property=\"og:image:type\" content=\"image\/jpeg\" \/>\n<meta name=\"twitter:card\" content=\"summary_large_image\" \/>\n<meta name=\"twitter:label1\" content=\"Gesch\u00e4tzte Lesezeit\" \/>\n\t<meta name=\"twitter:data1\" content=\"1\u00a0Minute\" \/>\n<script type=\"application\/ld+json\" class=\"yoast-schema-graph\">{\"@context\":\"https:\\\/\\\/schema.org\",\"@graph\":[{\"@type\":\"WebPage\",\"@id\":\"https:\\\/\\\/www.chateaulaujac.com\\\/de\\\/kontakt\\\/\",\"url\":\"https:\\\/\\\/www.chateaulaujac.com\\\/de\\\/kontakt\\\/\",\"name\":\"Kontakt und besuche\",\"isPartOf\":{\"@id\":\"https:\\\/\\\/www.chateaulaujac.com\\\/#website\"},\"primaryImageOfPage\":{\"@id\":\"https:\\\/\\\/www.chateaulaujac.com\\\/de\\\/kontakt\\\/#primaryimage\"},\"image\":{\"@id\":\"https:\\\/\\\/www.chateaulaujac.com\\\/de\\\/kontakt\\\/#primaryimage\"},\"thumbnailUrl\":\"https:\\\/\\\/www.chateaulaujac.com\\\/wp-content\\\/uploads\\\/2016\\\/03\\\/histoire-domaine-laujac.jpg\",\"datePublished\":\"2016-05-19T15:36:12+00:00\",\"dateModified\":\"2023-10-25T09:44:20+00:00\",\"breadcrumb\":{\"@id\":\"https:\\\/\\\/www.chateaulaujac.com\\\/de\\\/kontakt\\\/#breadcrumb\"},\"inLanguage\":\"de\",\"potentialAction\":[{\"@type\":\"ReadAction\",\"target\":[\"https:\\\/\\\/www.chateaulaujac.com\\\/de\\\/kontakt\\\/\"]}]},{\"@type\":\"ImageObject\",\"inLanguage\":\"de\",\"@id\":\"https:\\\/\\\/www.chateaulaujac.com\\\/de\\\/kontakt\\\/#primaryimage\",\"url\":\"https:\\\/\\\/www.chateaulaujac.com\\\/wp-content\\\/uploads\\\/2016\\\/03\\\/histoire-domaine-laujac.jpg\",\"contentUrl\":\"https:\\\/\\\/www.chateaulaujac.com\\\/wp-content\\\/uploads\\\/2016\\\/03\\\/histoire-domaine-laujac.jpg\",\"width\":1980,\"height\":1320,\"caption\":\"domaine Laujac : histoire\"},{\"@type\":\"BreadcrumbList\",\"@id\":\"https:\\\/\\\/www.chateaulaujac.com\\\/de\\\/kontakt\\\/#breadcrumb\",\"itemListElement\":[{\"@type\":\"ListItem\",\"position\":1,\"name\":\"Accueil\",\"item\":\"https:\\\/\\\/www.chateaulaujac.com\\\/de\\\/\"},{\"@type\":\"ListItem\",\"position\":2,\"name\":\"Kontakt und besuche\"}]},{\"@type\":\"WebSite\",\"@id\":\"https:\\\/\\\/www.chateaulaujac.com\\\/#website\",\"url\":\"https:\\\/\\\/www.chateaulaujac.com\\\/\",\"name\":\"Vin du M\u00e9doc\",\"description\":\"Le vaste domaine de\u00a0Laujac, au c\u0153ur du M\u00e9doc, s&#039;\u00e9tend sur une superficie totale de 400 hectares dont 75 hectares de vigne.\",\"publisher\":{\"@id\":\"https:\\\/\\\/www.chateaulaujac.com\\\/#organization\"},\"potentialAction\":[{\"@type\":\"SearchAction\",\"target\":{\"@type\":\"EntryPoint\",\"urlTemplate\":\"https:\\\/\\\/www.chateaulaujac.com\\\/?s={search_term_string}\"},\"query-input\":{\"@type\":\"PropertyValueSpecification\",\"valueRequired\":true,\"valueName\":\"search_term_string\"}}],\"inLanguage\":\"de\"},{\"@type\":\"Organization\",\"@id\":\"https:\\\/\\\/www.chateaulaujac.com\\\/#organization\",\"name\":\"SCEA CHATEAU LAUJAC\",\"url\":\"https:\\\/\\\/www.chateaulaujac.com\\\/\",\"logo\":{\"@type\":\"ImageObject\",\"inLanguage\":\"de\",\"@id\":\"https:\\\/\\\/www.chateaulaujac.com\\\/#\\\/schema\\\/logo\\\/image\\\/\",\"url\":\"https:\\\/\\\/www.chateaulaujac.com\\\/wp-content\\\/uploads\\\/2018\\\/01\\\/logo-chateau-laujac.png\",\"contentUrl\":\"https:\\\/\\\/www.chateaulaujac.com\\\/wp-content\\\/uploads\\\/2018\\\/01\\\/logo-chateau-laujac.png\",\"width\":400,\"height\":400,\"caption\":\"SCEA CHATEAU LAUJAC\"},\"image\":{\"@id\":\"https:\\\/\\\/www.chateaulaujac.com\\\/#\\\/schema\\\/logo\\\/image\\\/\"},\"sameAs\":[\"https:\\\/\\\/www.facebook.com\\\/domaineslaujac\",\"https:\\\/\\\/www.instagram.com\\\/chateaulaujac\\\/\"]}]}<\/script>\n<!-- \/ Yoast SEO plugin. -->","yoast_head_json":{"title":"Kontakt und besuche","robots":{"index":"index","follow":"follow","max-snippet":"max-snippet:-1","max-image-preview":"max-image-preview:large","max-video-preview":"max-video-preview:-1"},"canonical":"https:\/\/www.chateaulaujac.com\/de\/kontakt\/","og_locale":"de_DE","og_type":"article","og_title":"Kontakt und besuche","og_description":"\u00d6ffnungszeiten: Montag bis Freitag 10 \u2013 12 Uhr \/ 14 \u2013 17 Uhr Geschlossen: Feiertage \u2013 Weihnachtswoche \u2013 Woche vom 15. August Verf\u00fcgbare Sprachen: Franz\u00f6sisch \u2013 Englisch \u2013 Deutsch Verkostung: 2 Weine + 1 Whisky 5 \u20ac Besichtigung + Verkostung: 10\u20ac Reservierung unter Kontakt Vanessa und Ren\u00e9-Philippe DUBOSCQ CH\u00c2TEAU LAUJAC 56, route de Laujac 33 [&hellip;]","og_url":"https:\/\/www.chateaulaujac.com\/de\/kontakt\/","og_site_name":"Vin du M\u00e9doc","article_publisher":"https:\/\/www.facebook.com\/domaineslaujac","article_modified_time":"2023-10-25T09:44:20+00:00","og_image":[{"width":1980,"height":1320,"url":"https:\/\/www.chateaulaujac.com\/wp-content\/uploads\/2016\/03\/histoire-domaine-laujac.jpg","type":"image\/jpeg"}],"twitter_card":"summary_large_image","twitter_misc":{"Gesch\u00e4tzte Lesezeit":"1\u00a0Minute"},"schema":{"@context":"https:\/\/schema.org","@graph":[{"@type":"WebPage","@id":"https:\/\/www.chateaulaujac.com\/de\/kontakt\/","url":"https:\/\/www.chateaulaujac.com\/de\/kontakt\/","name":"Kontakt und besuche","isPartOf":{"@id":"https:\/\/www.chateaulaujac.com\/#website"},"primaryImageOfPage":{"@id":"https:\/\/www.chateaulaujac.com\/de\/kontakt\/#primaryimage"},"image":{"@id":"https:\/\/www.chateaulaujac.com\/de\/kontakt\/#primaryimage"},"thumbnailUrl":"https:\/\/www.chateaulaujac.com\/wp-content\/uploads\/2016\/03\/histoire-domaine-laujac.jpg","datePublished":"2016-05-19T15:36:12+00:00","dateModified":"2023-10-25T09:44:20+00:00","breadcrumb":{"@id":"https:\/\/www.chateaulaujac.com\/de\/kontakt\/#breadcrumb"},"inLanguage":"de","potentialAction":[{"@type":"ReadAction","target":["https:\/\/www.chateaulaujac.com\/de\/kontakt\/"]}]},{"@type":"ImageObject","inLanguage":"de","@id":"https:\/\/www.chateaulaujac.com\/de\/kontakt\/#primaryimage","url":"https:\/\/www.chateaulaujac.com\/wp-content\/uploads\/2016\/03\/histoire-domaine-laujac.jpg","contentUrl":"https:\/\/www.chateaulaujac.com\/wp-content\/uploads\/2016\/03\/histoire-domaine-laujac.jpg","width":1980,"height":1320,"caption":"domaine Laujac : histoire"},{"@type":"BreadcrumbList","@id":"https:\/\/www.chateaulaujac.com\/de\/kontakt\/#breadcrumb","itemListElement":[{"@type":"ListItem","position":1,"name":"Accueil","item":"https:\/\/www.chateaulaujac.com\/de\/"},{"@type":"ListItem","position":2,"name":"Kontakt und besuche"}]},{"@type":"WebSite","@id":"https:\/\/www.chateaulaujac.com\/#website","url":"https:\/\/www.chateaulaujac.com\/","name":"Vin du M\u00e9doc","description":"Le vaste domaine de\u00a0Laujac, au c\u0153ur du M\u00e9doc, s&#039;\u00e9tend sur une superficie totale de 400 hectares dont 75 hectares de vigne.","publisher":{"@id":"https:\/\/www.chateaulaujac.com\/#organization"},"potentialAction":[{"@type":"SearchAction","target":{"@type":"EntryPoint","urlTemplate":"https:\/\/www.chateaulaujac.com\/?s={search_term_string}"},"query-input":{"@type":"PropertyValueSpecification","valueRequired":true,"valueName":"search_term_string"}}],"inLanguage":"de"},{"@type":"Organization","@id":"https:\/\/www.chateaulaujac.com\/#organization","name":"SCEA CHATEAU LAUJAC","url":"https:\/\/www.chateaulaujac.com\/","logo":{"@type":"ImageObject","inLanguage":"de","@id":"https:\/\/www.chateaulaujac.com\/#\/schema\/logo\/image\/","url":"https:\/\/www.chateaulaujac.com\/wp-content\/uploads\/2018\/01\/logo-chateau-laujac.png","contentUrl":"https:\/\/www.chateaulaujac.com\/wp-content\/uploads\/2018\/01\/logo-chateau-laujac.png","width":400,"height":400,"caption":"SCEA CHATEAU LAUJAC"},"image":{"@id":"https:\/\/www.chateaulaujac.com\/#\/schema\/logo\/image\/"},"sameAs":["https:\/\/www.facebook.com\/domaineslaujac","https:\/\/www.instagram.com\/chateaulaujac\/"]}]}},"_links":{"self":[{"href":"https:\/\/www.chateaulaujac.com\/de\/wp-json\/wp\/v2\/pages\/860","targetHints":{"allow":["GET"]}}],"collection":[{"href":"https:\/\/www.chateaulaujac.com\/de\/wp-json\/wp\/v2\/pages"}],"about":[{"href":"https:\/\/www.chateaulaujac.com\/de\/wp-json\/wp\/v2\/types\/page"}],"author":[{"embeddable":true,"href":"https:\/\/www.chateaulaujac.com\/de\/wp-json\/wp\/v2\/users\/4"}],"replies":[{"embeddable":true,"href":"https:\/\/www.chateaulaujac.com\/de\/wp-json\/wp\/v2\/comments?post=860"}],"version-history":[{"count":8,"href":"https:\/\/www.chateaulaujac.com\/de\/wp-json\/wp\/v2\/pages\/860\/revisions"}],"predecessor-version":[{"id":1274,"href":"https:\/\/www.chateaulaujac.com\/de\/wp-json\/wp\/v2\/pages\/860\/revisions\/1274"}],"wp:featuredmedia":[{"embeddable":true,"href":"https:\/\/www.chateaulaujac.com\/de\/wp-json\/wp\/v2\/media\/466"}],"wp:attachment":[{"href":"https:\/\/www.chateaulaujac.com\/de\/wp-json\/wp\/v2\/media?parent=860"}],"curies":[{"name":"wp","href":"https:\/\/api.w.org\/{rel}","templated":true}]}}