{"id":1311,"date":"2024-04-22T14:07:40","date_gmt":"2024-04-22T13:07:40","guid":{"rendered":"https:\/\/www.chateaulaujac.com\/?page_id=1311"},"modified":"2024-04-22T14:12:32","modified_gmt":"2024-04-22T13:12:32","slug":"chateau-largenteyre","status":"publish","type":"page","link":"https:\/\/www.chateaulaujac.com\/en\/chateau-largenteyre\/","title":{"rendered":"Ch\u00e2teau L\u2019argenteyre"},"content":{"rendered":"<div class=\"container_txt\">\n<p><span class=\"color-laujac\">Appellation :<\/span> M\u00e9doc<\/p>\n<p><span class=\"color-laujac\">Grape varieties :<\/span> A blend of 45% Merlot, 30% Cabernet Sauvignon, 25% Petit Verdot<\/p>\n<p><span class=\"color-laujac\">Terroir : <\/span>Le vaste domaine de Laujac, au c\u0153ur du M\u00e9doc, s&#8217;\u00e9tend sur une superficie totale de 500 hectares dont 100 hectares de vigne.<\/p>\n<p>Il comprend le Ch\u00e2teau Laujac, class\u00e9 Cru Bourgeois Sup\u00e9rieur et le Ch\u00e2teau l&#8217;Argenteyre, notre voisin, Cru bourgeois acquis en 2022.<\/p>\n<p>Le terroir de Laujac se situe sur une belle croupe de graves filtrantes, assurant un excellent drainage naturel. La proximit\u00e9 de l&#8217;estuaire de la Gironde et de l&#8217;oc\u00e9an Atlantique cr\u00e9ent un microclimat tr\u00e8s favorable au vignoble et \u00e0 la bonne maturation des raisins. Au pied des vignes, s&#8217;\u00e9tendent les grasses prairies du polder endigu\u00e9 o\u00f9 pacagent paisiblement le troupeau de bovins limousines et les chevaux de selle fran\u00e7ais \u00e9lev\u00e9s \u00e0 Laujac.<\/p>\n<\/div>\n<div class=\"container_btn\"><a class=\"btn-savoir-plus\" title=\"vin Ch\u00e2teau La Tour Cordouan\" href=\"https:\/\/www.chateaulaujac.com\/wp-content\/uploads\/2024\/04\/FT-AR-2022-FR.pdf\" target=\"_blank\" rel=\"noopener\">Download the technical data sheet<\/a><\/div>\n<div class=\"mention\">\n<p>Alcohol abuse is bad for your health, please consume in moderation.<\/p>\n<\/div>\n","protected":false},"excerpt":{"rendered":"<p>Appellation : M\u00e9doc Grape varieties : A blend of 45% Merlot, 30% Cabernet Sauvignon, 25% Petit Verdot Terroir : Le vaste domaine de Laujac, au c\u0153ur du M\u00e9doc, s&#8217;\u00e9tend sur une superficie totale de 500 hectares dont 100 hectares de vigne. Il comprend le Ch\u00e2teau Laujac, class\u00e9 Cru Bourgeois Sup\u00e9rieur et le Ch\u00e2teau l&#8217;Argenteyre, notre [&hellip;]<\/p>\n","protected":false},"author":4,"featured_media":722,"parent":0,"menu_order":0,"comment_status":"closed","ping_status":"closed","template":"template-fullwidth.php","meta":{"_monsterinsights_skip_tracking":false,"_monsterinsights_sitenote_active":false,"_monsterinsights_sitenote_note":"","_monsterinsights_sitenote_category":0,"footnotes":""},"class_list":["post-1311","page","type-page","status-publish","has-post-thumbnail","hentry"],"yoast_head":"<!-- This site is optimized with the Yoast SEO plugin v27.4 - https:\/\/yoast.com\/product\/yoast-seo-wordpress\/ -->\n<title>Ch\u00e2teau L\u2019argenteyre<\/title>\n<meta name=\"robots\" content=\"index, follow, max-snippet:-1, max-image-preview:large, max-video-preview:-1\" \/>\n<link rel=\"canonical\" href=\"https:\/\/www.chateaulaujac.com\/en\/chateau-largenteyre\/\" \/>\n<meta property=\"og:locale\" content=\"en_US\" \/>\n<meta property=\"og:type\" content=\"article\" \/>\n<meta property=\"og:title\" content=\"Ch\u00e2teau L\u2019argenteyre\" \/>\n<meta property=\"og:description\" content=\"Appellation : M\u00e9doc Grape varieties : A blend of 45% Merlot, 30% Cabernet Sauvignon, 25% Petit Verdot Terroir : Le vaste domaine de Laujac, au c\u0153ur du M\u00e9doc, s&#8217;\u00e9tend sur une superficie totale de 500 hectares dont 100 hectares de vigne. Il comprend le Ch\u00e2teau Laujac, class\u00e9 Cru Bourgeois Sup\u00e9rieur et le Ch\u00e2teau l&#8217;Argenteyre, notre [&hellip;]\" \/>\n<meta property=\"og:url\" content=\"https:\/\/www.chateaulaujac.com\/en\/chateau-largenteyre\/\" \/>\n<meta property=\"og:site_name\" content=\"Vin du M\u00e9doc\" \/>\n<meta property=\"article:publisher\" content=\"https:\/\/www.facebook.com\/domaineslaujac\" \/>\n<meta property=\"article:modified_time\" content=\"2024-04-22T13:12:32+00:00\" \/>\n<meta property=\"og:image\" content=\"https:\/\/www.chateaulaujac.com\/wp-content\/uploads\/2016\/03\/les-vignes-chateau-laujac.jpg\" \/>\n\t<meta property=\"og:image:width\" content=\"1980\" \/>\n\t<meta property=\"og:image:height\" content=\"1320\" \/>\n\t<meta property=\"og:image:type\" content=\"image\/jpeg\" \/>\n<meta name=\"twitter:card\" content=\"summary_large_image\" \/>\n<meta name=\"twitter:label1\" content=\"Est. reading time\" \/>\n\t<meta name=\"twitter:data1\" content=\"1 minute\" \/>\n<script type=\"application\/ld+json\" class=\"yoast-schema-graph\">{\"@context\":\"https:\\\/\\\/schema.org\",\"@graph\":[{\"@type\":\"WebPage\",\"@id\":\"https:\\\/\\\/www.chateaulaujac.com\\\/en\\\/chateau-largenteyre\\\/\",\"url\":\"https:\\\/\\\/www.chateaulaujac.com\\\/en\\\/chateau-largenteyre\\\/\",\"name\":\"Ch\u00e2teau L\u2019argenteyre\",\"isPartOf\":{\"@id\":\"https:\\\/\\\/www.chateaulaujac.com\\\/#website\"},\"primaryImageOfPage\":{\"@id\":\"https:\\\/\\\/www.chateaulaujac.com\\\/en\\\/chateau-largenteyre\\\/#primaryimage\"},\"image\":{\"@id\":\"https:\\\/\\\/www.chateaulaujac.com\\\/en\\\/chateau-largenteyre\\\/#primaryimage\"},\"thumbnailUrl\":\"https:\\\/\\\/www.chateaulaujac.com\\\/wp-content\\\/uploads\\\/2016\\\/04\\\/vin-et-elevage-chateau-laujac.jpg\",\"datePublished\":\"2024-04-22T13:07:40+00:00\",\"dateModified\":\"2024-04-22T13:12:32+00:00\",\"breadcrumb\":{\"@id\":\"https:\\\/\\\/www.chateaulaujac.com\\\/en\\\/chateau-largenteyre\\\/#breadcrumb\"},\"inLanguage\":\"en-US\",\"potentialAction\":[{\"@type\":\"ReadAction\",\"target\":[\"https:\\\/\\\/www.chateaulaujac.com\\\/en\\\/chateau-largenteyre\\\/\"]}]},{\"@type\":\"ImageObject\",\"inLanguage\":\"en-US\",\"@id\":\"https:\\\/\\\/www.chateaulaujac.com\\\/en\\\/chateau-largenteyre\\\/#primaryimage\",\"url\":\"https:\\\/\\\/www.chateaulaujac.com\\\/wp-content\\\/uploads\\\/2016\\\/04\\\/vin-et-elevage-chateau-laujac.jpg\",\"contentUrl\":\"https:\\\/\\\/www.chateaulaujac.com\\\/wp-content\\\/uploads\\\/2016\\\/04\\\/vin-et-elevage-chateau-laujac.jpg\",\"width\":1980,\"height\":1320},{\"@type\":\"BreadcrumbList\",\"@id\":\"https:\\\/\\\/www.chateaulaujac.com\\\/en\\\/chateau-largenteyre\\\/#breadcrumb\",\"itemListElement\":[{\"@type\":\"ListItem\",\"position\":1,\"name\":\"Accueil\",\"item\":\"https:\\\/\\\/www.chateaulaujac.com\\\/en\\\/\"},{\"@type\":\"ListItem\",\"position\":2,\"name\":\"Ch\u00e2teau L\u2019argenteyre\"}]},{\"@type\":\"WebSite\",\"@id\":\"https:\\\/\\\/www.chateaulaujac.com\\\/#website\",\"url\":\"https:\\\/\\\/www.chateaulaujac.com\\\/\",\"name\":\"Vin du M\u00e9doc\",\"description\":\"Le vaste domaine de\u00a0Laujac, au c\u0153ur du M\u00e9doc, s&#039;\u00e9tend sur une superficie totale de 400 hectares dont 75 hectares de vigne.\",\"publisher\":{\"@id\":\"https:\\\/\\\/www.chateaulaujac.com\\\/#organization\"},\"potentialAction\":[{\"@type\":\"SearchAction\",\"target\":{\"@type\":\"EntryPoint\",\"urlTemplate\":\"https:\\\/\\\/www.chateaulaujac.com\\\/?s={search_term_string}\"},\"query-input\":{\"@type\":\"PropertyValueSpecification\",\"valueRequired\":true,\"valueName\":\"search_term_string\"}}],\"inLanguage\":\"en-US\"},{\"@type\":\"Organization\",\"@id\":\"https:\\\/\\\/www.chateaulaujac.com\\\/#organization\",\"name\":\"SCEA CHATEAU LAUJAC\",\"url\":\"https:\\\/\\\/www.chateaulaujac.com\\\/\",\"logo\":{\"@type\":\"ImageObject\",\"inLanguage\":\"en-US\",\"@id\":\"https:\\\/\\\/www.chateaulaujac.com\\\/#\\\/schema\\\/logo\\\/image\\\/\",\"url\":\"https:\\\/\\\/www.chateaulaujac.com\\\/wp-content\\\/uploads\\\/2018\\\/01\\\/logo-chateau-laujac.png\",\"contentUrl\":\"https:\\\/\\\/www.chateaulaujac.com\\\/wp-content\\\/uploads\\\/2018\\\/01\\\/logo-chateau-laujac.png\",\"width\":400,\"height\":400,\"caption\":\"SCEA CHATEAU LAUJAC\"},\"image\":{\"@id\":\"https:\\\/\\\/www.chateaulaujac.com\\\/#\\\/schema\\\/logo\\\/image\\\/\"},\"sameAs\":[\"https:\\\/\\\/www.facebook.com\\\/domaineslaujac\",\"https:\\\/\\\/www.instagram.com\\\/chateaulaujac\\\/\"]}]}<\/script>\n<!-- \/ Yoast SEO plugin. -->","yoast_head_json":{"title":"Ch\u00e2teau L\u2019argenteyre","robots":{"index":"index","follow":"follow","max-snippet":"max-snippet:-1","max-image-preview":"max-image-preview:large","max-video-preview":"max-video-preview:-1"},"canonical":"https:\/\/www.chateaulaujac.com\/en\/chateau-largenteyre\/","og_locale":"en_US","og_type":"article","og_title":"Ch\u00e2teau L\u2019argenteyre","og_description":"Appellation : M\u00e9doc Grape varieties : A blend of 45% Merlot, 30% Cabernet Sauvignon, 25% Petit Verdot Terroir : Le vaste domaine de Laujac, au c\u0153ur du M\u00e9doc, s&#8217;\u00e9tend sur une superficie totale de 500 hectares dont 100 hectares de vigne. Il comprend le Ch\u00e2teau Laujac, class\u00e9 Cru Bourgeois Sup\u00e9rieur et le Ch\u00e2teau l&#8217;Argenteyre, notre [&hellip;]","og_url":"https:\/\/www.chateaulaujac.com\/en\/chateau-largenteyre\/","og_site_name":"Vin du M\u00e9doc","article_publisher":"https:\/\/www.facebook.com\/domaineslaujac","article_modified_time":"2024-04-22T13:12:32+00:00","og_image":[{"width":1980,"height":1320,"url":"https:\/\/www.chateaulaujac.com\/wp-content\/uploads\/2016\/03\/les-vignes-chateau-laujac.jpg","type":"image\/jpeg"}],"twitter_card":"summary_large_image","twitter_misc":{"Est. reading time":"1 minute"},"schema":{"@context":"https:\/\/schema.org","@graph":[{"@type":"WebPage","@id":"https:\/\/www.chateaulaujac.com\/en\/chateau-largenteyre\/","url":"https:\/\/www.chateaulaujac.com\/en\/chateau-largenteyre\/","name":"Ch\u00e2teau L\u2019argenteyre","isPartOf":{"@id":"https:\/\/www.chateaulaujac.com\/#website"},"primaryImageOfPage":{"@id":"https:\/\/www.chateaulaujac.com\/en\/chateau-largenteyre\/#primaryimage"},"image":{"@id":"https:\/\/www.chateaulaujac.com\/en\/chateau-largenteyre\/#primaryimage"},"thumbnailUrl":"https:\/\/www.chateaulaujac.com\/wp-content\/uploads\/2016\/04\/vin-et-elevage-chateau-laujac.jpg","datePublished":"2024-04-22T13:07:40+00:00","dateModified":"2024-04-22T13:12:32+00:00","breadcrumb":{"@id":"https:\/\/www.chateaulaujac.com\/en\/chateau-largenteyre\/#breadcrumb"},"inLanguage":"en-US","potentialAction":[{"@type":"ReadAction","target":["https:\/\/www.chateaulaujac.com\/en\/chateau-largenteyre\/"]}]},{"@type":"ImageObject","inLanguage":"en-US","@id":"https:\/\/www.chateaulaujac.com\/en\/chateau-largenteyre\/#primaryimage","url":"https:\/\/www.chateaulaujac.com\/wp-content\/uploads\/2016\/04\/vin-et-elevage-chateau-laujac.jpg","contentUrl":"https:\/\/www.chateaulaujac.com\/wp-content\/uploads\/2016\/04\/vin-et-elevage-chateau-laujac.jpg","width":1980,"height":1320},{"@type":"BreadcrumbList","@id":"https:\/\/www.chateaulaujac.com\/en\/chateau-largenteyre\/#breadcrumb","itemListElement":[{"@type":"ListItem","position":1,"name":"Accueil","item":"https:\/\/www.chateaulaujac.com\/en\/"},{"@type":"ListItem","position":2,"name":"Ch\u00e2teau L\u2019argenteyre"}]},{"@type":"WebSite","@id":"https:\/\/www.chateaulaujac.com\/#website","url":"https:\/\/www.chateaulaujac.com\/","name":"Vin du M\u00e9doc","description":"Le vaste domaine de\u00a0Laujac, au c\u0153ur du M\u00e9doc, s&#039;\u00e9tend sur une superficie totale de 400 hectares dont 75 hectares de vigne.","publisher":{"@id":"https:\/\/www.chateaulaujac.com\/#organization"},"potentialAction":[{"@type":"SearchAction","target":{"@type":"EntryPoint","urlTemplate":"https:\/\/www.chateaulaujac.com\/?s={search_term_string}"},"query-input":{"@type":"PropertyValueSpecification","valueRequired":true,"valueName":"search_term_string"}}],"inLanguage":"en-US"},{"@type":"Organization","@id":"https:\/\/www.chateaulaujac.com\/#organization","name":"SCEA CHATEAU LAUJAC","url":"https:\/\/www.chateaulaujac.com\/","logo":{"@type":"ImageObject","inLanguage":"en-US","@id":"https:\/\/www.chateaulaujac.com\/#\/schema\/logo\/image\/","url":"https:\/\/www.chateaulaujac.com\/wp-content\/uploads\/2018\/01\/logo-chateau-laujac.png","contentUrl":"https:\/\/www.chateaulaujac.com\/wp-content\/uploads\/2018\/01\/logo-chateau-laujac.png","width":400,"height":400,"caption":"SCEA CHATEAU LAUJAC"},"image":{"@id":"https:\/\/www.chateaulaujac.com\/#\/schema\/logo\/image\/"},"sameAs":["https:\/\/www.facebook.com\/domaineslaujac","https:\/\/www.instagram.com\/chateaulaujac\/"]}]}},"_links":{"self":[{"href":"https:\/\/www.chateaulaujac.com\/en\/wp-json\/wp\/v2\/pages\/1311","targetHints":{"allow":["GET"]}}],"collection":[{"href":"https:\/\/www.chateaulaujac.com\/en\/wp-json\/wp\/v2\/pages"}],"about":[{"href":"https:\/\/www.chateaulaujac.com\/en\/wp-json\/wp\/v2\/types\/page"}],"author":[{"embeddable":true,"href":"https:\/\/www.chateaulaujac.com\/en\/wp-json\/wp\/v2\/users\/4"}],"replies":[{"embeddable":true,"href":"https:\/\/www.chateaulaujac.com\/en\/wp-json\/wp\/v2\/comments?post=1311"}],"version-history":[{"count":3,"href":"https:\/\/www.chateaulaujac.com\/en\/wp-json\/wp\/v2\/pages\/1311\/revisions"}],"predecessor-version":[{"id":1318,"href":"https:\/\/www.chateaulaujac.com\/en\/wp-json\/wp\/v2\/pages\/1311\/revisions\/1318"}],"wp:featuredmedia":[{"embeddable":true,"href":"https:\/\/www.chateaulaujac.com\/en\/wp-json\/wp\/v2\/media\/722"}],"wp:attachment":[{"href":"https:\/\/www.chateaulaujac.com\/en\/wp-json\/wp\/v2\/media?parent=1311"}],"curies":[{"name":"wp","href":"https:\/\/api.w.org\/{rel}","templated":true}]}}