{"id":184,"date":"2015-12-14T10:07:21","date_gmt":"2015-12-14T09:07:21","guid":{"rendered":"http:\/\/www.chateaulaujac.com\/en\/?page_id=184"},"modified":"2016-05-20T13:37:30","modified_gmt":"2016-05-20T12:37:30","slug":"l-laffite-laujac-wine","status":"publish","type":"page","link":"https:\/\/www.chateaulaujac.com\/en\/l-laffite-laujac-wine\/","title":{"rendered":"L de Laffitte Laujac"},"content":{"rendered":"<div class=\"container_txt\" >\n<p><span class=\"color-laujac\">Appellation :<\/span> M\u00e9doc<\/p>\n<p><span class=\"color-laujac\">Grape varieties :<\/span> A blend of 60% Cabernet Sauvignon, 35% Merlot, 5% Petit Verdot.<\/p>\n<p><span class=\"color-laujac\">Tasting :<\/span> The bouquet of this wine is both fruity and oaky along with spicy aromas. On tasting, flavours of red fruit are found accompanied by menthol notes which endow a pleasant, refreshing sensation. The oakiness is soft and harmonious giving a wine that is well-balanced with excellent structure. A congenial wine to be enjoyed at any opportunity.<\/p>\n<p><span class=\"color-laujac\">Wine and food pairing :<\/span> It will be the perfect partner to a joint of beef with mushrooms, a vegetable tourte, a blanquette of veal or beef bourguignon.<\/p>\n<p><span class=\"color-laujac\">Serving temperature :<\/span> Enjoy at 16\u00b0 &#8211; 18\u00b0<\/p>\n<\/div>\n<div class=\"container_btn\">\n\t<a class=\"btn-savoir-plus\" href=\"http:\/\/www.chateaulaujac.com\/wp-content\/uploads\/2016\/05\/wine-L-chateau-laffitte-laujac-en.pdf\" title=\"wine L Ch\u00e2teau Laffitte Laujac\" target=\"_blank\" >Download the technical data sheet<\/a>\n<\/div>\n<div class=\"mention\">\n<p>Alcohol abuse is bad for your health, please consume in moderation.<\/p>\n<\/div>\n","protected":false},"excerpt":{"rendered":"<p>Appellation : M\u00e9doc Grape varieties : A blend of 60% Cabernet Sauvignon, 35% Merlot, 5% Petit Verdot. Tasting : The bouquet of this wine is both fruity and oaky along with spicy aromas. On tasting, flavours of red fruit are found accompanied by menthol notes which endow a pleasant, refreshing sensation. The oakiness is soft [&hellip;]<\/p>\n","protected":false},"author":4,"featured_media":660,"parent":0,"menu_order":0,"comment_status":"closed","ping_status":"closed","template":"template-fullwidth.php","meta":{"_monsterinsights_skip_tracking":false,"_monsterinsights_sitenote_active":false,"_monsterinsights_sitenote_note":"","_monsterinsights_sitenote_category":0,"footnotes":""},"class_list":["post-184","page","type-page","status-publish","has-post-thumbnail","hentry"],"yoast_head":"<!-- This site is optimized with the Yoast SEO plugin v27.4 - https:\/\/yoast.com\/product\/yoast-seo-wordpress\/ -->\n<title>L de Laffitte Laujac<\/title>\n<meta name=\"robots\" content=\"index, follow, max-snippet:-1, max-image-preview:large, max-video-preview:-1\" \/>\n<link rel=\"canonical\" href=\"https:\/\/www.chateaulaujac.com\/en\/l-laffite-laujac-wine\/\" \/>\n<meta property=\"og:locale\" content=\"en_US\" \/>\n<meta property=\"og:type\" content=\"article\" \/>\n<meta property=\"og:title\" content=\"L de Laffitte Laujac\" \/>\n<meta property=\"og:description\" content=\"Appellation : M\u00e9doc Grape varieties : A blend of 60% Cabernet Sauvignon, 35% Merlot, 5% Petit Verdot. Tasting : The bouquet of this wine is both fruity and oaky along with spicy aromas. On tasting, flavours of red fruit are found accompanied by menthol notes which endow a pleasant, refreshing sensation. The oakiness is soft [&hellip;]\" \/>\n<meta property=\"og:url\" content=\"https:\/\/www.chateaulaujac.com\/en\/l-laffite-laujac-wine\/\" \/>\n<meta property=\"og:site_name\" content=\"Vin du M\u00e9doc\" \/>\n<meta property=\"article:publisher\" content=\"https:\/\/www.facebook.com\/domaineslaujac\" \/>\n<meta property=\"article:modified_time\" content=\"2016-05-20T12:37:30+00:00\" \/>\n<meta name=\"twitter:card\" content=\"summary_large_image\" \/>\n<meta name=\"twitter:label1\" content=\"Est. reading time\" \/>\n\t<meta name=\"twitter:data1\" content=\"1 minute\" \/>\n<script type=\"application\/ld+json\" class=\"yoast-schema-graph\">{\"@context\":\"https:\\\/\\\/schema.org\",\"@graph\":[{\"@type\":\"WebPage\",\"@id\":\"https:\\\/\\\/www.chateaulaujac.com\\\/en\\\/l-laffite-laujac-wine\\\/\",\"url\":\"https:\\\/\\\/www.chateaulaujac.com\\\/en\\\/l-laffite-laujac-wine\\\/\",\"name\":\"L de Laffitte Laujac\",\"isPartOf\":{\"@id\":\"https:\\\/\\\/www.chateaulaujac.com\\\/#website\"},\"primaryImageOfPage\":{\"@id\":\"https:\\\/\\\/www.chateaulaujac.com\\\/en\\\/l-laffite-laujac-wine\\\/#primaryimage\"},\"image\":{\"@id\":\"https:\\\/\\\/www.chateaulaujac.com\\\/en\\\/l-laffite-laujac-wine\\\/#primaryimage\"},\"thumbnailUrl\":\"https:\\\/\\\/www.chateaulaujac.com\\\/wp-content\\\/uploads\\\/2016\\\/02\\\/L-chateau-laffitte-laujac.jpg\",\"datePublished\":\"2015-12-14T09:07:21+00:00\",\"dateModified\":\"2016-05-20T12:37:30+00:00\",\"breadcrumb\":{\"@id\":\"https:\\\/\\\/www.chateaulaujac.com\\\/en\\\/l-laffite-laujac-wine\\\/#breadcrumb\"},\"inLanguage\":\"en-US\",\"potentialAction\":[{\"@type\":\"ReadAction\",\"target\":[\"https:\\\/\\\/www.chateaulaujac.com\\\/en\\\/l-laffite-laujac-wine\\\/\"]}]},{\"@type\":\"ImageObject\",\"inLanguage\":\"en-US\",\"@id\":\"https:\\\/\\\/www.chateaulaujac.com\\\/en\\\/l-laffite-laujac-wine\\\/#primaryimage\",\"url\":\"https:\\\/\\\/www.chateaulaujac.com\\\/wp-content\\\/uploads\\\/2016\\\/02\\\/L-chateau-laffitte-laujac.jpg\",\"contentUrl\":\"https:\\\/\\\/www.chateaulaujac.com\\\/wp-content\\\/uploads\\\/2016\\\/02\\\/L-chateau-laffitte-laujac.jpg\",\"width\":1980,\"height\":1320},{\"@type\":\"BreadcrumbList\",\"@id\":\"https:\\\/\\\/www.chateaulaujac.com\\\/en\\\/l-laffite-laujac-wine\\\/#breadcrumb\",\"itemListElement\":[{\"@type\":\"ListItem\",\"position\":1,\"name\":\"Accueil\",\"item\":\"https:\\\/\\\/www.chateaulaujac.com\\\/en\\\/\"},{\"@type\":\"ListItem\",\"position\":2,\"name\":\"L de Laffitte Laujac\"}]},{\"@type\":\"WebSite\",\"@id\":\"https:\\\/\\\/www.chateaulaujac.com\\\/#website\",\"url\":\"https:\\\/\\\/www.chateaulaujac.com\\\/\",\"name\":\"Vin du M\u00e9doc\",\"description\":\"Le vaste domaine de\u00a0Laujac, au c\u0153ur du M\u00e9doc, s&#039;\u00e9tend sur une superficie totale de 400 hectares dont 75 hectares de vigne.\",\"publisher\":{\"@id\":\"https:\\\/\\\/www.chateaulaujac.com\\\/#organization\"},\"potentialAction\":[{\"@type\":\"SearchAction\",\"target\":{\"@type\":\"EntryPoint\",\"urlTemplate\":\"https:\\\/\\\/www.chateaulaujac.com\\\/?s={search_term_string}\"},\"query-input\":{\"@type\":\"PropertyValueSpecification\",\"valueRequired\":true,\"valueName\":\"search_term_string\"}}],\"inLanguage\":\"en-US\"},{\"@type\":\"Organization\",\"@id\":\"https:\\\/\\\/www.chateaulaujac.com\\\/#organization\",\"name\":\"SCEA CHATEAU LAUJAC\",\"url\":\"https:\\\/\\\/www.chateaulaujac.com\\\/\",\"logo\":{\"@type\":\"ImageObject\",\"inLanguage\":\"en-US\",\"@id\":\"https:\\\/\\\/www.chateaulaujac.com\\\/#\\\/schema\\\/logo\\\/image\\\/\",\"url\":\"https:\\\/\\\/www.chateaulaujac.com\\\/wp-content\\\/uploads\\\/2018\\\/01\\\/logo-chateau-laujac.png\",\"contentUrl\":\"https:\\\/\\\/www.chateaulaujac.com\\\/wp-content\\\/uploads\\\/2018\\\/01\\\/logo-chateau-laujac.png\",\"width\":400,\"height\":400,\"caption\":\"SCEA CHATEAU LAUJAC\"},\"image\":{\"@id\":\"https:\\\/\\\/www.chateaulaujac.com\\\/#\\\/schema\\\/logo\\\/image\\\/\"},\"sameAs\":[\"https:\\\/\\\/www.facebook.com\\\/domaineslaujac\",\"https:\\\/\\\/www.instagram.com\\\/chateaulaujac\\\/\"]}]}<\/script>\n<!-- \/ Yoast SEO plugin. -->","yoast_head_json":{"title":"L de Laffitte Laujac","robots":{"index":"index","follow":"follow","max-snippet":"max-snippet:-1","max-image-preview":"max-image-preview:large","max-video-preview":"max-video-preview:-1"},"canonical":"https:\/\/www.chateaulaujac.com\/en\/l-laffite-laujac-wine\/","og_locale":"en_US","og_type":"article","og_title":"L de Laffitte Laujac","og_description":"Appellation : M\u00e9doc Grape varieties : A blend of 60% Cabernet Sauvignon, 35% Merlot, 5% Petit Verdot. Tasting : The bouquet of this wine is both fruity and oaky along with spicy aromas. On tasting, flavours of red fruit are found accompanied by menthol notes which endow a pleasant, refreshing sensation. The oakiness is soft [&hellip;]","og_url":"https:\/\/www.chateaulaujac.com\/en\/l-laffite-laujac-wine\/","og_site_name":"Vin du M\u00e9doc","article_publisher":"https:\/\/www.facebook.com\/domaineslaujac","article_modified_time":"2016-05-20T12:37:30+00:00","twitter_card":"summary_large_image","twitter_misc":{"Est. reading time":"1 minute"},"schema":{"@context":"https:\/\/schema.org","@graph":[{"@type":"WebPage","@id":"https:\/\/www.chateaulaujac.com\/en\/l-laffite-laujac-wine\/","url":"https:\/\/www.chateaulaujac.com\/en\/l-laffite-laujac-wine\/","name":"L de Laffitte Laujac","isPartOf":{"@id":"https:\/\/www.chateaulaujac.com\/#website"},"primaryImageOfPage":{"@id":"https:\/\/www.chateaulaujac.com\/en\/l-laffite-laujac-wine\/#primaryimage"},"image":{"@id":"https:\/\/www.chateaulaujac.com\/en\/l-laffite-laujac-wine\/#primaryimage"},"thumbnailUrl":"https:\/\/www.chateaulaujac.com\/wp-content\/uploads\/2016\/02\/L-chateau-laffitte-laujac.jpg","datePublished":"2015-12-14T09:07:21+00:00","dateModified":"2016-05-20T12:37:30+00:00","breadcrumb":{"@id":"https:\/\/www.chateaulaujac.com\/en\/l-laffite-laujac-wine\/#breadcrumb"},"inLanguage":"en-US","potentialAction":[{"@type":"ReadAction","target":["https:\/\/www.chateaulaujac.com\/en\/l-laffite-laujac-wine\/"]}]},{"@type":"ImageObject","inLanguage":"en-US","@id":"https:\/\/www.chateaulaujac.com\/en\/l-laffite-laujac-wine\/#primaryimage","url":"https:\/\/www.chateaulaujac.com\/wp-content\/uploads\/2016\/02\/L-chateau-laffitte-laujac.jpg","contentUrl":"https:\/\/www.chateaulaujac.com\/wp-content\/uploads\/2016\/02\/L-chateau-laffitte-laujac.jpg","width":1980,"height":1320},{"@type":"BreadcrumbList","@id":"https:\/\/www.chateaulaujac.com\/en\/l-laffite-laujac-wine\/#breadcrumb","itemListElement":[{"@type":"ListItem","position":1,"name":"Accueil","item":"https:\/\/www.chateaulaujac.com\/en\/"},{"@type":"ListItem","position":2,"name":"L de Laffitte Laujac"}]},{"@type":"WebSite","@id":"https:\/\/www.chateaulaujac.com\/#website","url":"https:\/\/www.chateaulaujac.com\/","name":"Vin du M\u00e9doc","description":"Le vaste domaine de\u00a0Laujac, au c\u0153ur du M\u00e9doc, s&#039;\u00e9tend sur une superficie totale de 400 hectares dont 75 hectares de vigne.","publisher":{"@id":"https:\/\/www.chateaulaujac.com\/#organization"},"potentialAction":[{"@type":"SearchAction","target":{"@type":"EntryPoint","urlTemplate":"https:\/\/www.chateaulaujac.com\/?s={search_term_string}"},"query-input":{"@type":"PropertyValueSpecification","valueRequired":true,"valueName":"search_term_string"}}],"inLanguage":"en-US"},{"@type":"Organization","@id":"https:\/\/www.chateaulaujac.com\/#organization","name":"SCEA CHATEAU LAUJAC","url":"https:\/\/www.chateaulaujac.com\/","logo":{"@type":"ImageObject","inLanguage":"en-US","@id":"https:\/\/www.chateaulaujac.com\/#\/schema\/logo\/image\/","url":"https:\/\/www.chateaulaujac.com\/wp-content\/uploads\/2018\/01\/logo-chateau-laujac.png","contentUrl":"https:\/\/www.chateaulaujac.com\/wp-content\/uploads\/2018\/01\/logo-chateau-laujac.png","width":400,"height":400,"caption":"SCEA CHATEAU LAUJAC"},"image":{"@id":"https:\/\/www.chateaulaujac.com\/#\/schema\/logo\/image\/"},"sameAs":["https:\/\/www.facebook.com\/domaineslaujac","https:\/\/www.instagram.com\/chateaulaujac\/"]}]}},"_links":{"self":[{"href":"https:\/\/www.chateaulaujac.com\/en\/wp-json\/wp\/v2\/pages\/184","targetHints":{"allow":["GET"]}}],"collection":[{"href":"https:\/\/www.chateaulaujac.com\/en\/wp-json\/wp\/v2\/pages"}],"about":[{"href":"https:\/\/www.chateaulaujac.com\/en\/wp-json\/wp\/v2\/types\/page"}],"author":[{"embeddable":true,"href":"https:\/\/www.chateaulaujac.com\/en\/wp-json\/wp\/v2\/users\/4"}],"replies":[{"embeddable":true,"href":"https:\/\/www.chateaulaujac.com\/en\/wp-json\/wp\/v2\/comments?post=184"}],"version-history":[{"count":7,"href":"https:\/\/www.chateaulaujac.com\/en\/wp-json\/wp\/v2\/pages\/184\/revisions"}],"predecessor-version":[{"id":893,"href":"https:\/\/www.chateaulaujac.com\/en\/wp-json\/wp\/v2\/pages\/184\/revisions\/893"}],"wp:featuredmedia":[{"embeddable":true,"href":"https:\/\/www.chateaulaujac.com\/en\/wp-json\/wp\/v2\/media\/660"}],"wp:attachment":[{"href":"https:\/\/www.chateaulaujac.com\/en\/wp-json\/wp\/v2\/media?parent=184"}],"curies":[{"name":"wp","href":"https:\/\/api.w.org\/{rel}","templated":true}]}}