{"id":765,"date":"2016-05-19T11:13:44","date_gmt":"2016-05-19T10:13:44","guid":{"rendered":"http:\/\/www.chateaulaujac.com\/en\/?page_id=765"},"modified":"2016-05-19T11:16:07","modified_gmt":"2016-05-19T10:16:07","slug":"the-cruse-family-bordeaux-wine-negociants","status":"publish","type":"page","link":"https:\/\/www.chateaulaujac.com\/en\/the-cruse-family-bordeaux-wine-negociants\/","title":{"rendered":"The Cruse Family\u00a0: Bordeaux wine negociants"},"content":{"rendered":"<p>The first known member is Hans Cruse (1650-1734) who was a brewer and the rector of Crempe in Denmark.<\/p>\n<p>His grandson, Jean-Christian Cruse (1742-1828) had a high position in the Lutheran clergy in Segeberg (Duchy of Holstein), he was invited every year to the Danish court where he dined with the King.<\/p>\n<p>In 1819 one of his sons, Hermann (I) Cruse (1790-1855) founded the CRUSE Fr\u00e8res &#038; Fils Company in Bordeaux. In 1820 he married Emma Raake who came from a powerful family in Brem-Sur-Mer. With their financial support and to the astonishment of the crippled industry, he indulged in a momentous speculation by purchasing nearly all of the exceptional 1847 vintage of Bordeaux Grands Crus during the worst days of 1848.<\/p>\n<p>Hermann (I) was a tireless worker who, accompanied  by his three sons, raised CRUSE &#038; Fils Fr\u00e8res to rank among the leading wine companies in Bordeaux &#8211;  as attested by the visit of Napoleon III in 1851.<\/p>\n","protected":false},"excerpt":{"rendered":"<p>The first known member is Hans Cruse (1650-1734) who was a brewer and the rector of Crempe in Denmark. His grandson, Jean-Christian Cruse (1742-1828) had a high position in the Lutheran clergy in Segeberg (Duchy of Holstein), he was invited every year to the Danish court where he dined with the King. In 1819 one [&hellip;]<\/p>\n","protected":false},"author":4,"featured_media":0,"parent":0,"menu_order":0,"comment_status":"closed","ping_status":"closed","template":"template-fullwidth.php","meta":{"_monsterinsights_skip_tracking":false,"_monsterinsights_sitenote_active":false,"_monsterinsights_sitenote_note":"","_monsterinsights_sitenote_category":0,"footnotes":""},"class_list":["post-765","page","type-page","status-publish","hentry"],"yoast_head":"<!-- This site is optimized with the Yoast SEO plugin v27.4 - https:\/\/yoast.com\/product\/yoast-seo-wordpress\/ -->\n<title>The Cruse Family\u00a0: Bordeaux wine negociants<\/title>\n<meta name=\"robots\" content=\"index, follow, max-snippet:-1, max-image-preview:large, max-video-preview:-1\" \/>\n<link rel=\"canonical\" href=\"https:\/\/www.chateaulaujac.com\/en\/the-cruse-family-bordeaux-wine-negociants\/\" \/>\n<meta property=\"og:locale\" content=\"en_US\" \/>\n<meta property=\"og:type\" content=\"article\" \/>\n<meta property=\"og:title\" content=\"The Cruse Family\u00a0: Bordeaux wine negociants\" \/>\n<meta property=\"og:description\" content=\"The first known member is Hans Cruse (1650-1734) who was a brewer and the rector of Crempe in Denmark. His grandson, Jean-Christian Cruse (1742-1828) had a high position in the Lutheran clergy in Segeberg (Duchy of Holstein), he was invited every year to the Danish court where he dined with the King. In 1819 one [&hellip;]\" \/>\n<meta property=\"og:url\" content=\"https:\/\/www.chateaulaujac.com\/en\/the-cruse-family-bordeaux-wine-negociants\/\" \/>\n<meta property=\"og:site_name\" content=\"Vin du M\u00e9doc\" \/>\n<meta property=\"article:publisher\" content=\"https:\/\/www.facebook.com\/domaineslaujac\" \/>\n<meta property=\"article:modified_time\" content=\"2016-05-19T10:16:07+00:00\" \/>\n<meta name=\"twitter:card\" content=\"summary_large_image\" \/>\n<meta name=\"twitter:label1\" content=\"Est. reading time\" \/>\n\t<meta name=\"twitter:data1\" content=\"1 minute\" \/>\n<script type=\"application\/ld+json\" class=\"yoast-schema-graph\">{\"@context\":\"https:\\\/\\\/schema.org\",\"@graph\":[{\"@type\":\"WebPage\",\"@id\":\"https:\\\/\\\/www.chateaulaujac.com\\\/en\\\/the-cruse-family-bordeaux-wine-negociants\\\/\",\"url\":\"https:\\\/\\\/www.chateaulaujac.com\\\/en\\\/the-cruse-family-bordeaux-wine-negociants\\\/\",\"name\":\"The Cruse Family\u00a0: Bordeaux wine negociants\",\"isPartOf\":{\"@id\":\"https:\\\/\\\/www.chateaulaujac.com\\\/#website\"},\"datePublished\":\"2016-05-19T10:13:44+00:00\",\"dateModified\":\"2016-05-19T10:16:07+00:00\",\"breadcrumb\":{\"@id\":\"https:\\\/\\\/www.chateaulaujac.com\\\/en\\\/the-cruse-family-bordeaux-wine-negociants\\\/#breadcrumb\"},\"inLanguage\":\"en-US\",\"potentialAction\":[{\"@type\":\"ReadAction\",\"target\":[\"https:\\\/\\\/www.chateaulaujac.com\\\/en\\\/the-cruse-family-bordeaux-wine-negociants\\\/\"]}]},{\"@type\":\"BreadcrumbList\",\"@id\":\"https:\\\/\\\/www.chateaulaujac.com\\\/en\\\/the-cruse-family-bordeaux-wine-negociants\\\/#breadcrumb\",\"itemListElement\":[{\"@type\":\"ListItem\",\"position\":1,\"name\":\"Accueil\",\"item\":\"https:\\\/\\\/www.chateaulaujac.com\\\/en\\\/\"},{\"@type\":\"ListItem\",\"position\":2,\"name\":\"The Cruse Family\u00a0: Bordeaux wine negociants\"}]},{\"@type\":\"WebSite\",\"@id\":\"https:\\\/\\\/www.chateaulaujac.com\\\/#website\",\"url\":\"https:\\\/\\\/www.chateaulaujac.com\\\/\",\"name\":\"Vin du M\u00e9doc\",\"description\":\"Le vaste domaine de\u00a0Laujac, au c\u0153ur du M\u00e9doc, s&#039;\u00e9tend sur une superficie totale de 400 hectares dont 75 hectares de vigne.\",\"publisher\":{\"@id\":\"https:\\\/\\\/www.chateaulaujac.com\\\/#organization\"},\"potentialAction\":[{\"@type\":\"SearchAction\",\"target\":{\"@type\":\"EntryPoint\",\"urlTemplate\":\"https:\\\/\\\/www.chateaulaujac.com\\\/?s={search_term_string}\"},\"query-input\":{\"@type\":\"PropertyValueSpecification\",\"valueRequired\":true,\"valueName\":\"search_term_string\"}}],\"inLanguage\":\"en-US\"},{\"@type\":\"Organization\",\"@id\":\"https:\\\/\\\/www.chateaulaujac.com\\\/#organization\",\"name\":\"SCEA CHATEAU LAUJAC\",\"url\":\"https:\\\/\\\/www.chateaulaujac.com\\\/\",\"logo\":{\"@type\":\"ImageObject\",\"inLanguage\":\"en-US\",\"@id\":\"https:\\\/\\\/www.chateaulaujac.com\\\/#\\\/schema\\\/logo\\\/image\\\/\",\"url\":\"https:\\\/\\\/www.chateaulaujac.com\\\/wp-content\\\/uploads\\\/2018\\\/01\\\/logo-chateau-laujac.png\",\"contentUrl\":\"https:\\\/\\\/www.chateaulaujac.com\\\/wp-content\\\/uploads\\\/2018\\\/01\\\/logo-chateau-laujac.png\",\"width\":400,\"height\":400,\"caption\":\"SCEA CHATEAU LAUJAC\"},\"image\":{\"@id\":\"https:\\\/\\\/www.chateaulaujac.com\\\/#\\\/schema\\\/logo\\\/image\\\/\"},\"sameAs\":[\"https:\\\/\\\/www.facebook.com\\\/domaineslaujac\",\"https:\\\/\\\/www.instagram.com\\\/chateaulaujac\\\/\"]}]}<\/script>\n<!-- \/ Yoast SEO plugin. -->","yoast_head_json":{"title":"The Cruse Family\u00a0: Bordeaux wine negociants","robots":{"index":"index","follow":"follow","max-snippet":"max-snippet:-1","max-image-preview":"max-image-preview:large","max-video-preview":"max-video-preview:-1"},"canonical":"https:\/\/www.chateaulaujac.com\/en\/the-cruse-family-bordeaux-wine-negociants\/","og_locale":"en_US","og_type":"article","og_title":"The Cruse Family\u00a0: Bordeaux wine negociants","og_description":"The first known member is Hans Cruse (1650-1734) who was a brewer and the rector of Crempe in Denmark. His grandson, Jean-Christian Cruse (1742-1828) had a high position in the Lutheran clergy in Segeberg (Duchy of Holstein), he was invited every year to the Danish court where he dined with the King. In 1819 one [&hellip;]","og_url":"https:\/\/www.chateaulaujac.com\/en\/the-cruse-family-bordeaux-wine-negociants\/","og_site_name":"Vin du M\u00e9doc","article_publisher":"https:\/\/www.facebook.com\/domaineslaujac","article_modified_time":"2016-05-19T10:16:07+00:00","twitter_card":"summary_large_image","twitter_misc":{"Est. reading time":"1 minute"},"schema":{"@context":"https:\/\/schema.org","@graph":[{"@type":"WebPage","@id":"https:\/\/www.chateaulaujac.com\/en\/the-cruse-family-bordeaux-wine-negociants\/","url":"https:\/\/www.chateaulaujac.com\/en\/the-cruse-family-bordeaux-wine-negociants\/","name":"The Cruse Family\u00a0: Bordeaux wine negociants","isPartOf":{"@id":"https:\/\/www.chateaulaujac.com\/#website"},"datePublished":"2016-05-19T10:13:44+00:00","dateModified":"2016-05-19T10:16:07+00:00","breadcrumb":{"@id":"https:\/\/www.chateaulaujac.com\/en\/the-cruse-family-bordeaux-wine-negociants\/#breadcrumb"},"inLanguage":"en-US","potentialAction":[{"@type":"ReadAction","target":["https:\/\/www.chateaulaujac.com\/en\/the-cruse-family-bordeaux-wine-negociants\/"]}]},{"@type":"BreadcrumbList","@id":"https:\/\/www.chateaulaujac.com\/en\/the-cruse-family-bordeaux-wine-negociants\/#breadcrumb","itemListElement":[{"@type":"ListItem","position":1,"name":"Accueil","item":"https:\/\/www.chateaulaujac.com\/en\/"},{"@type":"ListItem","position":2,"name":"The Cruse Family\u00a0: Bordeaux wine negociants"}]},{"@type":"WebSite","@id":"https:\/\/www.chateaulaujac.com\/#website","url":"https:\/\/www.chateaulaujac.com\/","name":"Vin du M\u00e9doc","description":"Le vaste domaine de\u00a0Laujac, au c\u0153ur du M\u00e9doc, s&#039;\u00e9tend sur une superficie totale de 400 hectares dont 75 hectares de vigne.","publisher":{"@id":"https:\/\/www.chateaulaujac.com\/#organization"},"potentialAction":[{"@type":"SearchAction","target":{"@type":"EntryPoint","urlTemplate":"https:\/\/www.chateaulaujac.com\/?s={search_term_string}"},"query-input":{"@type":"PropertyValueSpecification","valueRequired":true,"valueName":"search_term_string"}}],"inLanguage":"en-US"},{"@type":"Organization","@id":"https:\/\/www.chateaulaujac.com\/#organization","name":"SCEA CHATEAU LAUJAC","url":"https:\/\/www.chateaulaujac.com\/","logo":{"@type":"ImageObject","inLanguage":"en-US","@id":"https:\/\/www.chateaulaujac.com\/#\/schema\/logo\/image\/","url":"https:\/\/www.chateaulaujac.com\/wp-content\/uploads\/2018\/01\/logo-chateau-laujac.png","contentUrl":"https:\/\/www.chateaulaujac.com\/wp-content\/uploads\/2018\/01\/logo-chateau-laujac.png","width":400,"height":400,"caption":"SCEA CHATEAU LAUJAC"},"image":{"@id":"https:\/\/www.chateaulaujac.com\/#\/schema\/logo\/image\/"},"sameAs":["https:\/\/www.facebook.com\/domaineslaujac","https:\/\/www.instagram.com\/chateaulaujac\/"]}]}},"_links":{"self":[{"href":"https:\/\/www.chateaulaujac.com\/en\/wp-json\/wp\/v2\/pages\/765","targetHints":{"allow":["GET"]}}],"collection":[{"href":"https:\/\/www.chateaulaujac.com\/en\/wp-json\/wp\/v2\/pages"}],"about":[{"href":"https:\/\/www.chateaulaujac.com\/en\/wp-json\/wp\/v2\/types\/page"}],"author":[{"embeddable":true,"href":"https:\/\/www.chateaulaujac.com\/en\/wp-json\/wp\/v2\/users\/4"}],"replies":[{"embeddable":true,"href":"https:\/\/www.chateaulaujac.com\/en\/wp-json\/wp\/v2\/comments?post=765"}],"version-history":[{"count":2,"href":"https:\/\/www.chateaulaujac.com\/en\/wp-json\/wp\/v2\/pages\/765\/revisions"}],"predecessor-version":[{"id":767,"href":"https:\/\/www.chateaulaujac.com\/en\/wp-json\/wp\/v2\/pages\/765\/revisions\/767"}],"wp:attachment":[{"href":"https:\/\/www.chateaulaujac.com\/en\/wp-json\/wp\/v2\/media?parent=765"}],"curies":[{"name":"wp","href":"https:\/\/api.w.org\/{rel}","templated":true}]}}