{"id":781,"date":"2016-05-19T11:56:29","date_gmt":"2016-05-19T10:56:29","guid":{"rendered":"http:\/\/www.chateaulaujac.com\/en\/?page_id=781"},"modified":"2016-05-19T11:58:07","modified_gmt":"2016-05-19T10:58:07","slug":"the-present-day","status":"publish","type":"page","link":"https:\/\/www.chateaulaujac.com\/en\/the-present-day\/","title":{"rendered":"The present day"},"content":{"rendered":"<p>Due to the \u201cphylloxera invasion\u201d at the beginning of the 20th century, 2 world wars and the terrible frosts of 1956, there were only 8 hectares of vines remaining when Bernard Cruse took over the management of the estate in 1957.<br \/>\nHe undertook the revival of the vineyards, modernization of the technical tools and renovation of the buildings. After 55 vintages, this passionate winemaker transmitted management of the Laujac estate to his daughter Vanessa and his son-in-law, Ren\u00e9-Philippe Duboscq, in 2012. The vineyards now spread over 60 hectares.<br \/>\nThis new generation has made large investments in the vineyards and in the winery in order to raise quality levels and to enable continuation of the vineyard reconstruction while respecting the environment.<br \/>\nTheir goal is to produce the best wines possible and to demonstrate the uniqueness of this terroir.<\/p>\n","protected":false},"excerpt":{"rendered":"<p>Due to the \u201cphylloxera invasion\u201d at the beginning of the 20th century, 2 world wars and the terrible frosts of 1956, there were only 8 hectares of vines remaining when Bernard Cruse took over the management of the estate in 1957. He undertook the revival of the vineyards, modernization of the technical tools and renovation [&hellip;]<\/p>\n","protected":false},"author":4,"featured_media":0,"parent":0,"menu_order":0,"comment_status":"closed","ping_status":"closed","template":"template-fullwidth.php","meta":{"_monsterinsights_skip_tracking":false,"_monsterinsights_sitenote_active":false,"_monsterinsights_sitenote_note":"","_monsterinsights_sitenote_category":0,"footnotes":""},"class_list":["post-781","page","type-page","status-publish","hentry"],"yoast_head":"<!-- This site is optimized with the Yoast SEO plugin v27.4 - https:\/\/yoast.com\/product\/yoast-seo-wordpress\/ -->\n<title>The present day<\/title>\n<meta name=\"robots\" content=\"index, follow, max-snippet:-1, max-image-preview:large, max-video-preview:-1\" \/>\n<link rel=\"canonical\" href=\"https:\/\/www.chateaulaujac.com\/en\/the-present-day\/\" \/>\n<meta property=\"og:locale\" content=\"en_US\" \/>\n<meta property=\"og:type\" content=\"article\" \/>\n<meta property=\"og:title\" content=\"The present day\" \/>\n<meta property=\"og:description\" content=\"Due to the \u201cphylloxera invasion\u201d at the beginning of the 20th century, 2 world wars and the terrible frosts of 1956, there were only 8 hectares of vines remaining when Bernard Cruse took over the management of the estate in 1957. He undertook the revival of the vineyards, modernization of the technical tools and renovation [&hellip;]\" \/>\n<meta property=\"og:url\" content=\"https:\/\/www.chateaulaujac.com\/en\/the-present-day\/\" \/>\n<meta property=\"og:site_name\" content=\"Vin du M\u00e9doc\" \/>\n<meta property=\"article:publisher\" content=\"https:\/\/www.facebook.com\/domaineslaujac\" \/>\n<meta property=\"article:modified_time\" content=\"2016-05-19T10:58:07+00:00\" \/>\n<meta name=\"twitter:card\" content=\"summary_large_image\" \/>\n<meta name=\"twitter:label1\" content=\"Est. reading time\" \/>\n\t<meta name=\"twitter:data1\" content=\"1 minute\" \/>\n<script type=\"application\/ld+json\" class=\"yoast-schema-graph\">{\"@context\":\"https:\\\/\\\/schema.org\",\"@graph\":[{\"@type\":\"WebPage\",\"@id\":\"https:\\\/\\\/www.chateaulaujac.com\\\/en\\\/the-present-day\\\/\",\"url\":\"https:\\\/\\\/www.chateaulaujac.com\\\/en\\\/the-present-day\\\/\",\"name\":\"The present day\",\"isPartOf\":{\"@id\":\"https:\\\/\\\/www.chateaulaujac.com\\\/#website\"},\"datePublished\":\"2016-05-19T10:56:29+00:00\",\"dateModified\":\"2016-05-19T10:58:07+00:00\",\"breadcrumb\":{\"@id\":\"https:\\\/\\\/www.chateaulaujac.com\\\/en\\\/the-present-day\\\/#breadcrumb\"},\"inLanguage\":\"en-US\",\"potentialAction\":[{\"@type\":\"ReadAction\",\"target\":[\"https:\\\/\\\/www.chateaulaujac.com\\\/en\\\/the-present-day\\\/\"]}]},{\"@type\":\"BreadcrumbList\",\"@id\":\"https:\\\/\\\/www.chateaulaujac.com\\\/en\\\/the-present-day\\\/#breadcrumb\",\"itemListElement\":[{\"@type\":\"ListItem\",\"position\":1,\"name\":\"Accueil\",\"item\":\"https:\\\/\\\/www.chateaulaujac.com\\\/en\\\/\"},{\"@type\":\"ListItem\",\"position\":2,\"name\":\"The present day\"}]},{\"@type\":\"WebSite\",\"@id\":\"https:\\\/\\\/www.chateaulaujac.com\\\/#website\",\"url\":\"https:\\\/\\\/www.chateaulaujac.com\\\/\",\"name\":\"Vin du M\u00e9doc\",\"description\":\"Le vaste domaine de\u00a0Laujac, au c\u0153ur du M\u00e9doc, s&#039;\u00e9tend sur une superficie totale de 400 hectares dont 75 hectares de vigne.\",\"publisher\":{\"@id\":\"https:\\\/\\\/www.chateaulaujac.com\\\/#organization\"},\"potentialAction\":[{\"@type\":\"SearchAction\",\"target\":{\"@type\":\"EntryPoint\",\"urlTemplate\":\"https:\\\/\\\/www.chateaulaujac.com\\\/?s={search_term_string}\"},\"query-input\":{\"@type\":\"PropertyValueSpecification\",\"valueRequired\":true,\"valueName\":\"search_term_string\"}}],\"inLanguage\":\"en-US\"},{\"@type\":\"Organization\",\"@id\":\"https:\\\/\\\/www.chateaulaujac.com\\\/#organization\",\"name\":\"SCEA CHATEAU LAUJAC\",\"url\":\"https:\\\/\\\/www.chateaulaujac.com\\\/\",\"logo\":{\"@type\":\"ImageObject\",\"inLanguage\":\"en-US\",\"@id\":\"https:\\\/\\\/www.chateaulaujac.com\\\/#\\\/schema\\\/logo\\\/image\\\/\",\"url\":\"https:\\\/\\\/www.chateaulaujac.com\\\/wp-content\\\/uploads\\\/2018\\\/01\\\/logo-chateau-laujac.png\",\"contentUrl\":\"https:\\\/\\\/www.chateaulaujac.com\\\/wp-content\\\/uploads\\\/2018\\\/01\\\/logo-chateau-laujac.png\",\"width\":400,\"height\":400,\"caption\":\"SCEA CHATEAU LAUJAC\"},\"image\":{\"@id\":\"https:\\\/\\\/www.chateaulaujac.com\\\/#\\\/schema\\\/logo\\\/image\\\/\"},\"sameAs\":[\"https:\\\/\\\/www.facebook.com\\\/domaineslaujac\",\"https:\\\/\\\/www.instagram.com\\\/chateaulaujac\\\/\"]}]}<\/script>\n<!-- \/ Yoast SEO plugin. -->","yoast_head_json":{"title":"The present day","robots":{"index":"index","follow":"follow","max-snippet":"max-snippet:-1","max-image-preview":"max-image-preview:large","max-video-preview":"max-video-preview:-1"},"canonical":"https:\/\/www.chateaulaujac.com\/en\/the-present-day\/","og_locale":"en_US","og_type":"article","og_title":"The present day","og_description":"Due to the \u201cphylloxera invasion\u201d at the beginning of the 20th century, 2 world wars and the terrible frosts of 1956, there were only 8 hectares of vines remaining when Bernard Cruse took over the management of the estate in 1957. He undertook the revival of the vineyards, modernization of the technical tools and renovation [&hellip;]","og_url":"https:\/\/www.chateaulaujac.com\/en\/the-present-day\/","og_site_name":"Vin du M\u00e9doc","article_publisher":"https:\/\/www.facebook.com\/domaineslaujac","article_modified_time":"2016-05-19T10:58:07+00:00","twitter_card":"summary_large_image","twitter_misc":{"Est. reading time":"1 minute"},"schema":{"@context":"https:\/\/schema.org","@graph":[{"@type":"WebPage","@id":"https:\/\/www.chateaulaujac.com\/en\/the-present-day\/","url":"https:\/\/www.chateaulaujac.com\/en\/the-present-day\/","name":"The present day","isPartOf":{"@id":"https:\/\/www.chateaulaujac.com\/#website"},"datePublished":"2016-05-19T10:56:29+00:00","dateModified":"2016-05-19T10:58:07+00:00","breadcrumb":{"@id":"https:\/\/www.chateaulaujac.com\/en\/the-present-day\/#breadcrumb"},"inLanguage":"en-US","potentialAction":[{"@type":"ReadAction","target":["https:\/\/www.chateaulaujac.com\/en\/the-present-day\/"]}]},{"@type":"BreadcrumbList","@id":"https:\/\/www.chateaulaujac.com\/en\/the-present-day\/#breadcrumb","itemListElement":[{"@type":"ListItem","position":1,"name":"Accueil","item":"https:\/\/www.chateaulaujac.com\/en\/"},{"@type":"ListItem","position":2,"name":"The present day"}]},{"@type":"WebSite","@id":"https:\/\/www.chateaulaujac.com\/#website","url":"https:\/\/www.chateaulaujac.com\/","name":"Vin du M\u00e9doc","description":"Le vaste domaine de\u00a0Laujac, au c\u0153ur du M\u00e9doc, s&#039;\u00e9tend sur une superficie totale de 400 hectares dont 75 hectares de vigne.","publisher":{"@id":"https:\/\/www.chateaulaujac.com\/#organization"},"potentialAction":[{"@type":"SearchAction","target":{"@type":"EntryPoint","urlTemplate":"https:\/\/www.chateaulaujac.com\/?s={search_term_string}"},"query-input":{"@type":"PropertyValueSpecification","valueRequired":true,"valueName":"search_term_string"}}],"inLanguage":"en-US"},{"@type":"Organization","@id":"https:\/\/www.chateaulaujac.com\/#organization","name":"SCEA CHATEAU LAUJAC","url":"https:\/\/www.chateaulaujac.com\/","logo":{"@type":"ImageObject","inLanguage":"en-US","@id":"https:\/\/www.chateaulaujac.com\/#\/schema\/logo\/image\/","url":"https:\/\/www.chateaulaujac.com\/wp-content\/uploads\/2018\/01\/logo-chateau-laujac.png","contentUrl":"https:\/\/www.chateaulaujac.com\/wp-content\/uploads\/2018\/01\/logo-chateau-laujac.png","width":400,"height":400,"caption":"SCEA CHATEAU LAUJAC"},"image":{"@id":"https:\/\/www.chateaulaujac.com\/#\/schema\/logo\/image\/"},"sameAs":["https:\/\/www.facebook.com\/domaineslaujac","https:\/\/www.instagram.com\/chateaulaujac\/"]}]}},"_links":{"self":[{"href":"https:\/\/www.chateaulaujac.com\/en\/wp-json\/wp\/v2\/pages\/781","targetHints":{"allow":["GET"]}}],"collection":[{"href":"https:\/\/www.chateaulaujac.com\/en\/wp-json\/wp\/v2\/pages"}],"about":[{"href":"https:\/\/www.chateaulaujac.com\/en\/wp-json\/wp\/v2\/types\/page"}],"author":[{"embeddable":true,"href":"https:\/\/www.chateaulaujac.com\/en\/wp-json\/wp\/v2\/users\/4"}],"replies":[{"embeddable":true,"href":"https:\/\/www.chateaulaujac.com\/en\/wp-json\/wp\/v2\/comments?post=781"}],"version-history":[{"count":3,"href":"https:\/\/www.chateaulaujac.com\/en\/wp-json\/wp\/v2\/pages\/781\/revisions"}],"predecessor-version":[{"id":784,"href":"https:\/\/www.chateaulaujac.com\/en\/wp-json\/wp\/v2\/pages\/781\/revisions\/784"}],"wp:attachment":[{"href":"https:\/\/www.chateaulaujac.com\/en\/wp-json\/wp\/v2\/media?parent=781"}],"curies":[{"name":"wp","href":"https:\/\/api.w.org\/{rel}","templated":true}]}}