{"id":788,"date":"2016-05-19T14:13:26","date_gmt":"2016-05-19T13:13:26","guid":{"rendered":"http:\/\/www.chateaulaujac.com\/en\/?page_id=788"},"modified":"2016-05-19T14:15:33","modified_gmt":"2016-05-19T13:15:33","slug":"the-laujac-terroir","status":"publish","type":"page","link":"https:\/\/www.chateaulaujac.com\/en\/the-laujac-terroir\/","title":{"rendered":"The Laujac terroir"},"content":{"rendered":"<p>Laujac wines are created by assembling wines produced from different geological formations.<\/p>\n<p>Limestone clays from the Tertiary era nourish Merlot grapes allowing especially good expression on these relatively heavy soils. The resulting wines are full, generous, and very concentrated.<\/p>\n<p>The second part of the Laujac soil consists of Pliocene-Quaternary formations and is characterized by fine gravels. Cabernet Sauvignon reigns supreme on these well-draining soils although we also find Petit Verdot. This is the oldest part of the vineyard and produces very fine, complex wines.<\/p>\n<div class=\"coupe-geologique\">\n<a class=\"hs-rsp-popup\" href=\"http:\/\/www.chateaulaujac.com\/wp-content\/uploads\/2016\/03\/coupe-geologique-rapport-sols-Laujac-de-pierre-becheler-2012.jpg\" title=\"Geological cross-section from a Laujac soil study by Pierre Becheler in 2012\"><img decoding=\"async\" src=\"http:\/\/www.chateaulaujac.com\/wp-content\/uploads\/2016\/03\/coupe-geologique-rapport-sols-Laujac-de-pierre-becheler-2012.jpg\" alt=\"Coupe g\u00e9ologique issue du rapport de sols de Laujac de Pierre Becheler, 2012.\"\/><\/a><br \/>\n<span style=\"font-size:10px;\">Geological cross-section from a Laujac soil study by Pierre Becheler in 2012.<\/span>\n<\/div>\n<p>Cabernet Sauvignon is the dominant grape variety of Laujac, giving a wine full of finesse and a bouquet with substantial keeping power. Perfectly at home on gravelly soils, Cabernet Sauvignon endows the Laujac wines with remarkable structure.<\/p>\n<p>Merlot thrives on gravel and chalky-clay soils. With its fruity, tasty character it brings fullness to the wines of Laujac.<\/p>\n<p>The sweet violet fragrance of Petit Verdot mingles &#8211; in small quantities &#8211; with the blend to add finishing touches to the charismatic complexity of Laujac wines.<\/p>\n","protected":false},"excerpt":{"rendered":"<p>Laujac wines are created by assembling wines produced from different geological formations. Limestone clays from the Tertiary era nourish Merlot grapes allowing especially good expression on these relatively heavy soils. The resulting wines are full, generous, and very concentrated. The second part of the Laujac soil consists of Pliocene-Quaternary formations and is characterized by fine [&hellip;]<\/p>\n","protected":false},"author":4,"featured_media":0,"parent":0,"menu_order":0,"comment_status":"closed","ping_status":"closed","template":"template-fullwidth.php","meta":{"_monsterinsights_skip_tracking":false,"_monsterinsights_sitenote_active":false,"_monsterinsights_sitenote_note":"","_monsterinsights_sitenote_category":0,"footnotes":""},"class_list":["post-788","page","type-page","status-publish","hentry"],"yoast_head":"<!-- This site is optimized with the Yoast SEO plugin v27.4 - https:\/\/yoast.com\/product\/yoast-seo-wordpress\/ -->\n<title>The Laujac terroir<\/title>\n<meta name=\"robots\" content=\"index, follow, max-snippet:-1, max-image-preview:large, max-video-preview:-1\" \/>\n<link rel=\"canonical\" href=\"https:\/\/www.chateaulaujac.com\/en\/the-laujac-terroir\/\" \/>\n<meta property=\"og:locale\" content=\"en_US\" \/>\n<meta property=\"og:type\" content=\"article\" \/>\n<meta property=\"og:title\" content=\"The Laujac terroir\" \/>\n<meta property=\"og:description\" content=\"Laujac wines are created by assembling wines produced from different geological formations. Limestone clays from the Tertiary era nourish Merlot grapes allowing especially good expression on these relatively heavy soils. The resulting wines are full, generous, and very concentrated. The second part of the Laujac soil consists of Pliocene-Quaternary formations and is characterized by fine [&hellip;]\" \/>\n<meta property=\"og:url\" content=\"https:\/\/www.chateaulaujac.com\/en\/the-laujac-terroir\/\" \/>\n<meta property=\"og:site_name\" content=\"Vin du M\u00e9doc\" \/>\n<meta property=\"article:publisher\" content=\"https:\/\/www.facebook.com\/domaineslaujac\" \/>\n<meta property=\"article:modified_time\" content=\"2016-05-19T13:15:33+00:00\" \/>\n<meta property=\"og:image\" content=\"http:\/\/www.chateaulaujac.com\/wp-content\/uploads\/2016\/03\/coupe-geologique-rapport-sols-Laujac-de-pierre-becheler-2012.jpg\" \/>\n<meta name=\"twitter:card\" content=\"summary_large_image\" \/>\n<meta name=\"twitter:label1\" content=\"Est. reading time\" \/>\n\t<meta name=\"twitter:data1\" content=\"1 minute\" \/>\n<script type=\"application\/ld+json\" class=\"yoast-schema-graph\">{\"@context\":\"https:\\\/\\\/schema.org\",\"@graph\":[{\"@type\":\"WebPage\",\"@id\":\"https:\\\/\\\/www.chateaulaujac.com\\\/en\\\/the-laujac-terroir\\\/\",\"url\":\"https:\\\/\\\/www.chateaulaujac.com\\\/en\\\/the-laujac-terroir\\\/\",\"name\":\"The Laujac terroir\",\"isPartOf\":{\"@id\":\"https:\\\/\\\/www.chateaulaujac.com\\\/#website\"},\"primaryImageOfPage\":{\"@id\":\"https:\\\/\\\/www.chateaulaujac.com\\\/en\\\/the-laujac-terroir\\\/#primaryimage\"},\"image\":{\"@id\":\"https:\\\/\\\/www.chateaulaujac.com\\\/en\\\/the-laujac-terroir\\\/#primaryimage\"},\"thumbnailUrl\":\"http:\\\/\\\/www.chateaulaujac.com\\\/wp-content\\\/uploads\\\/2016\\\/03\\\/coupe-geologique-rapport-sols-Laujac-de-pierre-becheler-2012.jpg\",\"datePublished\":\"2016-05-19T13:13:26+00:00\",\"dateModified\":\"2016-05-19T13:15:33+00:00\",\"breadcrumb\":{\"@id\":\"https:\\\/\\\/www.chateaulaujac.com\\\/en\\\/the-laujac-terroir\\\/#breadcrumb\"},\"inLanguage\":\"en-US\",\"potentialAction\":[{\"@type\":\"ReadAction\",\"target\":[\"https:\\\/\\\/www.chateaulaujac.com\\\/en\\\/the-laujac-terroir\\\/\"]}]},{\"@type\":\"ImageObject\",\"inLanguage\":\"en-US\",\"@id\":\"https:\\\/\\\/www.chateaulaujac.com\\\/en\\\/the-laujac-terroir\\\/#primaryimage\",\"url\":\"http:\\\/\\\/www.chateaulaujac.com\\\/wp-content\\\/uploads\\\/2016\\\/03\\\/coupe-geologique-rapport-sols-Laujac-de-pierre-becheler-2012.jpg\",\"contentUrl\":\"http:\\\/\\\/www.chateaulaujac.com\\\/wp-content\\\/uploads\\\/2016\\\/03\\\/coupe-geologique-rapport-sols-Laujac-de-pierre-becheler-2012.jpg\"},{\"@type\":\"BreadcrumbList\",\"@id\":\"https:\\\/\\\/www.chateaulaujac.com\\\/en\\\/the-laujac-terroir\\\/#breadcrumb\",\"itemListElement\":[{\"@type\":\"ListItem\",\"position\":1,\"name\":\"Accueil\",\"item\":\"https:\\\/\\\/www.chateaulaujac.com\\\/en\\\/\"},{\"@type\":\"ListItem\",\"position\":2,\"name\":\"The Laujac terroir\"}]},{\"@type\":\"WebSite\",\"@id\":\"https:\\\/\\\/www.chateaulaujac.com\\\/#website\",\"url\":\"https:\\\/\\\/www.chateaulaujac.com\\\/\",\"name\":\"Vin du M\u00e9doc\",\"description\":\"Le vaste domaine de\u00a0Laujac, au c\u0153ur du M\u00e9doc, s&#039;\u00e9tend sur une superficie totale de 400 hectares dont 75 hectares de vigne.\",\"publisher\":{\"@id\":\"https:\\\/\\\/www.chateaulaujac.com\\\/#organization\"},\"potentialAction\":[{\"@type\":\"SearchAction\",\"target\":{\"@type\":\"EntryPoint\",\"urlTemplate\":\"https:\\\/\\\/www.chateaulaujac.com\\\/?s={search_term_string}\"},\"query-input\":{\"@type\":\"PropertyValueSpecification\",\"valueRequired\":true,\"valueName\":\"search_term_string\"}}],\"inLanguage\":\"en-US\"},{\"@type\":\"Organization\",\"@id\":\"https:\\\/\\\/www.chateaulaujac.com\\\/#organization\",\"name\":\"SCEA CHATEAU LAUJAC\",\"url\":\"https:\\\/\\\/www.chateaulaujac.com\\\/\",\"logo\":{\"@type\":\"ImageObject\",\"inLanguage\":\"en-US\",\"@id\":\"https:\\\/\\\/www.chateaulaujac.com\\\/#\\\/schema\\\/logo\\\/image\\\/\",\"url\":\"https:\\\/\\\/www.chateaulaujac.com\\\/wp-content\\\/uploads\\\/2018\\\/01\\\/logo-chateau-laujac.png\",\"contentUrl\":\"https:\\\/\\\/www.chateaulaujac.com\\\/wp-content\\\/uploads\\\/2018\\\/01\\\/logo-chateau-laujac.png\",\"width\":400,\"height\":400,\"caption\":\"SCEA CHATEAU LAUJAC\"},\"image\":{\"@id\":\"https:\\\/\\\/www.chateaulaujac.com\\\/#\\\/schema\\\/logo\\\/image\\\/\"},\"sameAs\":[\"https:\\\/\\\/www.facebook.com\\\/domaineslaujac\",\"https:\\\/\\\/www.instagram.com\\\/chateaulaujac\\\/\"]}]}<\/script>\n<!-- \/ Yoast SEO plugin. -->","yoast_head_json":{"title":"The Laujac terroir","robots":{"index":"index","follow":"follow","max-snippet":"max-snippet:-1","max-image-preview":"max-image-preview:large","max-video-preview":"max-video-preview:-1"},"canonical":"https:\/\/www.chateaulaujac.com\/en\/the-laujac-terroir\/","og_locale":"en_US","og_type":"article","og_title":"The Laujac terroir","og_description":"Laujac wines are created by assembling wines produced from different geological formations. Limestone clays from the Tertiary era nourish Merlot grapes allowing especially good expression on these relatively heavy soils. The resulting wines are full, generous, and very concentrated. The second part of the Laujac soil consists of Pliocene-Quaternary formations and is characterized by fine [&hellip;]","og_url":"https:\/\/www.chateaulaujac.com\/en\/the-laujac-terroir\/","og_site_name":"Vin du M\u00e9doc","article_publisher":"https:\/\/www.facebook.com\/domaineslaujac","article_modified_time":"2016-05-19T13:15:33+00:00","og_image":[{"url":"http:\/\/www.chateaulaujac.com\/wp-content\/uploads\/2016\/03\/coupe-geologique-rapport-sols-Laujac-de-pierre-becheler-2012.jpg","type":"","width":"","height":""}],"twitter_card":"summary_large_image","twitter_misc":{"Est. reading time":"1 minute"},"schema":{"@context":"https:\/\/schema.org","@graph":[{"@type":"WebPage","@id":"https:\/\/www.chateaulaujac.com\/en\/the-laujac-terroir\/","url":"https:\/\/www.chateaulaujac.com\/en\/the-laujac-terroir\/","name":"The Laujac terroir","isPartOf":{"@id":"https:\/\/www.chateaulaujac.com\/#website"},"primaryImageOfPage":{"@id":"https:\/\/www.chateaulaujac.com\/en\/the-laujac-terroir\/#primaryimage"},"image":{"@id":"https:\/\/www.chateaulaujac.com\/en\/the-laujac-terroir\/#primaryimage"},"thumbnailUrl":"http:\/\/www.chateaulaujac.com\/wp-content\/uploads\/2016\/03\/coupe-geologique-rapport-sols-Laujac-de-pierre-becheler-2012.jpg","datePublished":"2016-05-19T13:13:26+00:00","dateModified":"2016-05-19T13:15:33+00:00","breadcrumb":{"@id":"https:\/\/www.chateaulaujac.com\/en\/the-laujac-terroir\/#breadcrumb"},"inLanguage":"en-US","potentialAction":[{"@type":"ReadAction","target":["https:\/\/www.chateaulaujac.com\/en\/the-laujac-terroir\/"]}]},{"@type":"ImageObject","inLanguage":"en-US","@id":"https:\/\/www.chateaulaujac.com\/en\/the-laujac-terroir\/#primaryimage","url":"http:\/\/www.chateaulaujac.com\/wp-content\/uploads\/2016\/03\/coupe-geologique-rapport-sols-Laujac-de-pierre-becheler-2012.jpg","contentUrl":"http:\/\/www.chateaulaujac.com\/wp-content\/uploads\/2016\/03\/coupe-geologique-rapport-sols-Laujac-de-pierre-becheler-2012.jpg"},{"@type":"BreadcrumbList","@id":"https:\/\/www.chateaulaujac.com\/en\/the-laujac-terroir\/#breadcrumb","itemListElement":[{"@type":"ListItem","position":1,"name":"Accueil","item":"https:\/\/www.chateaulaujac.com\/en\/"},{"@type":"ListItem","position":2,"name":"The Laujac terroir"}]},{"@type":"WebSite","@id":"https:\/\/www.chateaulaujac.com\/#website","url":"https:\/\/www.chateaulaujac.com\/","name":"Vin du M\u00e9doc","description":"Le vaste domaine de\u00a0Laujac, au c\u0153ur du M\u00e9doc, s&#039;\u00e9tend sur une superficie totale de 400 hectares dont 75 hectares de vigne.","publisher":{"@id":"https:\/\/www.chateaulaujac.com\/#organization"},"potentialAction":[{"@type":"SearchAction","target":{"@type":"EntryPoint","urlTemplate":"https:\/\/www.chateaulaujac.com\/?s={search_term_string}"},"query-input":{"@type":"PropertyValueSpecification","valueRequired":true,"valueName":"search_term_string"}}],"inLanguage":"en-US"},{"@type":"Organization","@id":"https:\/\/www.chateaulaujac.com\/#organization","name":"SCEA CHATEAU LAUJAC","url":"https:\/\/www.chateaulaujac.com\/","logo":{"@type":"ImageObject","inLanguage":"en-US","@id":"https:\/\/www.chateaulaujac.com\/#\/schema\/logo\/image\/","url":"https:\/\/www.chateaulaujac.com\/wp-content\/uploads\/2018\/01\/logo-chateau-laujac.png","contentUrl":"https:\/\/www.chateaulaujac.com\/wp-content\/uploads\/2018\/01\/logo-chateau-laujac.png","width":400,"height":400,"caption":"SCEA CHATEAU LAUJAC"},"image":{"@id":"https:\/\/www.chateaulaujac.com\/#\/schema\/logo\/image\/"},"sameAs":["https:\/\/www.facebook.com\/domaineslaujac","https:\/\/www.instagram.com\/chateaulaujac\/"]}]}},"_links":{"self":[{"href":"https:\/\/www.chateaulaujac.com\/en\/wp-json\/wp\/v2\/pages\/788","targetHints":{"allow":["GET"]}}],"collection":[{"href":"https:\/\/www.chateaulaujac.com\/en\/wp-json\/wp\/v2\/pages"}],"about":[{"href":"https:\/\/www.chateaulaujac.com\/en\/wp-json\/wp\/v2\/types\/page"}],"author":[{"embeddable":true,"href":"https:\/\/www.chateaulaujac.com\/en\/wp-json\/wp\/v2\/users\/4"}],"replies":[{"embeddable":true,"href":"https:\/\/www.chateaulaujac.com\/en\/wp-json\/wp\/v2\/comments?post=788"}],"version-history":[{"count":2,"href":"https:\/\/www.chateaulaujac.com\/en\/wp-json\/wp\/v2\/pages\/788\/revisions"}],"predecessor-version":[{"id":790,"href":"https:\/\/www.chateaulaujac.com\/en\/wp-json\/wp\/v2\/pages\/788\/revisions\/790"}],"wp:attachment":[{"href":"https:\/\/www.chateaulaujac.com\/en\/wp-json\/wp\/v2\/media?parent=788"}],"curies":[{"name":"wp","href":"https:\/\/api.w.org\/{rel}","templated":true}]}}