{"id":807,"date":"2016-05-19T14:59:48","date_gmt":"2016-05-19T13:59:48","guid":{"rendered":"http:\/\/www.chateaulaujac.com\/en\/?page_id=807"},"modified":"2016-05-19T14:59:48","modified_gmt":"2016-05-19T13:59:48","slug":"in-the-winery","status":"publish","type":"page","link":"https:\/\/www.chateaulaujac.com\/en\/in-the-winery\/","title":{"rendered":"In the winery"},"content":{"rendered":"<p>After rigorous upkeep throughout the summer, the grapes are picked when ripe. It&#8217;s harvest time\u2026Les Vendanges<\/p>\n<p>The grapes are de-stemmed, sorted and put into temperature-controlled vats where they are vinified according to the plots and vineyards they come from.<\/p>\n<p>After alcoholic fermentation the fruit remains to macerate in the vats for a period of 3 to 4 weeks. The wines are tasted daily with our oenologist, in order to find the optimum moment to draw off the wine and send the pulp and skins to our vertical presses.<\/p>\n<p>Maturing in French oak barrels lasts 12 months, during which time the wines are racked once or twice.<\/p>\n<p>Then they undergo assembly and fining before being bottled at the Chateau.<\/p>\n<p>Our wines are elaborated in order to maintain the flavour of ripe fruit throughout their development. Aging in oak barrels perfects the structure and balance.<\/p>\n<p>The maturing process is adapted to each of our wines and will give them aptitude to age and become more refined as time goes by.<\/p>\n","protected":false},"excerpt":{"rendered":"<p>After rigorous upkeep throughout the summer, the grapes are picked when ripe. It&#8217;s harvest time\u2026Les Vendanges The grapes are de-stemmed, sorted and put into temperature-controlled vats where they are vinified according to the plots and vineyards they come from. After alcoholic fermentation the fruit remains to macerate in the vats for a period of 3 [&hellip;]<\/p>\n","protected":false},"author":4,"featured_media":0,"parent":0,"menu_order":0,"comment_status":"closed","ping_status":"closed","template":"template-fullwidth.php","meta":{"_monsterinsights_skip_tracking":false,"_monsterinsights_sitenote_active":false,"_monsterinsights_sitenote_note":"","_monsterinsights_sitenote_category":0,"footnotes":""},"class_list":["post-807","page","type-page","status-publish","hentry"],"yoast_head":"<!-- This site is optimized with the Yoast SEO plugin v27.4 - https:\/\/yoast.com\/product\/yoast-seo-wordpress\/ -->\n<title>In the winery<\/title>\n<meta name=\"robots\" content=\"index, follow, max-snippet:-1, max-image-preview:large, max-video-preview:-1\" \/>\n<link rel=\"canonical\" href=\"https:\/\/www.chateaulaujac.com\/en\/in-the-winery\/\" \/>\n<meta property=\"og:locale\" content=\"en_US\" \/>\n<meta property=\"og:type\" content=\"article\" \/>\n<meta property=\"og:title\" content=\"In the winery\" \/>\n<meta property=\"og:description\" content=\"After rigorous upkeep throughout the summer, the grapes are picked when ripe. It&#8217;s harvest time\u2026Les Vendanges The grapes are de-stemmed, sorted and put into temperature-controlled vats where they are vinified according to the plots and vineyards they come from. After alcoholic fermentation the fruit remains to macerate in the vats for a period of 3 [&hellip;]\" \/>\n<meta property=\"og:url\" content=\"https:\/\/www.chateaulaujac.com\/en\/in-the-winery\/\" \/>\n<meta property=\"og:site_name\" content=\"Vin du M\u00e9doc\" \/>\n<meta property=\"article:publisher\" content=\"https:\/\/www.facebook.com\/domaineslaujac\" \/>\n<meta name=\"twitter:card\" content=\"summary_large_image\" \/>\n<meta name=\"twitter:label1\" content=\"Est. reading time\" \/>\n\t<meta name=\"twitter:data1\" content=\"1 minute\" \/>\n<script type=\"application\/ld+json\" class=\"yoast-schema-graph\">{\"@context\":\"https:\\\/\\\/schema.org\",\"@graph\":[{\"@type\":\"WebPage\",\"@id\":\"https:\\\/\\\/www.chateaulaujac.com\\\/en\\\/in-the-winery\\\/\",\"url\":\"https:\\\/\\\/www.chateaulaujac.com\\\/en\\\/in-the-winery\\\/\",\"name\":\"In the winery\",\"isPartOf\":{\"@id\":\"https:\\\/\\\/www.chateaulaujac.com\\\/#website\"},\"datePublished\":\"2016-05-19T13:59:48+00:00\",\"breadcrumb\":{\"@id\":\"https:\\\/\\\/www.chateaulaujac.com\\\/en\\\/in-the-winery\\\/#breadcrumb\"},\"inLanguage\":\"en-US\",\"potentialAction\":[{\"@type\":\"ReadAction\",\"target\":[\"https:\\\/\\\/www.chateaulaujac.com\\\/en\\\/in-the-winery\\\/\"]}]},{\"@type\":\"BreadcrumbList\",\"@id\":\"https:\\\/\\\/www.chateaulaujac.com\\\/en\\\/in-the-winery\\\/#breadcrumb\",\"itemListElement\":[{\"@type\":\"ListItem\",\"position\":1,\"name\":\"Accueil\",\"item\":\"https:\\\/\\\/www.chateaulaujac.com\\\/en\\\/\"},{\"@type\":\"ListItem\",\"position\":2,\"name\":\"In the winery\"}]},{\"@type\":\"WebSite\",\"@id\":\"https:\\\/\\\/www.chateaulaujac.com\\\/#website\",\"url\":\"https:\\\/\\\/www.chateaulaujac.com\\\/\",\"name\":\"Vin du M\u00e9doc\",\"description\":\"Le vaste domaine de\u00a0Laujac, au c\u0153ur du M\u00e9doc, s&#039;\u00e9tend sur une superficie totale de 400 hectares dont 75 hectares de vigne.\",\"publisher\":{\"@id\":\"https:\\\/\\\/www.chateaulaujac.com\\\/#organization\"},\"potentialAction\":[{\"@type\":\"SearchAction\",\"target\":{\"@type\":\"EntryPoint\",\"urlTemplate\":\"https:\\\/\\\/www.chateaulaujac.com\\\/?s={search_term_string}\"},\"query-input\":{\"@type\":\"PropertyValueSpecification\",\"valueRequired\":true,\"valueName\":\"search_term_string\"}}],\"inLanguage\":\"en-US\"},{\"@type\":\"Organization\",\"@id\":\"https:\\\/\\\/www.chateaulaujac.com\\\/#organization\",\"name\":\"SCEA CHATEAU LAUJAC\",\"url\":\"https:\\\/\\\/www.chateaulaujac.com\\\/\",\"logo\":{\"@type\":\"ImageObject\",\"inLanguage\":\"en-US\",\"@id\":\"https:\\\/\\\/www.chateaulaujac.com\\\/#\\\/schema\\\/logo\\\/image\\\/\",\"url\":\"https:\\\/\\\/www.chateaulaujac.com\\\/wp-content\\\/uploads\\\/2018\\\/01\\\/logo-chateau-laujac.png\",\"contentUrl\":\"https:\\\/\\\/www.chateaulaujac.com\\\/wp-content\\\/uploads\\\/2018\\\/01\\\/logo-chateau-laujac.png\",\"width\":400,\"height\":400,\"caption\":\"SCEA CHATEAU LAUJAC\"},\"image\":{\"@id\":\"https:\\\/\\\/www.chateaulaujac.com\\\/#\\\/schema\\\/logo\\\/image\\\/\"},\"sameAs\":[\"https:\\\/\\\/www.facebook.com\\\/domaineslaujac\",\"https:\\\/\\\/www.instagram.com\\\/chateaulaujac\\\/\"]}]}<\/script>\n<!-- \/ Yoast SEO plugin. -->","yoast_head_json":{"title":"In the winery","robots":{"index":"index","follow":"follow","max-snippet":"max-snippet:-1","max-image-preview":"max-image-preview:large","max-video-preview":"max-video-preview:-1"},"canonical":"https:\/\/www.chateaulaujac.com\/en\/in-the-winery\/","og_locale":"en_US","og_type":"article","og_title":"In the winery","og_description":"After rigorous upkeep throughout the summer, the grapes are picked when ripe. It&#8217;s harvest time\u2026Les Vendanges The grapes are de-stemmed, sorted and put into temperature-controlled vats where they are vinified according to the plots and vineyards they come from. After alcoholic fermentation the fruit remains to macerate in the vats for a period of 3 [&hellip;]","og_url":"https:\/\/www.chateaulaujac.com\/en\/in-the-winery\/","og_site_name":"Vin du M\u00e9doc","article_publisher":"https:\/\/www.facebook.com\/domaineslaujac","twitter_card":"summary_large_image","twitter_misc":{"Est. reading time":"1 minute"},"schema":{"@context":"https:\/\/schema.org","@graph":[{"@type":"WebPage","@id":"https:\/\/www.chateaulaujac.com\/en\/in-the-winery\/","url":"https:\/\/www.chateaulaujac.com\/en\/in-the-winery\/","name":"In the winery","isPartOf":{"@id":"https:\/\/www.chateaulaujac.com\/#website"},"datePublished":"2016-05-19T13:59:48+00:00","breadcrumb":{"@id":"https:\/\/www.chateaulaujac.com\/en\/in-the-winery\/#breadcrumb"},"inLanguage":"en-US","potentialAction":[{"@type":"ReadAction","target":["https:\/\/www.chateaulaujac.com\/en\/in-the-winery\/"]}]},{"@type":"BreadcrumbList","@id":"https:\/\/www.chateaulaujac.com\/en\/in-the-winery\/#breadcrumb","itemListElement":[{"@type":"ListItem","position":1,"name":"Accueil","item":"https:\/\/www.chateaulaujac.com\/en\/"},{"@type":"ListItem","position":2,"name":"In the winery"}]},{"@type":"WebSite","@id":"https:\/\/www.chateaulaujac.com\/#website","url":"https:\/\/www.chateaulaujac.com\/","name":"Vin du M\u00e9doc","description":"Le vaste domaine de\u00a0Laujac, au c\u0153ur du M\u00e9doc, s&#039;\u00e9tend sur une superficie totale de 400 hectares dont 75 hectares de vigne.","publisher":{"@id":"https:\/\/www.chateaulaujac.com\/#organization"},"potentialAction":[{"@type":"SearchAction","target":{"@type":"EntryPoint","urlTemplate":"https:\/\/www.chateaulaujac.com\/?s={search_term_string}"},"query-input":{"@type":"PropertyValueSpecification","valueRequired":true,"valueName":"search_term_string"}}],"inLanguage":"en-US"},{"@type":"Organization","@id":"https:\/\/www.chateaulaujac.com\/#organization","name":"SCEA CHATEAU LAUJAC","url":"https:\/\/www.chateaulaujac.com\/","logo":{"@type":"ImageObject","inLanguage":"en-US","@id":"https:\/\/www.chateaulaujac.com\/#\/schema\/logo\/image\/","url":"https:\/\/www.chateaulaujac.com\/wp-content\/uploads\/2018\/01\/logo-chateau-laujac.png","contentUrl":"https:\/\/www.chateaulaujac.com\/wp-content\/uploads\/2018\/01\/logo-chateau-laujac.png","width":400,"height":400,"caption":"SCEA CHATEAU LAUJAC"},"image":{"@id":"https:\/\/www.chateaulaujac.com\/#\/schema\/logo\/image\/"},"sameAs":["https:\/\/www.facebook.com\/domaineslaujac","https:\/\/www.instagram.com\/chateaulaujac\/"]}]}},"_links":{"self":[{"href":"https:\/\/www.chateaulaujac.com\/en\/wp-json\/wp\/v2\/pages\/807","targetHints":{"allow":["GET"]}}],"collection":[{"href":"https:\/\/www.chateaulaujac.com\/en\/wp-json\/wp\/v2\/pages"}],"about":[{"href":"https:\/\/www.chateaulaujac.com\/en\/wp-json\/wp\/v2\/types\/page"}],"author":[{"embeddable":true,"href":"https:\/\/www.chateaulaujac.com\/en\/wp-json\/wp\/v2\/users\/4"}],"replies":[{"embeddable":true,"href":"https:\/\/www.chateaulaujac.com\/en\/wp-json\/wp\/v2\/comments?post=807"}],"version-history":[{"count":2,"href":"https:\/\/www.chateaulaujac.com\/en\/wp-json\/wp\/v2\/pages\/807\/revisions"}],"predecessor-version":[{"id":809,"href":"https:\/\/www.chateaulaujac.com\/en\/wp-json\/wp\/v2\/pages\/807\/revisions\/809"}],"wp:attachment":[{"href":"https:\/\/www.chateaulaujac.com\/en\/wp-json\/wp\/v2\/media?parent=807"}],"curies":[{"name":"wp","href":"https:\/\/api.w.org\/{rel}","templated":true}]}}