{"id":813,"date":"2016-05-19T15:13:08","date_gmt":"2016-05-19T14:13:08","guid":{"rendered":"http:\/\/www.chateaulaujac.com\/en\/?page_id=813"},"modified":"2026-04-23T09:44:36","modified_gmt":"2026-04-23T08:44:36","slug":"recognition-worldwide","status":"publish","type":"page","link":"https:\/\/www.chateaulaujac.com\/en\/recognition-worldwide\/","title":{"rendered":"Recognition worldwide"},"content":{"rendered":"<p>Laujac wines have been appreciated throughout the world for many years.<\/p>\n<p>They are exported to the United States, Switzerland, Belgium, Germany, China and Japan.<\/p>\n<p>The loyalty of our clientele is our greatest reward.<\/p>\n<p>&nbsp;<\/p>\n<p><strong>A very old relationship with Japan dating back to 1903 and the Meiji era<\/strong><\/p>\n<p><a class=\"hs-rsp-popup\" href=\"https:\/\/www.chateaulaujac.com\/wp-content\/uploads\/2026\/04\/relation-Japonais.jpeg\"><img loading=\"lazy\" decoding=\"async\" class=\"img-1 aligncenter wp-image-1396 size-full\" src=\"https:\/\/www.chateaulaujac.com\/wp-content\/uploads\/2026\/04\/relation-Japonais.jpeg\" alt=\"relation Japonais\" width=\"2048\" height=\"1666\" srcset=\"https:\/\/www.chateaulaujac.com\/wp-content\/uploads\/2026\/04\/relation-Japonais.jpeg 2048w, https:\/\/www.chateaulaujac.com\/wp-content\/uploads\/2026\/04\/relation-Japonais-300x244.jpeg 300w, https:\/\/www.chateaulaujac.com\/wp-content\/uploads\/2026\/04\/relation-Japonais-1024x833.jpeg 1024w, https:\/\/www.chateaulaujac.com\/wp-content\/uploads\/2026\/04\/relation-Japonais-768x625.jpeg 768w, https:\/\/www.chateaulaujac.com\/wp-content\/uploads\/2026\/04\/relation-Japonais-1536x1250.jpeg 1536w, https:\/\/www.chateaulaujac.com\/wp-content\/uploads\/2026\/04\/relation-Japonais-650x529.jpeg 650w, https:\/\/www.chateaulaujac.com\/wp-content\/uploads\/2026\/04\/relation-Japonais-960x781.jpeg 960w, https:\/\/www.chateaulaujac.com\/wp-content\/uploads\/2026\/04\/relation-Japonais-1000x813.jpeg 1000w\" sizes=\"auto, (max-width: 2048px) 100vw, 2048px\" \/><\/a><a class=\"hs-rsp-popup\" href=\"https:\/\/www.chateaulaujac.com\/wp-content\/uploads\/2026\/04\/relation-Japonais-traduction.jpeg\"><img loading=\"lazy\" decoding=\"async\" class=\"img-2 aligncenter wp-image-1393 size-full\" src=\"https:\/\/www.chateaulaujac.com\/wp-content\/uploads\/2026\/04\/relation-Japonais-traduction.jpeg\" alt=\"relation Japonais traduction\" width=\"1024\" height=\"1459\" srcset=\"https:\/\/www.chateaulaujac.com\/wp-content\/uploads\/2026\/04\/relation-Japonais-traduction.jpeg 1024w, https:\/\/www.chateaulaujac.com\/wp-content\/uploads\/2026\/04\/relation-Japonais-traduction-211x300.jpeg 211w, https:\/\/www.chateaulaujac.com\/wp-content\/uploads\/2026\/04\/relation-Japonais-traduction-719x1024.jpeg 719w, https:\/\/www.chateaulaujac.com\/wp-content\/uploads\/2026\/04\/relation-Japonais-traduction-768x1094.jpeg 768w, https:\/\/www.chateaulaujac.com\/wp-content\/uploads\/2026\/04\/relation-Japonais-traduction-650x926.jpeg 650w, https:\/\/www.chateaulaujac.com\/wp-content\/uploads\/2026\/04\/relation-Japonais-traduction-960x1368.jpeg 960w, https:\/\/www.chateaulaujac.com\/wp-content\/uploads\/2026\/04\/relation-Japonais-traduction-1000x1425.jpeg 1000w\" sizes=\"auto, (max-width: 1024px) 100vw, 1024px\" \/><\/a><\/p>\n","protected":false},"excerpt":{"rendered":"<p>Laujac wines have been appreciated throughout the world for many years. They are exported to the United States, Switzerland, Belgium, Germany, China and Japan. The loyalty of our clientele is our greatest reward. &nbsp; A very old relationship with Japan dating back to 1903 and the Meiji era<\/p>\n","protected":false},"author":4,"featured_media":0,"parent":0,"menu_order":0,"comment_status":"closed","ping_status":"closed","template":"template-fullwidth.php","meta":{"_monsterinsights_skip_tracking":false,"_monsterinsights_sitenote_active":false,"_monsterinsights_sitenote_note":"","_monsterinsights_sitenote_category":0,"footnotes":""},"class_list":["post-813","page","type-page","status-publish","hentry"],"yoast_head":"<!-- This site is optimized with the Yoast SEO plugin v27.4 - https:\/\/yoast.com\/product\/yoast-seo-wordpress\/ -->\n<title>Recognition worldwide<\/title>\n<meta name=\"robots\" content=\"index, follow, max-snippet:-1, max-image-preview:large, max-video-preview:-1\" \/>\n<link rel=\"canonical\" href=\"https:\/\/www.chateaulaujac.com\/en\/recognition-worldwide\/\" \/>\n<meta property=\"og:locale\" content=\"en_US\" \/>\n<meta property=\"og:type\" content=\"article\" \/>\n<meta property=\"og:title\" content=\"Recognition worldwide\" \/>\n<meta property=\"og:description\" content=\"Laujac wines have been appreciated throughout the world for many years. They are exported to the United States, Switzerland, Belgium, Germany, China and Japan. The loyalty of our clientele is our greatest reward. &nbsp; A very old relationship with Japan dating back to 1903 and the Meiji era\" \/>\n<meta property=\"og:url\" content=\"https:\/\/www.chateaulaujac.com\/en\/recognition-worldwide\/\" \/>\n<meta property=\"og:site_name\" content=\"Vin du M\u00e9doc\" \/>\n<meta property=\"article:publisher\" content=\"https:\/\/www.facebook.com\/domaineslaujac\" \/>\n<meta property=\"article:modified_time\" content=\"2026-04-23T08:44:36+00:00\" \/>\n<meta property=\"og:image\" content=\"https:\/\/www.chateaulaujac.com\/wp-content\/uploads\/2026\/04\/relation-Japonais.jpeg\" \/>\n\t<meta property=\"og:image:width\" content=\"2048\" \/>\n\t<meta property=\"og:image:height\" content=\"1666\" \/>\n\t<meta property=\"og:image:type\" content=\"image\/jpeg\" \/>\n<meta name=\"twitter:card\" content=\"summary_large_image\" \/>\n<meta name=\"twitter:label1\" content=\"Est. reading time\" \/>\n\t<meta name=\"twitter:data1\" content=\"1 minute\" \/>\n<script type=\"application\/ld+json\" class=\"yoast-schema-graph\">{\"@context\":\"https:\\\/\\\/schema.org\",\"@graph\":[{\"@type\":\"WebPage\",\"@id\":\"https:\\\/\\\/www.chateaulaujac.com\\\/en\\\/recognition-worldwide\\\/\",\"url\":\"https:\\\/\\\/www.chateaulaujac.com\\\/en\\\/recognition-worldwide\\\/\",\"name\":\"Recognition worldwide\",\"isPartOf\":{\"@id\":\"https:\\\/\\\/www.chateaulaujac.com\\\/#website\"},\"primaryImageOfPage\":{\"@id\":\"https:\\\/\\\/www.chateaulaujac.com\\\/en\\\/recognition-worldwide\\\/#primaryimage\"},\"image\":{\"@id\":\"https:\\\/\\\/www.chateaulaujac.com\\\/en\\\/recognition-worldwide\\\/#primaryimage\"},\"thumbnailUrl\":\"https:\\\/\\\/www.chateaulaujac.com\\\/wp-content\\\/uploads\\\/2026\\\/04\\\/relation-Japonais.jpeg\",\"datePublished\":\"2016-05-19T14:13:08+00:00\",\"dateModified\":\"2026-04-23T08:44:36+00:00\",\"breadcrumb\":{\"@id\":\"https:\\\/\\\/www.chateaulaujac.com\\\/en\\\/recognition-worldwide\\\/#breadcrumb\"},\"inLanguage\":\"en-US\",\"potentialAction\":[{\"@type\":\"ReadAction\",\"target\":[\"https:\\\/\\\/www.chateaulaujac.com\\\/en\\\/recognition-worldwide\\\/\"]}]},{\"@type\":\"ImageObject\",\"inLanguage\":\"en-US\",\"@id\":\"https:\\\/\\\/www.chateaulaujac.com\\\/en\\\/recognition-worldwide\\\/#primaryimage\",\"url\":\"https:\\\/\\\/www.chateaulaujac.com\\\/wp-content\\\/uploads\\\/2026\\\/04\\\/relation-Japonais.jpeg\",\"contentUrl\":\"https:\\\/\\\/www.chateaulaujac.com\\\/wp-content\\\/uploads\\\/2026\\\/04\\\/relation-Japonais.jpeg\"},{\"@type\":\"BreadcrumbList\",\"@id\":\"https:\\\/\\\/www.chateaulaujac.com\\\/en\\\/recognition-worldwide\\\/#breadcrumb\",\"itemListElement\":[{\"@type\":\"ListItem\",\"position\":1,\"name\":\"Accueil\",\"item\":\"https:\\\/\\\/www.chateaulaujac.com\\\/en\\\/\"},{\"@type\":\"ListItem\",\"position\":2,\"name\":\"Recognition worldwide\"}]},{\"@type\":\"WebSite\",\"@id\":\"https:\\\/\\\/www.chateaulaujac.com\\\/#website\",\"url\":\"https:\\\/\\\/www.chateaulaujac.com\\\/\",\"name\":\"Vin du M\u00e9doc\",\"description\":\"Le vaste domaine de\u00a0Laujac, au c\u0153ur du M\u00e9doc, s&#039;\u00e9tend sur une superficie totale de 400 hectares dont 75 hectares de vigne.\",\"publisher\":{\"@id\":\"https:\\\/\\\/www.chateaulaujac.com\\\/#organization\"},\"potentialAction\":[{\"@type\":\"SearchAction\",\"target\":{\"@type\":\"EntryPoint\",\"urlTemplate\":\"https:\\\/\\\/www.chateaulaujac.com\\\/?s={search_term_string}\"},\"query-input\":{\"@type\":\"PropertyValueSpecification\",\"valueRequired\":true,\"valueName\":\"search_term_string\"}}],\"inLanguage\":\"en-US\"},{\"@type\":\"Organization\",\"@id\":\"https:\\\/\\\/www.chateaulaujac.com\\\/#organization\",\"name\":\"SCEA CHATEAU LAUJAC\",\"url\":\"https:\\\/\\\/www.chateaulaujac.com\\\/\",\"logo\":{\"@type\":\"ImageObject\",\"inLanguage\":\"en-US\",\"@id\":\"https:\\\/\\\/www.chateaulaujac.com\\\/#\\\/schema\\\/logo\\\/image\\\/\",\"url\":\"https:\\\/\\\/www.chateaulaujac.com\\\/wp-content\\\/uploads\\\/2018\\\/01\\\/logo-chateau-laujac.png\",\"contentUrl\":\"https:\\\/\\\/www.chateaulaujac.com\\\/wp-content\\\/uploads\\\/2018\\\/01\\\/logo-chateau-laujac.png\",\"width\":400,\"height\":400,\"caption\":\"SCEA CHATEAU LAUJAC\"},\"image\":{\"@id\":\"https:\\\/\\\/www.chateaulaujac.com\\\/#\\\/schema\\\/logo\\\/image\\\/\"},\"sameAs\":[\"https:\\\/\\\/www.facebook.com\\\/domaineslaujac\",\"https:\\\/\\\/www.instagram.com\\\/chateaulaujac\\\/\"]}]}<\/script>\n<!-- \/ Yoast SEO plugin. -->","yoast_head_json":{"title":"Recognition worldwide","robots":{"index":"index","follow":"follow","max-snippet":"max-snippet:-1","max-image-preview":"max-image-preview:large","max-video-preview":"max-video-preview:-1"},"canonical":"https:\/\/www.chateaulaujac.com\/en\/recognition-worldwide\/","og_locale":"en_US","og_type":"article","og_title":"Recognition worldwide","og_description":"Laujac wines have been appreciated throughout the world for many years. They are exported to the United States, Switzerland, Belgium, Germany, China and Japan. The loyalty of our clientele is our greatest reward. &nbsp; A very old relationship with Japan dating back to 1903 and the Meiji era","og_url":"https:\/\/www.chateaulaujac.com\/en\/recognition-worldwide\/","og_site_name":"Vin du M\u00e9doc","article_publisher":"https:\/\/www.facebook.com\/domaineslaujac","article_modified_time":"2026-04-23T08:44:36+00:00","og_image":[{"width":2048,"height":1666,"url":"https:\/\/www.chateaulaujac.com\/wp-content\/uploads\/2026\/04\/relation-Japonais.jpeg","type":"image\/jpeg"}],"twitter_card":"summary_large_image","twitter_misc":{"Est. reading time":"1 minute"},"schema":{"@context":"https:\/\/schema.org","@graph":[{"@type":"WebPage","@id":"https:\/\/www.chateaulaujac.com\/en\/recognition-worldwide\/","url":"https:\/\/www.chateaulaujac.com\/en\/recognition-worldwide\/","name":"Recognition worldwide","isPartOf":{"@id":"https:\/\/www.chateaulaujac.com\/#website"},"primaryImageOfPage":{"@id":"https:\/\/www.chateaulaujac.com\/en\/recognition-worldwide\/#primaryimage"},"image":{"@id":"https:\/\/www.chateaulaujac.com\/en\/recognition-worldwide\/#primaryimage"},"thumbnailUrl":"https:\/\/www.chateaulaujac.com\/wp-content\/uploads\/2026\/04\/relation-Japonais.jpeg","datePublished":"2016-05-19T14:13:08+00:00","dateModified":"2026-04-23T08:44:36+00:00","breadcrumb":{"@id":"https:\/\/www.chateaulaujac.com\/en\/recognition-worldwide\/#breadcrumb"},"inLanguage":"en-US","potentialAction":[{"@type":"ReadAction","target":["https:\/\/www.chateaulaujac.com\/en\/recognition-worldwide\/"]}]},{"@type":"ImageObject","inLanguage":"en-US","@id":"https:\/\/www.chateaulaujac.com\/en\/recognition-worldwide\/#primaryimage","url":"https:\/\/www.chateaulaujac.com\/wp-content\/uploads\/2026\/04\/relation-Japonais.jpeg","contentUrl":"https:\/\/www.chateaulaujac.com\/wp-content\/uploads\/2026\/04\/relation-Japonais.jpeg"},{"@type":"BreadcrumbList","@id":"https:\/\/www.chateaulaujac.com\/en\/recognition-worldwide\/#breadcrumb","itemListElement":[{"@type":"ListItem","position":1,"name":"Accueil","item":"https:\/\/www.chateaulaujac.com\/en\/"},{"@type":"ListItem","position":2,"name":"Recognition worldwide"}]},{"@type":"WebSite","@id":"https:\/\/www.chateaulaujac.com\/#website","url":"https:\/\/www.chateaulaujac.com\/","name":"Vin du M\u00e9doc","description":"Le vaste domaine de\u00a0Laujac, au c\u0153ur du M\u00e9doc, s&#039;\u00e9tend sur une superficie totale de 400 hectares dont 75 hectares de vigne.","publisher":{"@id":"https:\/\/www.chateaulaujac.com\/#organization"},"potentialAction":[{"@type":"SearchAction","target":{"@type":"EntryPoint","urlTemplate":"https:\/\/www.chateaulaujac.com\/?s={search_term_string}"},"query-input":{"@type":"PropertyValueSpecification","valueRequired":true,"valueName":"search_term_string"}}],"inLanguage":"en-US"},{"@type":"Organization","@id":"https:\/\/www.chateaulaujac.com\/#organization","name":"SCEA CHATEAU LAUJAC","url":"https:\/\/www.chateaulaujac.com\/","logo":{"@type":"ImageObject","inLanguage":"en-US","@id":"https:\/\/www.chateaulaujac.com\/#\/schema\/logo\/image\/","url":"https:\/\/www.chateaulaujac.com\/wp-content\/uploads\/2018\/01\/logo-chateau-laujac.png","contentUrl":"https:\/\/www.chateaulaujac.com\/wp-content\/uploads\/2018\/01\/logo-chateau-laujac.png","width":400,"height":400,"caption":"SCEA CHATEAU LAUJAC"},"image":{"@id":"https:\/\/www.chateaulaujac.com\/#\/schema\/logo\/image\/"},"sameAs":["https:\/\/www.facebook.com\/domaineslaujac","https:\/\/www.instagram.com\/chateaulaujac\/"]}]}},"_links":{"self":[{"href":"https:\/\/www.chateaulaujac.com\/en\/wp-json\/wp\/v2\/pages\/813","targetHints":{"allow":["GET"]}}],"collection":[{"href":"https:\/\/www.chateaulaujac.com\/en\/wp-json\/wp\/v2\/pages"}],"about":[{"href":"https:\/\/www.chateaulaujac.com\/en\/wp-json\/wp\/v2\/types\/page"}],"author":[{"embeddable":true,"href":"https:\/\/www.chateaulaujac.com\/en\/wp-json\/wp\/v2\/users\/4"}],"replies":[{"embeddable":true,"href":"https:\/\/www.chateaulaujac.com\/en\/wp-json\/wp\/v2\/comments?post=813"}],"version-history":[{"count":3,"href":"https:\/\/www.chateaulaujac.com\/en\/wp-json\/wp\/v2\/pages\/813\/revisions"}],"predecessor-version":[{"id":1414,"href":"https:\/\/www.chateaulaujac.com\/en\/wp-json\/wp\/v2\/pages\/813\/revisions\/1414"}],"wp:attachment":[{"href":"https:\/\/www.chateaulaujac.com\/en\/wp-json\/wp\/v2\/media?parent=813"}],"curies":[{"name":"wp","href":"https:\/\/api.w.org\/{rel}","templated":true}]}}